{"id":1033,"date":"2023-05-15T16:22:59","date_gmt":"2023-05-15T21:22:59","guid":{"rendered":"https:\/\/insuranceprofl.com\/es\/?page_id=1033"},"modified":"2024-02-16T12:24:25","modified_gmt":"2024-02-16T17:24:25","slug":"insurance-pro-es-un-socio-comunitario-certificado-de-access-florida","status":"publish","type":"page","link":"https:\/\/insuranceprofl.com\/es\/insurance-pro-es-un-socio-comunitario-certificado-de-access-florida\/","title":{"rendered":"Insurance Pro Es Un Socio Comunitario Certificado De ACCESS Florida"},"content":{"rendered":"<h2>Nos enorgullecemos de tratar a nuestros clientes como familia, con honestidad e integridad.<\/h2>\n<p><img loading=\"lazy\" decoding=\"async\" src=\"https:\/\/insuranceprofl.com\/es\/wp-content\/uploads\/sites\/2\/2023\/05\/tarjeta-electronica-300x195.png\" alt=\"Centro ACCESS Florida\" width=\"300\" height=\"195\" class=\"alignright size-medium wp-image-989\" \/>Insurance Pro tiene m\u00e1s de diez a\u00f1os de experiencia en la industria de seguros de la Florida y ha sido reconocida como una de las agencias de m\u00e1s r\u00e1pido crecimiento en el mercado hispano de la Florida Central por el alto volumen de clientes satisfechos y el creciente n\u00famero de agentes.<\/p>\n<p>Adem\u00e1s, Insurance Pro es un Centro Aprobado por ACCESS Florida.<\/p>\n<h3>Acerca del programa ACCESS Florida<\/h3>\n<p>La Oficina de Conexi\u00f3n Comunitaria Automatizada para Autosuficiencia Econ\u00f3mica (<a href=\"https:\/\/www.myflorida.com\/accessflorida\/sp\/\" rel=\"noopener\" target=\"_blank\">ACCESS<\/a>) del Departamento de Ni\u00f1os y Familias ayuda a promover comunidades fuertes y econ\u00f3micamente autosuficientes determinando la elegibilidad para asistencia alimentaria, monetaria y m\u00e9dica para individuos y familias en Florida.<\/p>\n<p><strong>Insurance Pro es un centro ACCESS y puede ayudarle con su solicitud tanto en ingl\u00e9s como en espa\u00f1ol.<\/strong><\/p>\n<h3>Solicite informaci\u00f3n sobre las prestaciones que puede recibir<\/h3>\n<p>La solicitud ACCESS es una forma r\u00e1pida y sencilla para que las personas que viven en Florida averig\u00fcen si podr\u00edan obtener:<\/p>\n<ul>\n<li>Ayuda para comprar alimentos<\/li>\n<li>Asistencia sanitaria gratuita o de bajo coste<\/li>\n<li>Ayuda financiera<\/li>\n<li>Ayuda para pagar las cuotas de Medicare<\/li>\n<\/ul>\n<h3>La Tarjeta De Transferencia Electr\u00f3nica De Beneficios<\/h3>\n<p>Una vez que se aprueben sus beneficios de SNAP y\/o TANF, se le enviar\u00e1 su tarjeta EBT recargable a su direcci\u00f3n postal registrada. La tarjeta se enviar\u00e1 en un sobre blanco con la direcci\u00f3n del remitente en Sioux Falls, SD. Esta tarjeta se recargar\u00e1 autom\u00e1ticamente con el importe de su prestaci\u00f3n cada mes.<\/p>\n<p>Su tarjeta EBT ya no tendr\u00e1 fecha de caducidad. Si hay una fecha de expiraci\u00f3n en su tarjeta, la tarjeta expirar\u00e1 el \u00faltimo d\u00eda del mes\/a\u00f1o que se muestra. Si no hay fecha de caducidad en el anverso de su tarjeta EBT, s\u00f3lo ser\u00e1 necesario sustituirla en caso de p\u00e9rdida, robo o deterioro.<\/p>\n<h3>\u00bfPor qu\u00e9 solicitar beneficios ACCESS Florida a trav\u00e9s de Insurance Pro Florida?<\/h3>\n<p>Usted se beneficia al solicitar a trav\u00e9s de Insurance Pro porque somos un Socio Comunitario Certificado de ACCESS Florida y estamos preparados para ayudarle a maximizar sus beneficios de manera m\u00e1s r\u00e1pida y eficiente. <\/p>\n<p>Nuestros asesores de seguros biling\u00fces han recibido la mejor capacitaci\u00f3n y educaci\u00f3n de la industria para los programas de Autosuficiencia Econ\u00f3mica para ofrecerle las \u00faltimas actualizaciones e informaci\u00f3n para que pueda tomar las mejores decisiones de seguros para usted y sus seres queridos.<\/p>\n<p><img decoding=\"async\" class=\"alignleft size-medium featured-image-50\" src=\"https:\/\/insuranceprofl.com\/es\/wp-content\/uploads\/sites\/2\/2021\/06\/insurance-pro-juan-carlos-y-esposa-es-1.jpg\" alt=\"insurance pro\" width=\"500\"\/><\/p>\n<blockquote>\n<p class=\"quote-p\">Perm\u00edtanos guiarle a trav\u00e9s del proceso de solicitud. Los beneficiarios de la ayuda alimentaria pueden recibirla en un plazo de siete d\u00edas.<\/p>\n<\/blockquote>\n<p>Estamos aqu\u00ed para marcar una diferencia positiva en la vida de nuestros clientes y de la comunidad.<\/p>\n<p><a class=\"button button_size_3 button_js\" style=\"background-color: #f5b901 !important; color: #fff; border: solid 1px #F5B901;\" href=\"\/es\/contactenos\/\"><span class=\"button_label\">P\u00f3ngase en contacto<\/span><\/a><br \/>\n<!-- \n\n<div style=\"line-height: 1.5;\"><strong>Juan Carlos \"JC\" Doitteau<\/strong>\n<i>Presidente<\/i>\n<strong><i>[phone-event]<\/i><\/strong>\n<strong><i>jc@insuranceprofl.com<\/i><\/strong><\/div>\n\n--><\/p>\n<div style=\"clear:both;\"><\/div>\n<div class=\"container-logo-companies bottom\">\n<p><img decoding=\"async\" class=\"logo-humana-logo\" alt=\"\" src=\"data:image\/png;base64,iVBORw0KGgoAAAANSUhEUgAAAfQAAACFAQMAAACXEZgZAAAAA1BMVEX\/\/\/+nxBvIAAAAAXRSTlMAQObYZgAAAB5JREFUeNrtwQEBAAAAgiD\/r25IQAEAAAAAAAAAfBshQAABIz\/uRgAAAABJRU5ErkJggg==\"><\/p>\n<p><img decoding=\"async\" class=\"logo-wellcare-insurance-logo\" alt=\"\" src=\"data:image\/png;base64,iVBORw0KGgoAAAANSUhEUgAAAWgAAADiAQMAAABZd8+cAAAAA1BMVEX\/\/\/+nxBvIAAAAAXRSTlMAQObYZgAAACFJREFUeNrtwTEBAAAAwqD1T20JT6AAAAAAAAAAAAAAfgYonAABJxkCUQAAAABJRU5ErkJggg==\"><\/p>\n<p><img decoding=\"async\" class=\"logo_careplus-logo-png\" alt=\"\" src=\"data:image\/png;base64,iVBORw0KGgoAAAANSUhEUgAAAfQAAADLAQMAAACiQ\/MFAAAAA1BMVEX\/\/\/+nxBvIAAAAAXRSTlMAQObYZgAAACNJREFUeNrtwTEBAAAAwqD1T20KP6AAAAAAAAAAAAAAAADgZzLAAAEdtlbCAAAAAElFTkSuQmCC\"><\/p>\n<p><img decoding=\"async\" class=\"logo_freedom-health-logo\" alt=\"\" src=\"data:image\/png;base64,iVBORw0KGgoAAAANSUhEUgAAAfQAAACyAQMAAACObq8MAAAAA1BMVEX\/\/\/+nxBvIAAAAAXRSTlMAQObYZgAAACJJREFUeNrtwYEAAAAAw6D5U1\/hAFUBAAAAAAAAAAAAAHwGLIAAAfXI2Z8AAAAASUVORK5CYII=\"><\/p>\n<p><img decoding=\"async\" class=\"logo-united-health-care-logo\" alt=\"\" src=\"data:image\/png;base64,iVBORw0KGgoAAAANSUhEUgAAAZAAAACgAQMAAAAYfKiWAAAAA1BMVEX\/\/\/+nxBvIAAAAAXRSTlMAQObYZgAAAB9JREFUeNrtwTEBAAAAwqD1T20ND6AAAAAAAAAAgHcDH+AAAV5MaHMAAAAASUVORK5CYII=\"><\/p>\n<p><img decoding=\"async\" class=\"logo_aetna-insurance-logo\" alt=\"\" src=\"data:image\/png;base64,iVBORw0KGgoAAAANSUhEUgAAAfQAAACsAQMAAAC3ssznAAAAA1BMVEX\/\/\/+nxBvIAAAAAXRSTlMAQObYZgAAACJJREFUeNrtwQENAAAAwqD3T20ON6AAAAAAAAAAAAAA4McAKwAAAaE5bhAAAAAASUVORK5CYII=\"><\/p>\n<p><img decoding=\"async\" class=\"logo_cigna-logo\" alt=\"\" src=\"data:image\/png;base64,iVBORw0KGgoAAAANSUhEUgAAAfQAAAEaAQMAAADdVjc7AAAAA1BMVEX\/\/\/+nxBvIAAAAAXRSTlMAQObYZgAAACdJREFUeNrtwQEBAAAAgiD\/r25IQAEAAAAAAAAAAAAAAAAAAAAA8GhGgAABTT\/IRgAAAABJRU5ErkJggg==\"><\/p>\n<p><img decoding=\"async\" class=\"logo_devoted-logo\" alt=\"\" src=\"data:image\/png;base64,iVBORw0KGgoAAAANSUhEUgAAAfQAAACgAQMAAADAcAycAAAAA1BMVEX\/\/\/+nxBvIAAAAAXRSTlMAQObYZgAAACFJREFUeNrtwQENAAAAwqD3T20ON6AAAAAAAAAAAACANwMoAAABWraIvgAAAABJRU5ErkJggg==\"><\/p>\n<p><img decoding=\"async\" class=\"logo-simply-healthcare-logo\" alt=\"\" src=\"data:image\/png;base64,iVBORw0KGgoAAAANSUhEUgAAAZAAAADeAQMAAAApVMQnAAAAA1BMVEX\/\/\/+nxBvIAAAAAXRSTlMAQObYZgAAACFJREFUeNrtwQENAAAAwqD3T20PBxQAAAAAAAAAAAAA8G8sOgABcGACzQAAAABJRU5ErkJggg==\"><\/p>\n<p><img decoding=\"async\" class=\"logo_bright-health-logo\" alt=\"\" src=\"data:image\/png;base64,iVBORw0KGgoAAAANSUhEUgAAAfQAAADnAQMAAADSLTZIAAAAA1BMVEX\/\/\/+nxBvIAAAAAXRSTlMAQObYZgAAACVJREFUeNrtwTEBAAAAwqD1T20JT6AAAAAAAAAAAAAAAAAAAHgaOcAAAW3Q7g4AAAAASUVORK5CYII=\"><\/p>\n<p><img decoding=\"async\" class=\"logo-optimum-logo\" alt=\"\" src=\"data:image\/png;base64,iVBORw0KGgoAAAANSUhEUgAAAfQAAACxAQMAAAAI+t2iAAAAA1BMVEX\/\/\/+nxBvIAAAAAXRSTlMAQObYZgAAACFJREFUeNrtwQEBAAAAgiD\/r25IQAEAAAAAAAAAAAAALwYsQAABgGZ2EgAAAABJRU5ErkJggg==\"><\/p>\n<\/div>\n","protected":false},"excerpt":{"rendered":"<p>Nos enorgullecemos de tratar a nuestros clientes como familia, con honestidad e integridad. Insurance Pro tiene m\u00e1s de diez a\u00f1os de experiencia en la industria de seguros de la Florida y ha sido reconocida como una de las agencias de m\u00e1s r\u00e1pido crecimiento en el mercado hispano de la Florida Central por el alto volumen&#8230; <a class=\"more-link\" href=\"https:\/\/insuranceprofl.com\/es\/insurance-pro-es-un-socio-comunitario-certificado-de-access-florida\/\">[Read More]<\/a><\/p>\n","protected":false},"author":4,"featured_media":1034,"parent":0,"menu_order":0,"comment_status":"closed","ping_status":"closed","template":"","meta":{"_acf_changed":false,"inline_featured_image":false,"_uag_custom_page_level_css":"","_genesis_hide_title":false,"_genesis_hide_breadcrumbs":false,"_genesis_hide_singular_image":false,"_genesis_hide_footer_widgets":false,"_genesis_custom_body_class":"","_genesis_custom_post_class":"","_genesis_layout":"","footnotes":""},"class_list":{"0":"post-1033","1":"page","2":"type-page","3":"status-publish","4":"has-post-thumbnail","6":"entry"},"acf":[],"yoast_head":"<!-- This site is optimized with the Yoast SEO plugin v27.6 - https:\/\/yoast.com\/product\/yoast-seo-wordpress\/ -->\n<title>Insurance Pro: Socio Comunitario Certificado De Access Florida<\/title>\n<meta name=\"description\" content=\"Insurance Pro tiene m\u00e1s de diez a\u00f1os de experiencia en la industria de seguros de la Florida y ha sido reconocida como una de las agencias...\" \/>\n<meta name=\"robots\" content=\"index, follow, max-snippet:-1, max-image-preview:large, max-video-preview:-1\" \/>\n<link rel=\"canonical\" href=\"https:\/\/insuranceprofl.com\/es\/insurance-pro-es-un-socio-comunitario-certificado-de-access-florida\/\" \/>\n<meta property=\"og:locale\" content=\"es_MX\" \/>\n<meta property=\"og:type\" content=\"article\" \/>\n<meta property=\"og:title\" content=\"Insurance Pro: Socio Comunitario Certificado De Access Florida\" \/>\n<meta property=\"og:description\" content=\"Insurance Pro tiene m\u00e1s de diez a\u00f1os de experiencia en la industria de seguros de la Florida y ha sido reconocida como una de las agencias...\" \/>\n<meta property=\"og:url\" content=\"https:\/\/insuranceprofl.com\/es\/insurance-pro-es-un-socio-comunitario-certificado-de-access-florida\/\" \/>\n<meta property=\"og:site_name\" content=\"Insurance Pro Fl Espa\u00f1ol\" \/>\n<meta property=\"article:modified_time\" content=\"2024-02-16T17:24:25+00:00\" \/>\n<meta property=\"og:image\" content=\"https:\/\/insuranceprofl.com\/es\/wp-content\/uploads\/sites\/2\/2023\/05\/tarjeta-electronica.png\" \/>\n\t<meta property=\"og:image:width\" content=\"524\" \/>\n\t<meta property=\"og:image:height\" content=\"340\" \/>\n\t<meta property=\"og:image:type\" content=\"image\/png\" \/>\n<meta name=\"twitter:card\" content=\"summary_large_image\" \/>\n<meta name=\"twitter:label1\" content=\"Est. reading time\" \/>\n\t<meta name=\"twitter:data1\" content=\"5 minutes\" \/>\n<script type=\"application\/ld+json\" class=\"yoast-schema-graph\">{\"@context\":\"https:\\\/\\\/schema.org\",\"@graph\":[{\"@type\":\"WebPage\",\"@id\":\"https:\\\/\\\/insuranceprofl.com\\\/es\\\/insurance-pro-es-un-socio-comunitario-certificado-de-access-florida\\\/\",\"url\":\"https:\\\/\\\/insuranceprofl.com\\\/es\\\/insurance-pro-es-un-socio-comunitario-certificado-de-access-florida\\\/\",\"name\":\"Insurance Pro: Socio Comunitario Certificado De Access Florida\",\"isPartOf\":{\"@id\":\"https:\\\/\\\/insuranceprofl.com\\\/es\\\/#website\"},\"primaryImageOfPage\":{\"@id\":\"https:\\\/\\\/insuranceprofl.com\\\/es\\\/insurance-pro-es-un-socio-comunitario-certificado-de-access-florida\\\/#primaryimage\"},\"image\":{\"@id\":\"https:\\\/\\\/insuranceprofl.com\\\/es\\\/insurance-pro-es-un-socio-comunitario-certificado-de-access-florida\\\/#primaryimage\"},\"thumbnailUrl\":\"https:\\\/\\\/insuranceprofl.com\\\/es\\\/wp-content\\\/uploads\\\/sites\\\/2\\\/2023\\\/05\\\/tarjeta-electronica.png\",\"datePublished\":\"2023-05-15T21:22:59+00:00\",\"dateModified\":\"2024-02-16T17:24:25+00:00\",\"description\":\"Insurance Pro tiene m\u00e1s de diez a\u00f1os de experiencia en la industria de seguros de la Florida y ha sido reconocida como una de las agencias...\",\"breadcrumb\":{\"@id\":\"https:\\\/\\\/insuranceprofl.com\\\/es\\\/insurance-pro-es-un-socio-comunitario-certificado-de-access-florida\\\/#breadcrumb\"},\"inLanguage\":\"es-MX\",\"potentialAction\":[{\"@type\":\"ReadAction\",\"target\":[\"https:\\\/\\\/insuranceprofl.com\\\/es\\\/insurance-pro-es-un-socio-comunitario-certificado-de-access-florida\\\/\"]}]},{\"@type\":\"ImageObject\",\"inLanguage\":\"es-MX\",\"@id\":\"https:\\\/\\\/insuranceprofl.com\\\/es\\\/insurance-pro-es-un-socio-comunitario-certificado-de-access-florida\\\/#primaryimage\",\"url\":\"https:\\\/\\\/insuranceprofl.com\\\/es\\\/wp-content\\\/uploads\\\/sites\\\/2\\\/2023\\\/05\\\/tarjeta-electronica.png\",\"contentUrl\":\"https:\\\/\\\/insuranceprofl.com\\\/es\\\/wp-content\\\/uploads\\\/sites\\\/2\\\/2023\\\/05\\\/tarjeta-electronica.png\",\"width\":524,\"height\":340,\"caption\":\"Recibir ayuda alimentaria no afecta a los plazos de otros programas.\"},{\"@type\":\"BreadcrumbList\",\"@id\":\"https:\\\/\\\/insuranceprofl.com\\\/es\\\/insurance-pro-es-un-socio-comunitario-certificado-de-access-florida\\\/#breadcrumb\",\"itemListElement\":[{\"@type\":\"ListItem\",\"position\":1,\"name\":\"Inicio\",\"item\":\"https:\\\/\\\/insuranceprofl.com\\\/es\\\/\"},{\"@type\":\"ListItem\",\"position\":2,\"name\":\"Insurance Pro Es Un Socio Comunitario Certificado De ACCESS Florida\"}]},{\"@type\":\"WebSite\",\"@id\":\"https:\\\/\\\/insuranceprofl.com\\\/es\\\/#website\",\"url\":\"https:\\\/\\\/insuranceprofl.com\\\/es\\\/\",\"name\":\"Insurance Pro Fl Espa\u00f1ol\",\"description\":\"Health &amp; Life Insurance For Central Florida\",\"potentialAction\":[{\"@type\":\"SearchAction\",\"target\":{\"@type\":\"EntryPoint\",\"urlTemplate\":\"https:\\\/\\\/insuranceprofl.com\\\/es\\\/?s={search_term_string}\"},\"query-input\":{\"@type\":\"PropertyValueSpecification\",\"valueRequired\":true,\"valueName\":\"search_term_string\"}}],\"inLanguage\":\"es-MX\"}]}<\/script>\n<!-- \/ Yoast SEO plugin. -->","yoast_head_json":{"title":"Insurance Pro: Socio Comunitario Certificado De Access Florida","description":"Insurance Pro tiene m\u00e1s de diez a\u00f1os de experiencia en la industria de seguros de la Florida y ha sido reconocida como una de las agencias...","robots":{"index":"index","follow":"follow","max-snippet":"max-snippet:-1","max-image-preview":"max-image-preview:large","max-video-preview":"max-video-preview:-1"},"canonical":"https:\/\/insuranceprofl.com\/es\/insurance-pro-es-un-socio-comunitario-certificado-de-access-florida\/","og_locale":"es_MX","og_type":"article","og_title":"Insurance Pro: Socio Comunitario Certificado De Access Florida","og_description":"Insurance Pro tiene m\u00e1s de diez a\u00f1os de experiencia en la industria de seguros de la Florida y ha sido reconocida como una de las agencias...","og_url":"https:\/\/insuranceprofl.com\/es\/insurance-pro-es-un-socio-comunitario-certificado-de-access-florida\/","og_site_name":"Insurance Pro Fl Espa\u00f1ol","article_modified_time":"2024-02-16T17:24:25+00:00","og_image":[{"width":524,"height":340,"url":"https:\/\/insuranceprofl.com\/es\/wp-content\/uploads\/sites\/2\/2023\/05\/tarjeta-electronica.png","type":"image\/png"}],"twitter_card":"summary_large_image","twitter_misc":{"Est. reading time":"5 minutes"},"schema":{"@context":"https:\/\/schema.org","@graph":[{"@type":"WebPage","@id":"https:\/\/insuranceprofl.com\/es\/insurance-pro-es-un-socio-comunitario-certificado-de-access-florida\/","url":"https:\/\/insuranceprofl.com\/es\/insurance-pro-es-un-socio-comunitario-certificado-de-access-florida\/","name":"Insurance Pro: Socio Comunitario Certificado De Access Florida","isPartOf":{"@id":"https:\/\/insuranceprofl.com\/es\/#website"},"primaryImageOfPage":{"@id":"https:\/\/insuranceprofl.com\/es\/insurance-pro-es-un-socio-comunitario-certificado-de-access-florida\/#primaryimage"},"image":{"@id":"https:\/\/insuranceprofl.com\/es\/insurance-pro-es-un-socio-comunitario-certificado-de-access-florida\/#primaryimage"},"thumbnailUrl":"https:\/\/insuranceprofl.com\/es\/wp-content\/uploads\/sites\/2\/2023\/05\/tarjeta-electronica.png","datePublished":"2023-05-15T21:22:59+00:00","dateModified":"2024-02-16T17:24:25+00:00","description":"Insurance Pro tiene m\u00e1s de diez a\u00f1os de experiencia en la industria de seguros de la Florida y ha sido reconocida como una de las agencias...","breadcrumb":{"@id":"https:\/\/insuranceprofl.com\/es\/insurance-pro-es-un-socio-comunitario-certificado-de-access-florida\/#breadcrumb"},"inLanguage":"es-MX","potentialAction":[{"@type":"ReadAction","target":["https:\/\/insuranceprofl.com\/es\/insurance-pro-es-un-socio-comunitario-certificado-de-access-florida\/"]}]},{"@type":"ImageObject","inLanguage":"es-MX","@id":"https:\/\/insuranceprofl.com\/es\/insurance-pro-es-un-socio-comunitario-certificado-de-access-florida\/#primaryimage","url":"https:\/\/insuranceprofl.com\/es\/wp-content\/uploads\/sites\/2\/2023\/05\/tarjeta-electronica.png","contentUrl":"https:\/\/insuranceprofl.com\/es\/wp-content\/uploads\/sites\/2\/2023\/05\/tarjeta-electronica.png","width":524,"height":340,"caption":"Recibir ayuda alimentaria no afecta a los plazos de otros programas."},{"@type":"BreadcrumbList","@id":"https:\/\/insuranceprofl.com\/es\/insurance-pro-es-un-socio-comunitario-certificado-de-access-florida\/#breadcrumb","itemListElement":[{"@type":"ListItem","position":1,"name":"Inicio","item":"https:\/\/insuranceprofl.com\/es\/"},{"@type":"ListItem","position":2,"name":"Insurance Pro Es Un Socio Comunitario Certificado De ACCESS Florida"}]},{"@type":"WebSite","@id":"https:\/\/insuranceprofl.com\/es\/#website","url":"https:\/\/insuranceprofl.com\/es\/","name":"Insurance Pro Fl Espa\u00f1ol","description":"Health &amp; Life Insurance For Central Florida","potentialAction":[{"@type":"SearchAction","target":{"@type":"EntryPoint","urlTemplate":"https:\/\/insuranceprofl.com\/es\/?s={search_term_string}"},"query-input":{"@type":"PropertyValueSpecification","valueRequired":true,"valueName":"search_term_string"}}],"inLanguage":"es-MX"}]}},"uagb_featured_image_src":{"full":["https:\/\/insuranceprofl.com\/es\/wp-content\/uploads\/sites\/2\/2023\/05\/tarjeta-electronica.png",524,340,false],"thumbnail":["https:\/\/insuranceprofl.com\/es\/wp-content\/uploads\/sites\/2\/2023\/05\/tarjeta-electronica-150x150.png",150,150,true],"medium":["https:\/\/insuranceprofl.com\/es\/wp-content\/uploads\/sites\/2\/2023\/05\/tarjeta-electronica-300x195.png",300,195,true],"medium_large":["https:\/\/insuranceprofl.com\/es\/wp-content\/uploads\/sites\/2\/2023\/05\/tarjeta-electronica.png",524,340,false],"large":["https:\/\/insuranceprofl.com\/es\/wp-content\/uploads\/sites\/2\/2023\/05\/tarjeta-electronica.png",524,340,false],"1536x1536":["https:\/\/insuranceprofl.com\/es\/wp-content\/uploads\/sites\/2\/2023\/05\/tarjeta-electronica.png",524,340,false],"2048x2048":["https:\/\/insuranceprofl.com\/es\/wp-content\/uploads\/sites\/2\/2023\/05\/tarjeta-electronica.png",524,340,false],"gform-image-choice-sm":["https:\/\/insuranceprofl.com\/es\/wp-content\/uploads\/sites\/2\/2023\/05\/tarjeta-electronica.png",300,195,false],"gform-image-choice-md":["https:\/\/insuranceprofl.com\/es\/wp-content\/uploads\/sites\/2\/2023\/05\/tarjeta-electronica.png",400,260,false],"gform-image-choice-lg":["https:\/\/insuranceprofl.com\/es\/wp-content\/uploads\/sites\/2\/2023\/05\/tarjeta-electronica.png",524,340,false]},"uagb_author_info":{"display_name":"adlyn","author_link":"https:\/\/insuranceprofl.com\/es\/author\/adlyn\/"},"uagb_comment_info":0,"uagb_excerpt":"Nos enorgullecemos de tratar a nuestros clientes como familia, con honestidad e integridad. Insurance Pro tiene m\u00e1s de diez a\u00f1os de experiencia en la industria de seguros de la Florida y ha sido reconocida como una de las agencias de m\u00e1s r\u00e1pido crecimiento en el mercado hispano de la Florida Central por el alto volumen...&hellip;","_links":{"self":[{"href":"https:\/\/insuranceprofl.com\/es\/wp-json\/wp\/v2\/pages\/1033","targetHints":{"allow":["GET"]}}],"collection":[{"href":"https:\/\/insuranceprofl.com\/es\/wp-json\/wp\/v2\/pages"}],"about":[{"href":"https:\/\/insuranceprofl.com\/es\/wp-json\/wp\/v2\/types\/page"}],"author":[{"embeddable":true,"href":"https:\/\/insuranceprofl.com\/es\/wp-json\/wp\/v2\/users\/4"}],"replies":[{"embeddable":true,"href":"https:\/\/insuranceprofl.com\/es\/wp-json\/wp\/v2\/comments?post=1033"}],"version-history":[{"count":0,"href":"https:\/\/insuranceprofl.com\/es\/wp-json\/wp\/v2\/pages\/1033\/revisions"}],"wp:featuredmedia":[{"embeddable":true,"href":"https:\/\/insuranceprofl.com\/es\/wp-json\/wp\/v2\/media\/1034"}],"wp:attachment":[{"href":"https:\/\/insuranceprofl.com\/es\/wp-json\/wp\/v2\/media?parent=1033"}],"curies":[{"name":"wp","href":"https:\/\/api.w.org\/{rel}","templated":true}]}}