{"id":176,"date":"2018-06-05T20:21:22","date_gmt":"2018-06-05T20:21:22","guid":{"rendered":"http:\/\/insurancepro.santonicreativegroup.com\/?page_id=176"},"modified":"2024-12-20T16:20:30","modified_gmt":"2024-12-20T21:20:30","slug":"seguro-de-vida","status":"publish","type":"page","link":"https:\/\/insuranceprofl.com\/es\/seguro-de-vida\/","title":{"rendered":"Seguro de Vida"},"content":{"rendered":"\n<h2 class=\"wp-block-heading\">\u00bfPor qu\u00e9 el seguro de vida?<\/h2>\n\n\n<div class=\"wp-block-image\">\n<figure class=\"alignright size-large is-resized\"><img decoding=\"async\" width=\"576\" height=\"1024\" src=\"https:\/\/insuranceprofl.com\/es\/wp-content\/uploads\/sites\/2\/2024\/12\/seguro-de-vida-highlight-spa-info-web-576x1024.jpg\" alt=\"Seguro de Vida\" class=\"wp-image-1610\" style=\"width:500px\" srcset=\"https:\/\/insuranceprofl.com\/es\/wp-content\/uploads\/sites\/2\/2024\/12\/seguro-de-vida-highlight-spa-info-web-576x1024.jpg 576w, https:\/\/insuranceprofl.com\/es\/wp-content\/uploads\/sites\/2\/2024\/12\/seguro-de-vida-highlight-spa-info-web-169x300.jpg 169w, https:\/\/insuranceprofl.com\/es\/wp-content\/uploads\/sites\/2\/2024\/12\/seguro-de-vida-highlight-spa-info-web.jpg 750w\" sizes=\"(max-width: 576px) 100vw, 576px\" \/><\/figure><\/div>\n\n\n<p>Todos estamos expuestos a numerosos riesgos en nuestro d\u00eda a d\u00eda. Cuando pensamos en comprar una p\u00f3liza de vida estamos protegiendo a nuestros seres queridos en caso de una p\u00e9rdida inesperada, un accidente o una enfermedad terminal. En Insurance Pro trabajamos con m\u00faltiples compa\u00f1\u00edas aseguradoras de gran reputaci\u00f3n para asegurarle a nuestros clientes el mejor precio con un servicio al cliente de excelencia.<\/p>\n\n\n\n<p>Muchas personas obtienen una p\u00f3liza de vida para que en caso de muerte puedan proteger sus activos como pagar su hipoteca, dejarle un legado a su familia, reemplazar la p\u00e9rdida de ingreso o en muchos casos pre-pagar sus gastos funerarios.<\/p>\n\n\n\n<h2 class=\"wp-block-heading\">Tipos de p\u00f3lizas de vida:<\/h2>\n\n\n\n<h3 class=\"wp-block-heading\"><a href=\"\/es\/seguro-de-vida\/cobertura-por-vida\/\" target=\"_blank\" rel=\"noreferrer noopener\">Seguro de vida completa<\/a><\/h3>\n\n\n\n<ul class=\"wp-block-list\">\n<li>Cobertura Permanente<\/li>\n\n\n\n<li>Acumula &#8220;Cash Value&#8221; volar en efectivo.<\/li>\n\n\n\n<li>Puedes obtener beneficios de dinero en vida si sufres de una condici\u00f3n cr\u00f3nica,cr\u00edtica o terminal.<\/li>\n<\/ul>\n\n\n\n<h3 class=\"wp-block-heading\"><a href=\"\/es\/seguro-de-vida\/poliza-a-termino\/\" rel=\"noreferrer noopener\" target=\"_blank\">Seguro de vida a t\u00e9rmino<\/a><\/h3>\n\n\n\n<ul class=\"wp-block-list\">\n<li>Cobertura por un determinado tiempo. Por ejemplo a 10, 15, 20, 25 o 30 a\u00f1os.<\/li>\n\n\n\n<li>Puedes obtener beneficios de dinero en vida si sufres de una condici\u00f3n cr\u00f3nica,cr\u00edtica o terminal.<\/li>\n\n\n\n<li>Una vez la p\u00f3liza expire, el asegurado puede renovarla por otro t\u00e9rmino o convertirla a un seguro permanente.<\/li>\n\n\n\n<li>No acumula \u201cCash Value\u201d<\/li>\n<\/ul>\n\n\n\n<p>Leer tambi\u00e9n: <a href=\"https:\/\/insuranceprofl.com\/es\/preguntas-frecuentes\/seguro-de-vida\/\" target=\"_blank\" rel=\"noopener\">Preguntas Frecuentes sobre Seguro de Vida<\/a>.<\/p>\n\n\n\n<div class=\"container-logo-companies bottom\">\n<figure><img decoding=\"async\" src=\"https:\/\/insuranceprofl.com\/wp-content\/uploads\/2024\/03\/foresters-financial-logo-thumb.png\" alt=\"foresters-financial\"><\/figure><p><\/p>\n<figure><img decoding=\"async\" src=\"https:\/\/insuranceprofl.com\/wp-content\/uploads\/2024\/03\/gerber-life-insurance-logo-thumb.png\" alt=\"gerber-life-insurance\"><\/figure><p><\/p>\n<figure><img decoding=\"async\" src=\"https:\/\/insuranceprofl.com\/wp-content\/uploads\/2024\/03\/cincinnati-insurance-company-logo-thumb.png\" alt=\"cincinnati-insurance-company\"><\/figure><p><\/p>\n<figure><img decoding=\"async\" src=\"https:\/\/insuranceprofl.com\/wp-content\/uploads\/2024\/03\/transamerica-logo-thumb.png\" alt=\"transamerica-logo\"><\/figure><p><\/p>\n<figure><img decoding=\"async\" src=\"https:\/\/insuranceprofl.com\/wp-content\/uploads\/2024\/03\/mutual-of-omaha-logo-thumb.png\" alt=\"mutual-of-omaha\"><\/figure><p><\/p>\n<figure><img decoding=\"async\" src=\"https:\/\/insuranceprofl.com\/wp-content\/uploads\/2024\/03\/american-national-logo-thumb.png\" alt=\"american-national\"><\/figure><p><\/p>\n<figure><img decoding=\"async\" src=\"https:\/\/insuranceprofl.com\/wp-content\/uploads\/2024\/03\/lumico-logo-thumb.png\" alt=\"lumico-logo\"><\/figure><p><\/p>\n<figure><img decoding=\"async\" src=\"https:\/\/insuranceprofl.com\/wp-content\/uploads\/2024\/03\/great-western-life-logo-thumb.png\" alt=\"great-western-life\"><\/figure><p><\/p>\n<\/div>\n","protected":false},"excerpt":{"rendered":"<p>\u00bfPor qu\u00e9 el seguro de vida? Todos estamos expuestos a numerosos riesgos en nuestro d\u00eda a d\u00eda. Cuando pensamos en comprar una p\u00f3liza de vida estamos protegiendo a nuestros seres queridos en caso de una p\u00e9rdida inesperada, un accidente o una enfermedad terminal. En Insurance Pro trabajamos con m\u00faltiples compa\u00f1\u00edas aseguradoras de gran reputaci\u00f3n para&#8230; <a class=\"more-link\" href=\"https:\/\/insuranceprofl.com\/es\/seguro-de-vida\/\">[Read More]<\/a><\/p>\n","protected":false},"author":2,"featured_media":0,"parent":0,"menu_order":0,"comment_status":"closed","ping_status":"closed","template":"","meta":{"_acf_changed":false,"inline_featured_image":false,"_uag_custom_page_level_css":"","_genesis_hide_title":false,"_genesis_hide_breadcrumbs":false,"_genesis_hide_singular_image":false,"_genesis_hide_footer_widgets":false,"_genesis_custom_body_class":"","_genesis_custom_post_class":"","_genesis_layout":"","footnotes":""},"class_list":{"0":"post-176","1":"page","2":"type-page","3":"status-publish","5":"entry","6":"has-post-thumbnail"},"acf":[],"yoast_head":"<!-- This site is optimized with the Yoast SEO plugin v26.0 - https:\/\/yoast.com\/wordpress\/plugins\/seo\/ -->\n<title>Seguro de Vida - Insurance Pro Florida<\/title>\n<meta name=\"description\" content=\"\u00bfAlguna vez ha considerado o experimentado perder su trabajo y no puede cumplir con sus obligaciones financieras mensuales?\" \/>\n<meta name=\"robots\" content=\"index, follow, max-snippet:-1, max-image-preview:large, max-video-preview:-1\" \/>\n<link rel=\"canonical\" href=\"https:\/\/insuranceprofl.com\/es\/seguro-de-vida\/\" \/>\n<meta property=\"og:locale\" content=\"es_MX\" \/>\n<meta property=\"og:type\" content=\"article\" \/>\n<meta property=\"og:title\" content=\"Seguro de Vida - Insurance Pro Florida\" \/>\n<meta property=\"og:description\" content=\"\u00bfAlguna vez ha considerado o experimentado perder su trabajo y no puede cumplir con sus obligaciones financieras mensuales?\" \/>\n<meta property=\"og:url\" content=\"https:\/\/insuranceprofl.com\/es\/seguro-de-vida\/\" \/>\n<meta property=\"og:site_name\" content=\"Insurance Pro Fl Espa\u00f1ol\" \/>\n<meta property=\"article:modified_time\" content=\"2024-12-20T21:20:30+00:00\" \/>\n<meta property=\"og:image\" content=\"https:\/\/insuranceprofl.com\/es\/wp-content\/uploads\/sites\/2\/2024\/12\/seguro-de-vida-highlight-spa-info-web.jpg\" \/>\n\t<meta property=\"og:image:width\" content=\"750\" \/>\n\t<meta property=\"og:image:height\" content=\"1334\" \/>\n\t<meta property=\"og:image:type\" content=\"image\/jpeg\" \/>\n<meta name=\"twitter:card\" content=\"summary_large_image\" \/>\n<meta name=\"twitter:label1\" content=\"Est. reading time\" \/>\n\t<meta name=\"twitter:data1\" content=\"3 minutes\" \/>\n<script type=\"application\/ld+json\" class=\"yoast-schema-graph\">{\"@context\":\"https:\/\/schema.org\",\"@graph\":[{\"@type\":\"WebPage\",\"@id\":\"https:\/\/insuranceprofl.com\/es\/seguro-de-vida\/\",\"url\":\"https:\/\/insuranceprofl.com\/es\/seguro-de-vida\/\",\"name\":\"Seguro de Vida - Insurance Pro Florida\",\"isPartOf\":{\"@id\":\"https:\/\/insuranceprofl.com\/es\/#website\"},\"primaryImageOfPage\":{\"@id\":\"https:\/\/insuranceprofl.com\/es\/seguro-de-vida\/#primaryimage\"},\"image\":{\"@id\":\"https:\/\/insuranceprofl.com\/es\/seguro-de-vida\/#primaryimage\"},\"thumbnailUrl\":\"https:\/\/insuranceprofl.com\/es\/wp-content\/uploads\/sites\/2\/2024\/12\/seguro-de-vida-highlight-spa-info-web-576x1024.jpg\",\"datePublished\":\"2018-06-05T20:21:22+00:00\",\"dateModified\":\"2024-12-20T21:20:30+00:00\",\"description\":\"\u00bfAlguna vez ha considerado o experimentado perder su trabajo y no puede cumplir con sus obligaciones financieras mensuales?\",\"breadcrumb\":{\"@id\":\"https:\/\/insuranceprofl.com\/es\/seguro-de-vida\/#breadcrumb\"},\"inLanguage\":\"es-MX\",\"potentialAction\":[{\"@type\":\"ReadAction\",\"target\":[\"https:\/\/insuranceprofl.com\/es\/seguro-de-vida\/\"]}]},{\"@type\":\"ImageObject\",\"inLanguage\":\"es-MX\",\"@id\":\"https:\/\/insuranceprofl.com\/es\/seguro-de-vida\/#primaryimage\",\"url\":\"https:\/\/insuranceprofl.com\/es\/wp-content\/uploads\/sites\/2\/2024\/12\/seguro-de-vida-highlight-spa-info-web.jpg\",\"contentUrl\":\"https:\/\/insuranceprofl.com\/es\/wp-content\/uploads\/sites\/2\/2024\/12\/seguro-de-vida-highlight-spa-info-web.jpg\",\"width\":750,\"height\":1334,\"caption\":\"Seguro de Vida\"},{\"@type\":\"BreadcrumbList\",\"@id\":\"https:\/\/insuranceprofl.com\/es\/seguro-de-vida\/#breadcrumb\",\"itemListElement\":[{\"@type\":\"ListItem\",\"position\":1,\"name\":\"Inicio\",\"item\":\"https:\/\/insuranceprofl.com\/es\/\"},{\"@type\":\"ListItem\",\"position\":2,\"name\":\"Seguro de Vida\"}]},{\"@type\":\"WebSite\",\"@id\":\"https:\/\/insuranceprofl.com\/es\/#website\",\"url\":\"https:\/\/insuranceprofl.com\/es\/\",\"name\":\"Insurance Pro Fl Espa\u00f1ol\",\"description\":\"Health &amp; Life Insurance For Central Florida\",\"potentialAction\":[{\"@type\":\"SearchAction\",\"target\":{\"@type\":\"EntryPoint\",\"urlTemplate\":\"https:\/\/insuranceprofl.com\/es\/?s={search_term_string}\"},\"query-input\":{\"@type\":\"PropertyValueSpecification\",\"valueRequired\":true,\"valueName\":\"search_term_string\"}}],\"inLanguage\":\"es-MX\"}]}<\/script>\n<!-- \/ Yoast SEO plugin. -->","yoast_head_json":{"title":"Seguro de Vida - Insurance Pro Florida","description":"\u00bfAlguna vez ha considerado o experimentado perder su trabajo y no puede cumplir con sus obligaciones financieras mensuales?","robots":{"index":"index","follow":"follow","max-snippet":"max-snippet:-1","max-image-preview":"max-image-preview:large","max-video-preview":"max-video-preview:-1"},"canonical":"https:\/\/insuranceprofl.com\/es\/seguro-de-vida\/","og_locale":"es_MX","og_type":"article","og_title":"Seguro de Vida - Insurance Pro Florida","og_description":"\u00bfAlguna vez ha considerado o experimentado perder su trabajo y no puede cumplir con sus obligaciones financieras mensuales?","og_url":"https:\/\/insuranceprofl.com\/es\/seguro-de-vida\/","og_site_name":"Insurance Pro Fl Espa\u00f1ol","article_modified_time":"2024-12-20T21:20:30+00:00","og_image":[{"width":750,"height":1334,"url":"https:\/\/insuranceprofl.com\/es\/wp-content\/uploads\/sites\/2\/2024\/12\/seguro-de-vida-highlight-spa-info-web.jpg","type":"image\/jpeg"}],"twitter_card":"summary_large_image","twitter_misc":{"Est. reading time":"3 minutes"},"schema":{"@context":"https:\/\/schema.org","@graph":[{"@type":"WebPage","@id":"https:\/\/insuranceprofl.com\/es\/seguro-de-vida\/","url":"https:\/\/insuranceprofl.com\/es\/seguro-de-vida\/","name":"Seguro de Vida - Insurance Pro Florida","isPartOf":{"@id":"https:\/\/insuranceprofl.com\/es\/#website"},"primaryImageOfPage":{"@id":"https:\/\/insuranceprofl.com\/es\/seguro-de-vida\/#primaryimage"},"image":{"@id":"https:\/\/insuranceprofl.com\/es\/seguro-de-vida\/#primaryimage"},"thumbnailUrl":"https:\/\/insuranceprofl.com\/es\/wp-content\/uploads\/sites\/2\/2024\/12\/seguro-de-vida-highlight-spa-info-web-576x1024.jpg","datePublished":"2018-06-05T20:21:22+00:00","dateModified":"2024-12-20T21:20:30+00:00","description":"\u00bfAlguna vez ha considerado o experimentado perder su trabajo y no puede cumplir con sus obligaciones financieras mensuales?","breadcrumb":{"@id":"https:\/\/insuranceprofl.com\/es\/seguro-de-vida\/#breadcrumb"},"inLanguage":"es-MX","potentialAction":[{"@type":"ReadAction","target":["https:\/\/insuranceprofl.com\/es\/seguro-de-vida\/"]}]},{"@type":"ImageObject","inLanguage":"es-MX","@id":"https:\/\/insuranceprofl.com\/es\/seguro-de-vida\/#primaryimage","url":"https:\/\/insuranceprofl.com\/es\/wp-content\/uploads\/sites\/2\/2024\/12\/seguro-de-vida-highlight-spa-info-web.jpg","contentUrl":"https:\/\/insuranceprofl.com\/es\/wp-content\/uploads\/sites\/2\/2024\/12\/seguro-de-vida-highlight-spa-info-web.jpg","width":750,"height":1334,"caption":"Seguro de Vida"},{"@type":"BreadcrumbList","@id":"https:\/\/insuranceprofl.com\/es\/seguro-de-vida\/#breadcrumb","itemListElement":[{"@type":"ListItem","position":1,"name":"Inicio","item":"https:\/\/insuranceprofl.com\/es\/"},{"@type":"ListItem","position":2,"name":"Seguro de Vida"}]},{"@type":"WebSite","@id":"https:\/\/insuranceprofl.com\/es\/#website","url":"https:\/\/insuranceprofl.com\/es\/","name":"Insurance Pro Fl Espa\u00f1ol","description":"Health &amp; Life Insurance For Central Florida","potentialAction":[{"@type":"SearchAction","target":{"@type":"EntryPoint","urlTemplate":"https:\/\/insuranceprofl.com\/es\/?s={search_term_string}"},"query-input":{"@type":"PropertyValueSpecification","valueRequired":true,"valueName":"search_term_string"}}],"inLanguage":"es-MX"}]}},"uagb_featured_image_src":{"full":false,"thumbnail":false,"medium":false,"medium_large":false,"large":false,"1536x1536":false,"2048x2048":false,"gform-image-choice-sm":false,"gform-image-choice-md":false,"gform-image-choice-lg":false},"uagb_author_info":{"display_name":"Juan Carlos","author_link":"https:\/\/insuranceprofl.com\/es\/author\/admin\/"},"uagb_comment_info":0,"uagb_excerpt":"\u00bfPor qu\u00e9 el seguro de vida? Todos estamos expuestos a numerosos riesgos en nuestro d\u00eda a d\u00eda. Cuando pensamos en comprar una p\u00f3liza de vida estamos protegiendo a nuestros seres queridos en caso de una p\u00e9rdida inesperada, un accidente o una enfermedad terminal. En Insurance Pro trabajamos con m\u00faltiples compa\u00f1\u00edas aseguradoras de gran reputaci\u00f3n para...&hellip;","_links":{"self":[{"href":"https:\/\/insuranceprofl.com\/es\/wp-json\/wp\/v2\/pages\/176","targetHints":{"allow":["GET"]}}],"collection":[{"href":"https:\/\/insuranceprofl.com\/es\/wp-json\/wp\/v2\/pages"}],"about":[{"href":"https:\/\/insuranceprofl.com\/es\/wp-json\/wp\/v2\/types\/page"}],"author":[{"embeddable":true,"href":"https:\/\/insuranceprofl.com\/es\/wp-json\/wp\/v2\/users\/2"}],"replies":[{"embeddable":true,"href":"https:\/\/insuranceprofl.com\/es\/wp-json\/wp\/v2\/comments?post=176"}],"version-history":[{"count":0,"href":"https:\/\/insuranceprofl.com\/es\/wp-json\/wp\/v2\/pages\/176\/revisions"}],"wp:attachment":[{"href":"https:\/\/insuranceprofl.com\/es\/wp-json\/wp\/v2\/media?parent=176"}],"curies":[{"name":"wp","href":"https:\/\/api.w.org\/{rel}","templated":true}]}}