{"id":380,"date":"2020-10-14T10:16:18","date_gmt":"2020-10-14T15:16:18","guid":{"rendered":"https:\/\/insuranceprofl.com\/es\/?page_id=380"},"modified":"2024-02-16T12:06:47","modified_gmt":"2024-02-16T17:06:47","slug":"covid19","status":"publish","type":"page","link":"https:\/\/insuranceprofl.com\/es\/covid19\/","title":{"rendered":"COVID-19 Protocolos"},"content":{"rendered":"<p><img decoding=\"async\" src=\"\/wp-content\/uploads\/2020\/10\/covid-19-protocol.jpg\" alt=\"covid-19 protocol\" width=\"600\"class=\"alignright size-full wp-image-272 featured-image-50\" \/> \u00a1Estamos abiertos y listos para ayudarlo!<\/p>\n<p>En <a href=\"https:\/\/insuranceprofl.com\/es\/acerca-de-nosotros\/\" rel=\"noopener noreferrer\" target=\"_blank\">Insurance Pro<\/a>, el bienestar de nuestros clientes y empleados es siempre nuestra principal prioridad. Aunque la mayor parte del proceso para contratar una p\u00f3liza de seguro se puede manejar por tel\u00e9fono y por correo electr\u00f3nico, esto es lo que estamos haciendo para las <a href=\"https:\/\/insuranceprofl.com\/es\/contactenos\/\" rel=\"noopener noreferrer\" target=\"_blank\">consultas en persona en nuestra oficina<\/a>:<\/p>\n<ul>\n<li>Todos los empleados usan una mascarilla en todo momento mientras est\u00e1n nuestras instalaciones.<\/li>\n<li>Requerimos que nuestros clientes utilicen mascarilla o una cubierta facial en el momento de su visita. Si no tiene una, le podemos proporcionar una sin costo.<\/li>\n<li>Limpiamos y desinfectamos habitualmente objetos y superficies que se tocan con frecuencia, siguiendo los lineamientos de la CDC.<\/li>\n<li>Nos lavamos las manos frecuentemente con agua y jab\u00f3n y usamos un desinfectante de manos con base de alcohol.<\/li>\n<li>Mantenemos la recomendaci\u00f3n de &#8220;distanciamiento social&#8221; de 6 pies.\n    <\/li>\n<li>Todos los empleados y clientes con s\u00edntomas relacionados con COVID-19 deben permanecer en casa hasta que obtengan un resultado negativo en su prueba.<\/li>\n<li>Nos reunimos para evaluar continuamente el flujo de trabajo, los protocolos y las mejores pr\u00e1cticas.<\/li>\n<\/ul>\n<p>En nombre de todo el equipo de Insurance Pro Florida, nos gustar\u00eda aprovechar esta oportunidad para agradecerle por honrarnos con su confianza durante estos momentos sin precedentes.<\/p>\n","protected":false},"excerpt":{"rendered":"<p>\u00a1Estamos abiertos y listos para ayudarlo! En Insurance Pro, el bienestar de nuestros clientes y empleados es siempre nuestra principal prioridad. Aunque la mayor parte del proceso para contratar una p\u00f3liza de seguro se puede manejar por tel\u00e9fono y por correo electr\u00f3nico, esto es lo que estamos haciendo para las consultas en persona en nuestra&#8230; <a class=\"more-link\" href=\"https:\/\/insuranceprofl.com\/es\/covid19\/\">[Read More]<\/a><\/p>\n","protected":false},"author":2,"featured_media":0,"parent":0,"menu_order":0,"comment_status":"closed","ping_status":"closed","template":"","meta":{"_acf_changed":false,"inline_featured_image":false,"_uag_custom_page_level_css":"","_genesis_hide_title":false,"_genesis_hide_breadcrumbs":false,"_genesis_hide_singular_image":false,"_genesis_hide_footer_widgets":false,"_genesis_custom_body_class":"","_genesis_custom_post_class":"","_genesis_layout":"","footnotes":""},"class_list":{"0":"post-380","1":"page","2":"type-page","3":"status-publish","5":"entry"},"acf":[],"yoast_head":"<!-- This site is optimized with the Yoast SEO plugin v26.0 - https:\/\/yoast.com\/wordpress\/plugins\/seo\/ -->\n<title>COVID-19 Protocolos - Insurance Pro Florida<\/title>\n<meta name=\"description\" content=\"En Insurance Pro FL, el bienestar de nuestros clientes y empleados es siempre nuestra principal prioridad.\" \/>\n<meta name=\"robots\" content=\"index, follow, max-snippet:-1, max-image-preview:large, max-video-preview:-1\" \/>\n<link rel=\"canonical\" href=\"https:\/\/insuranceprofl.com\/es\/covid19\/\" \/>\n<meta property=\"og:locale\" content=\"es_MX\" \/>\n<meta property=\"og:type\" content=\"article\" \/>\n<meta property=\"og:title\" content=\"COVID-19 Protocolos - Insurance Pro Florida\" \/>\n<meta property=\"og:description\" content=\"En Insurance Pro FL, el bienestar de nuestros clientes y empleados es siempre nuestra principal prioridad.\" \/>\n<meta property=\"og:url\" content=\"https:\/\/insuranceprofl.com\/es\/covid19\/\" \/>\n<meta property=\"og:site_name\" content=\"Insurance Pro Fl Espa\u00f1ol\" \/>\n<meta property=\"article:modified_time\" content=\"2024-02-16T17:06:47+00:00\" \/>\n<meta name=\"twitter:card\" content=\"summary_large_image\" \/>\n<meta name=\"twitter:label1\" content=\"Est. reading time\" \/>\n\t<meta name=\"twitter:data1\" content=\"2 minutes\" \/>\n<script type=\"application\/ld+json\" class=\"yoast-schema-graph\">{\"@context\":\"https:\/\/schema.org\",\"@graph\":[{\"@type\":\"WebPage\",\"@id\":\"https:\/\/insuranceprofl.com\/es\/covid19\/\",\"url\":\"https:\/\/insuranceprofl.com\/es\/covid19\/\",\"name\":\"COVID-19 Protocolos - Insurance Pro Florida\",\"isPartOf\":{\"@id\":\"https:\/\/insuranceprofl.com\/es\/#website\"},\"datePublished\":\"2020-10-14T15:16:18+00:00\",\"dateModified\":\"2024-02-16T17:06:47+00:00\",\"description\":\"En Insurance Pro FL, el bienestar de nuestros clientes y empleados es siempre nuestra principal prioridad.\",\"breadcrumb\":{\"@id\":\"https:\/\/insuranceprofl.com\/es\/covid19\/#breadcrumb\"},\"inLanguage\":\"es-MX\",\"potentialAction\":[{\"@type\":\"ReadAction\",\"target\":[\"https:\/\/insuranceprofl.com\/es\/covid19\/\"]}]},{\"@type\":\"BreadcrumbList\",\"@id\":\"https:\/\/insuranceprofl.com\/es\/covid19\/#breadcrumb\",\"itemListElement\":[{\"@type\":\"ListItem\",\"position\":1,\"name\":\"Inicio\",\"item\":\"https:\/\/insuranceprofl.com\/es\/\"},{\"@type\":\"ListItem\",\"position\":2,\"name\":\"COVID-19 Protocolos\"}]},{\"@type\":\"WebSite\",\"@id\":\"https:\/\/insuranceprofl.com\/es\/#website\",\"url\":\"https:\/\/insuranceprofl.com\/es\/\",\"name\":\"Insurance Pro Fl Espa\u00f1ol\",\"description\":\"Health &amp; Life Insurance For Central Florida\",\"potentialAction\":[{\"@type\":\"SearchAction\",\"target\":{\"@type\":\"EntryPoint\",\"urlTemplate\":\"https:\/\/insuranceprofl.com\/es\/?s={search_term_string}\"},\"query-input\":{\"@type\":\"PropertyValueSpecification\",\"valueRequired\":true,\"valueName\":\"search_term_string\"}}],\"inLanguage\":\"es-MX\"}]}<\/script>\n<!-- \/ Yoast SEO plugin. -->","yoast_head_json":{"title":"COVID-19 Protocolos - Insurance Pro Florida","description":"En Insurance Pro FL, el bienestar de nuestros clientes y empleados es siempre nuestra principal prioridad.","robots":{"index":"index","follow":"follow","max-snippet":"max-snippet:-1","max-image-preview":"max-image-preview:large","max-video-preview":"max-video-preview:-1"},"canonical":"https:\/\/insuranceprofl.com\/es\/covid19\/","og_locale":"es_MX","og_type":"article","og_title":"COVID-19 Protocolos - Insurance Pro Florida","og_description":"En Insurance Pro FL, el bienestar de nuestros clientes y empleados es siempre nuestra principal prioridad.","og_url":"https:\/\/insuranceprofl.com\/es\/covid19\/","og_site_name":"Insurance Pro Fl Espa\u00f1ol","article_modified_time":"2024-02-16T17:06:47+00:00","twitter_card":"summary_large_image","twitter_misc":{"Est. reading time":"2 minutes"},"schema":{"@context":"https:\/\/schema.org","@graph":[{"@type":"WebPage","@id":"https:\/\/insuranceprofl.com\/es\/covid19\/","url":"https:\/\/insuranceprofl.com\/es\/covid19\/","name":"COVID-19 Protocolos - Insurance Pro Florida","isPartOf":{"@id":"https:\/\/insuranceprofl.com\/es\/#website"},"datePublished":"2020-10-14T15:16:18+00:00","dateModified":"2024-02-16T17:06:47+00:00","description":"En Insurance Pro FL, el bienestar de nuestros clientes y empleados es siempre nuestra principal prioridad.","breadcrumb":{"@id":"https:\/\/insuranceprofl.com\/es\/covid19\/#breadcrumb"},"inLanguage":"es-MX","potentialAction":[{"@type":"ReadAction","target":["https:\/\/insuranceprofl.com\/es\/covid19\/"]}]},{"@type":"BreadcrumbList","@id":"https:\/\/insuranceprofl.com\/es\/covid19\/#breadcrumb","itemListElement":[{"@type":"ListItem","position":1,"name":"Inicio","item":"https:\/\/insuranceprofl.com\/es\/"},{"@type":"ListItem","position":2,"name":"COVID-19 Protocolos"}]},{"@type":"WebSite","@id":"https:\/\/insuranceprofl.com\/es\/#website","url":"https:\/\/insuranceprofl.com\/es\/","name":"Insurance Pro Fl Espa\u00f1ol","description":"Health &amp; Life Insurance For Central Florida","potentialAction":[{"@type":"SearchAction","target":{"@type":"EntryPoint","urlTemplate":"https:\/\/insuranceprofl.com\/es\/?s={search_term_string}"},"query-input":{"@type":"PropertyValueSpecification","valueRequired":true,"valueName":"search_term_string"}}],"inLanguage":"es-MX"}]}},"uagb_featured_image_src":{"full":false,"thumbnail":false,"medium":false,"medium_large":false,"large":false,"1536x1536":false,"2048x2048":false,"gform-image-choice-sm":false,"gform-image-choice-md":false,"gform-image-choice-lg":false},"uagb_author_info":{"display_name":"Juan Carlos","author_link":"https:\/\/insuranceprofl.com\/es\/author\/admin\/"},"uagb_comment_info":0,"uagb_excerpt":"\u00a1Estamos abiertos y listos para ayudarlo! En Insurance Pro, el bienestar de nuestros clientes y empleados es siempre nuestra principal prioridad. Aunque la mayor parte del proceso para contratar una p\u00f3liza de seguro se puede manejar por tel\u00e9fono y por correo electr\u00f3nico, esto es lo que estamos haciendo para las consultas en persona en nuestra...&hellip;","_links":{"self":[{"href":"https:\/\/insuranceprofl.com\/es\/wp-json\/wp\/v2\/pages\/380","targetHints":{"allow":["GET"]}}],"collection":[{"href":"https:\/\/insuranceprofl.com\/es\/wp-json\/wp\/v2\/pages"}],"about":[{"href":"https:\/\/insuranceprofl.com\/es\/wp-json\/wp\/v2\/types\/page"}],"author":[{"embeddable":true,"href":"https:\/\/insuranceprofl.com\/es\/wp-json\/wp\/v2\/users\/2"}],"replies":[{"embeddable":true,"href":"https:\/\/insuranceprofl.com\/es\/wp-json\/wp\/v2\/comments?post=380"}],"version-history":[{"count":0,"href":"https:\/\/insuranceprofl.com\/es\/wp-json\/wp\/v2\/pages\/380\/revisions"}],"wp:attachment":[{"href":"https:\/\/insuranceprofl.com\/es\/wp-json\/wp\/v2\/media?parent=380"}],"curies":[{"name":"wp","href":"https:\/\/api.w.org\/{rel}","templated":true}]}}