{"id":546,"date":"2021-03-30T12:51:49","date_gmt":"2021-03-30T17:51:49","guid":{"rendered":"https:\/\/insuranceprofl.com\/es\/?page_id=546"},"modified":"2024-12-23T09:07:18","modified_gmt":"2024-12-23T14:07:18","slug":"ciudades-en-las-que-atendemos","status":"publish","type":"page","link":"https:\/\/insuranceprofl.com\/es\/ciudades-en-las-que-atendemos\/","title":{"rendered":"Ciudades en las que atendemos"},"content":{"rendered":"\n<h2 class=\"wp-block-heading\">Brindamos servicios para todos los residentes que viven en el estado de Florida.<\/h2>\n\n\n<div class=\"wp-block-image\">\n<figure class=\"alignright size-large is-resized\"><img loading=\"lazy\" decoding=\"async\" width=\"1024\" height=\"569\" src=\"https:\/\/insuranceprofl.com\/es\/wp-content\/uploads\/sites\/2\/2024\/12\/Lugares-que-atendemos-scaled-1-1024x569.jpg\" alt=\"Ciudades en las que atendemos\" class=\"wp-image-1619\" style=\"width:600px\" srcset=\"https:\/\/insuranceprofl.com\/es\/wp-content\/uploads\/sites\/2\/2024\/12\/Lugares-que-atendemos-scaled-1-1024x569.jpg 1024w, https:\/\/insuranceprofl.com\/es\/wp-content\/uploads\/sites\/2\/2024\/12\/Lugares-que-atendemos-scaled-1-300x167.jpg 300w, https:\/\/insuranceprofl.com\/es\/wp-content\/uploads\/sites\/2\/2024\/12\/Lugares-que-atendemos-scaled-1-768x427.jpg 768w, https:\/\/insuranceprofl.com\/es\/wp-content\/uploads\/sites\/2\/2024\/12\/Lugares-que-atendemos-scaled-1-1536x853.jpg 1536w, https:\/\/insuranceprofl.com\/es\/wp-content\/uploads\/sites\/2\/2024\/12\/Lugares-que-atendemos-scaled-1-2048x1138.jpg 2048w\" sizes=\"auto, (max-width: 1024px) 100vw, 1024px\" \/><\/figure>\n<\/div>\n\n\n<p>La mayor\u00eda de nuestros agentes se encuentran en la regi\u00f3n de Florida Central, incluidos los condados de Orange, Osceola, Seminole y Polk.<\/p>\n\n\n\n<p>Nuestros clientes provienen de los siguientes condados \/ ciudades, aunque cubrimos todo el estado de Florida. Por favor <a href=\"https:\/\/insuranceprofl.com\/es\/contactenos\/\" target=\"_blank\" rel=\"noopener\">comun\u00edquese con nosotros<\/a> si su condado \/ ciudad no aparece en la lista. Ser\u00e1 un placer ayudarlo en persona o a trav\u00e9s de una cita virtual.<\/p>\n\n\n\n<p><strong>NOTICIAS: Empezamos a atender a clientes en Jacksonville y Tampa.<\/strong><\/p>\n\n\n\n<h2 class=\"wp-block-heading\">Ubicaciones en las que atendemos:<\/h2>\n\n\n\n<div class=\"container\">\n<div class=\"row\">\n<div class=\"col-lg-6 col-md-6 colsm-12 col-xs-12\">\n<h3>Osceola County<\/h3>\n<ul class=\"featured-list-circle col-1\">\n<li><a href=\"https:\/\/insuranceprofl.com\/es\/ciudades-en-las-que-atendemos\/celebration\/\" target=\"_blank\" rel=\"noopener\">Celebration<\/a><\/li>\n<li>Intercession City<\/li>\n<li>Kenansville<\/li>\n<li><a href=\"https:\/\/insuranceprofl.com\/es\/ciudades-en-las-que-atendemos\/kissimmee\/\" target=\"_blank\" rel=\"noopener\">Kissimmee<\/a><\/li>\n<li><a href=\"https:\/\/insuranceprofl.com\/es\/ciudades-en-las-que-atendemos\/poinciana\/\" target=\"_blank\" rel=\"noopener\">Poinciana<\/a><\/li>\n<li>Saint Cloud<\/li>\n<\/ul>\n<h3>Orange County<\/h3>\n<ul class=\"featured-list-circle col-1\">\n<li><a href=\"\/es\/ciudades-en-las-que-atendemos\/apopka\/\" target=\"_blank\" rel=\"noopener\">Apopka<\/a><\/li>\n<li>Christmas<\/li>\n<li>Clarcona<\/li>\n<li>Gotha<\/li>\n<li>Killarney<\/li>\n<li>Maitland<\/li>\n<li>Oakland<\/li>\n<li>Ocoee<\/li>\n<li><a href=\"https:\/\/insuranceprofl.com\/es\/ciudades-en-las-que-atendemos\/orlando\/\" target=\"_blank\" rel=\"noopener\">Orlando<\/a><\/li>\n<li>Plymouth<\/li>\n<li>Tangerine<\/li>\n<li>Windermere<\/li>\n<li>Winter Garden<\/li>\n<li><a href=\"https:\/\/insuranceprofl.com\/es\/ciudades-en-las-que-atendemos\/winter-park\/\" target=\"_blank\" rel=\"noopener\">Winter Park<\/a><\/li>\n<li>Zellwood<\/li>\n<\/ul>\n<\/div>\n<div class=\"col-lg-6 col-md-6 colsm-12 col-xs-12\">\n<h3>Seminole County<\/h3>\n<ul class=\"featured-list-circle col-1\">\n<li><a href=\"\/es\/ciudades-en-las-que-atendemos\/winter-springs\/\" target=\"_blank\" rel=\"noopener\">Altamonte Springs<\/a><\/li>\n<li>Casselberry<\/li>\n<li>Geneva<\/li>\n<li>Goldenrod<\/li>\n<li>Lake Mary<\/li>\n<li>Lake Monroe<\/li>\n<li>Longwood<\/li>\n<li>Oviedo<\/li>\n<li>Sanford<\/li>\n<li><a href=\"\/es\/ciudades-en-las-que-atendemos\/winter-springs\/\" target=\"_blank\" rel=\"noopener\">Winter Springs<\/a><\/li>\n<\/ul>\n<h3>Polk County<\/h3>\n<ul class=\"featured-list-circle col-1\">\n<li>City of Auburndale<\/li>\n<li>City of Bartow<\/li>\n<li>City of Davenport<\/li>\n<li>Town of Dundee<\/li>\n<li>City of Eagle Lake<\/li>\n<li>City of Fort Meade<\/li>\n<li>City of Frostproof<\/li>\n<li>City of Haines City<\/li>\n<li>Village of Highland Park<\/li>\n<li>Town of Hillcrest Heights<\/li>\n<li>City of Lake Alfred<\/li>\n<li>Town of Lake Hamilton<\/li>\n<li>City of Lakeland<\/li>\n<li>City of Lake Wales<\/li>\n<li>City of Mulberry<\/li>\n<li>City of Polk City<\/li>\n<li>City of Winter Haven<\/li>\n<\/ul>\n<\/div>\n<\/div>\n<\/div>\n\n\n\n<p><strong>Deje que los especialistas de Insurance Pro le ayuden a elegir el seguro de salud que m\u00e1s se adapte a sus necesidades.<\/strong><\/p>\n\n\n\n<p><a class=\"button\" href=\"\/es\/contactenos\/\">Cont\u00e1ctenos<\/a><\/p>\n\n\n\n<p><style>\n\th3{<br \/>\t\tcolor: #005cc5;<br \/>\t}<br \/><\/style><\/p>\n\n\n\n<h2 class=\"wp-block-heading\">Las oficinas principales de Insurance Pro se encuentra en:<\/h2>\n\n\n\n<p>1112 N. John Young Pkwy<br>Kissimmee, FL<br>34741<br>(<a href=\"https:\/\/goo.gl\/maps\/tWFUDAjTVkpnrUA1A\" target=\"_blank\" rel=\"noopener\">View map<\/a>)<\/p>\n\n\n\n<p><iframe loading=\"lazy\" style=\"border: 0;\" src=\"https:\/\/www.google.com\/maps\/embed?pb=!1m18!1m12!1m3!1d3512.8564079278135!2d-81.4195328844764!3d28.302673582549104!2m3!1f0!2f0!3f0!3m2!1i1024!2i768!4f13.1!3m3!1m2!1s0x88dd8583ff856477%3A0x83a18129dcb9e487!2sInsurance%20Pro!5e0!3m2!1sen!2sus!4v1622561816236!5m2!1sen!2sus\" width=\"800\" height=\"600\" allowfullscreen=\"allowfullscreen\"><\/iframe><\/p>\n","protected":false},"excerpt":{"rendered":"<p>Brindamos servicios para todos los residentes que viven en el estado de Florida. La mayor\u00eda de nuestros agentes se encuentran en la regi\u00f3n de Florida Central, incluidos los condados de Orange, Osceola, Seminole y Polk. Nuestros clientes provienen de los siguientes condados \/ ciudades, aunque cubrimos todo el estado de Florida. Por favor comun\u00edquese con&#8230; <a class=\"more-link\" href=\"https:\/\/insuranceprofl.com\/es\/ciudades-en-las-que-atendemos\/\">[Read More]<\/a><\/p>\n","protected":false},"author":3,"featured_media":547,"parent":0,"menu_order":0,"comment_status":"closed","ping_status":"closed","template":"","meta":{"_acf_changed":false,"inline_featured_image":false,"_uag_custom_page_level_css":"","_genesis_hide_title":false,"_genesis_hide_breadcrumbs":false,"_genesis_hide_singular_image":false,"_genesis_hide_footer_widgets":false,"_genesis_custom_body_class":"","_genesis_custom_post_class":"","_genesis_layout":"","footnotes":""},"class_list":{"0":"post-546","1":"page","2":"type-page","3":"status-publish","4":"has-post-thumbnail","6":"entry"},"acf":[],"yoast_head":"<!-- This site is optimized with the Yoast SEO plugin v27.6 - https:\/\/yoast.com\/product\/yoast-seo-wordpress\/ -->\n<title>Ciudades en las que atendemos - Insurance Pro Fl Espa\u00f1ol<\/title>\n<meta name=\"description\" content=\"Brindamos servicios para todos los residentes que viven en el estado de Florida. La mayor\u00eda de nuestros agentes se encuentran en la regi\u00f3n de Florida\" \/>\n<meta name=\"robots\" content=\"index, follow, max-snippet:-1, max-image-preview:large, max-video-preview:-1\" \/>\n<link rel=\"canonical\" href=\"https:\/\/insuranceprofl.com\/es\/ciudades-en-las-que-atendemos\/\" \/>\n<meta property=\"og:locale\" content=\"es_MX\" \/>\n<meta property=\"og:type\" content=\"article\" \/>\n<meta property=\"og:title\" content=\"Ciudades en las que atendemos - Insurance Pro Fl Espa\u00f1ol\" \/>\n<meta property=\"og:description\" content=\"Brindamos servicios para todos los residentes que viven en el estado de Florida. La mayor\u00eda de nuestros agentes se encuentran en la regi\u00f3n de Florida\" \/>\n<meta property=\"og:url\" content=\"https:\/\/insuranceprofl.com\/es\/ciudades-en-las-que-atendemos\/\" \/>\n<meta property=\"og:site_name\" content=\"Insurance Pro Fl Espa\u00f1ol\" \/>\n<meta property=\"article:modified_time\" content=\"2024-12-23T14:07:18+00:00\" \/>\n<meta property=\"og:image\" content=\"https:\/\/insuranceprofl.com\/es\/wp-content\/uploads\/sites\/2\/2021\/03\/Lugares-que-atendemos-scaled.jpg\" \/>\n\t<meta property=\"og:image:width\" content=\"2560\" \/>\n\t<meta property=\"og:image:height\" content=\"1422\" \/>\n\t<meta property=\"og:image:type\" content=\"image\/jpeg\" \/>\n<meta name=\"twitter:card\" content=\"summary_large_image\" \/>\n<meta name=\"twitter:label1\" content=\"Est. reading time\" \/>\n\t<meta name=\"twitter:data1\" content=\"2 minutes\" \/>\n<script type=\"application\/ld+json\" class=\"yoast-schema-graph\">{\"@context\":\"https:\\\/\\\/schema.org\",\"@graph\":[{\"@type\":\"WebPage\",\"@id\":\"https:\\\/\\\/insuranceprofl.com\\\/es\\\/ciudades-en-las-que-atendemos\\\/\",\"url\":\"https:\\\/\\\/insuranceprofl.com\\\/es\\\/ciudades-en-las-que-atendemos\\\/\",\"name\":\"Ciudades en las que atendemos - Insurance Pro Fl Espa\u00f1ol\",\"isPartOf\":{\"@id\":\"https:\\\/\\\/insuranceprofl.com\\\/es\\\/#website\"},\"primaryImageOfPage\":{\"@id\":\"https:\\\/\\\/insuranceprofl.com\\\/es\\\/ciudades-en-las-que-atendemos\\\/#primaryimage\"},\"image\":{\"@id\":\"https:\\\/\\\/insuranceprofl.com\\\/es\\\/ciudades-en-las-que-atendemos\\\/#primaryimage\"},\"thumbnailUrl\":\"https:\\\/\\\/insuranceprofl.com\\\/es\\\/wp-content\\\/uploads\\\/sites\\\/2\\\/2021\\\/03\\\/Lugares-que-atendemos-scaled.jpg\",\"datePublished\":\"2021-03-30T17:51:49+00:00\",\"dateModified\":\"2024-12-23T14:07:18+00:00\",\"description\":\"Brindamos servicios para todos los residentes que viven en el estado de Florida. La mayor\u00eda de nuestros agentes se encuentran en la regi\u00f3n de Florida\",\"breadcrumb\":{\"@id\":\"https:\\\/\\\/insuranceprofl.com\\\/es\\\/ciudades-en-las-que-atendemos\\\/#breadcrumb\"},\"inLanguage\":\"es-MX\",\"potentialAction\":[{\"@type\":\"ReadAction\",\"target\":[\"https:\\\/\\\/insuranceprofl.com\\\/es\\\/ciudades-en-las-que-atendemos\\\/\"]}]},{\"@type\":\"ImageObject\",\"inLanguage\":\"es-MX\",\"@id\":\"https:\\\/\\\/insuranceprofl.com\\\/es\\\/ciudades-en-las-que-atendemos\\\/#primaryimage\",\"url\":\"https:\\\/\\\/insuranceprofl.com\\\/es\\\/wp-content\\\/uploads\\\/sites\\\/2\\\/2021\\\/03\\\/Lugares-que-atendemos-scaled.jpg\",\"contentUrl\":\"https:\\\/\\\/insuranceprofl.com\\\/es\\\/wp-content\\\/uploads\\\/sites\\\/2\\\/2021\\\/03\\\/Lugares-que-atendemos-scaled.jpg\",\"width\":2560,\"height\":1422},{\"@type\":\"BreadcrumbList\",\"@id\":\"https:\\\/\\\/insuranceprofl.com\\\/es\\\/ciudades-en-las-que-atendemos\\\/#breadcrumb\",\"itemListElement\":[{\"@type\":\"ListItem\",\"position\":1,\"name\":\"Inicio\",\"item\":\"https:\\\/\\\/insuranceprofl.com\\\/es\\\/\"},{\"@type\":\"ListItem\",\"position\":2,\"name\":\"Ciudades en las que atendemos\"}]},{\"@type\":\"WebSite\",\"@id\":\"https:\\\/\\\/insuranceprofl.com\\\/es\\\/#website\",\"url\":\"https:\\\/\\\/insuranceprofl.com\\\/es\\\/\",\"name\":\"Insurance Pro Fl Espa\u00f1ol\",\"description\":\"Health &amp; Life Insurance For Central Florida\",\"potentialAction\":[{\"@type\":\"SearchAction\",\"target\":{\"@type\":\"EntryPoint\",\"urlTemplate\":\"https:\\\/\\\/insuranceprofl.com\\\/es\\\/?s={search_term_string}\"},\"query-input\":{\"@type\":\"PropertyValueSpecification\",\"valueRequired\":true,\"valueName\":\"search_term_string\"}}],\"inLanguage\":\"es-MX\"}]}<\/script>\n<!-- \/ Yoast SEO plugin. -->","yoast_head_json":{"title":"Ciudades en las que atendemos - Insurance Pro Fl Espa\u00f1ol","description":"Brindamos servicios para todos los residentes que viven en el estado de Florida. La mayor\u00eda de nuestros agentes se encuentran en la regi\u00f3n de Florida","robots":{"index":"index","follow":"follow","max-snippet":"max-snippet:-1","max-image-preview":"max-image-preview:large","max-video-preview":"max-video-preview:-1"},"canonical":"https:\/\/insuranceprofl.com\/es\/ciudades-en-las-que-atendemos\/","og_locale":"es_MX","og_type":"article","og_title":"Ciudades en las que atendemos - Insurance Pro Fl Espa\u00f1ol","og_description":"Brindamos servicios para todos los residentes que viven en el estado de Florida. La mayor\u00eda de nuestros agentes se encuentran en la regi\u00f3n de Florida","og_url":"https:\/\/insuranceprofl.com\/es\/ciudades-en-las-que-atendemos\/","og_site_name":"Insurance Pro Fl Espa\u00f1ol","article_modified_time":"2024-12-23T14:07:18+00:00","og_image":[{"width":2560,"height":1422,"url":"https:\/\/insuranceprofl.com\/es\/wp-content\/uploads\/sites\/2\/2021\/03\/Lugares-que-atendemos-scaled.jpg","type":"image\/jpeg"}],"twitter_card":"summary_large_image","twitter_misc":{"Est. reading time":"2 minutes"},"schema":{"@context":"https:\/\/schema.org","@graph":[{"@type":"WebPage","@id":"https:\/\/insuranceprofl.com\/es\/ciudades-en-las-que-atendemos\/","url":"https:\/\/insuranceprofl.com\/es\/ciudades-en-las-que-atendemos\/","name":"Ciudades en las que atendemos - Insurance Pro Fl Espa\u00f1ol","isPartOf":{"@id":"https:\/\/insuranceprofl.com\/es\/#website"},"primaryImageOfPage":{"@id":"https:\/\/insuranceprofl.com\/es\/ciudades-en-las-que-atendemos\/#primaryimage"},"image":{"@id":"https:\/\/insuranceprofl.com\/es\/ciudades-en-las-que-atendemos\/#primaryimage"},"thumbnailUrl":"https:\/\/insuranceprofl.com\/es\/wp-content\/uploads\/sites\/2\/2021\/03\/Lugares-que-atendemos-scaled.jpg","datePublished":"2021-03-30T17:51:49+00:00","dateModified":"2024-12-23T14:07:18+00:00","description":"Brindamos servicios para todos los residentes que viven en el estado de Florida. La mayor\u00eda de nuestros agentes se encuentran en la regi\u00f3n de Florida","breadcrumb":{"@id":"https:\/\/insuranceprofl.com\/es\/ciudades-en-las-que-atendemos\/#breadcrumb"},"inLanguage":"es-MX","potentialAction":[{"@type":"ReadAction","target":["https:\/\/insuranceprofl.com\/es\/ciudades-en-las-que-atendemos\/"]}]},{"@type":"ImageObject","inLanguage":"es-MX","@id":"https:\/\/insuranceprofl.com\/es\/ciudades-en-las-que-atendemos\/#primaryimage","url":"https:\/\/insuranceprofl.com\/es\/wp-content\/uploads\/sites\/2\/2021\/03\/Lugares-que-atendemos-scaled.jpg","contentUrl":"https:\/\/insuranceprofl.com\/es\/wp-content\/uploads\/sites\/2\/2021\/03\/Lugares-que-atendemos-scaled.jpg","width":2560,"height":1422},{"@type":"BreadcrumbList","@id":"https:\/\/insuranceprofl.com\/es\/ciudades-en-las-que-atendemos\/#breadcrumb","itemListElement":[{"@type":"ListItem","position":1,"name":"Inicio","item":"https:\/\/insuranceprofl.com\/es\/"},{"@type":"ListItem","position":2,"name":"Ciudades en las que atendemos"}]},{"@type":"WebSite","@id":"https:\/\/insuranceprofl.com\/es\/#website","url":"https:\/\/insuranceprofl.com\/es\/","name":"Insurance Pro Fl Espa\u00f1ol","description":"Health &amp; Life Insurance For Central Florida","potentialAction":[{"@type":"SearchAction","target":{"@type":"EntryPoint","urlTemplate":"https:\/\/insuranceprofl.com\/es\/?s={search_term_string}"},"query-input":{"@type":"PropertyValueSpecification","valueRequired":true,"valueName":"search_term_string"}}],"inLanguage":"es-MX"}]}},"uagb_featured_image_src":{"full":["https:\/\/insuranceprofl.com\/es\/wp-content\/uploads\/sites\/2\/2021\/03\/Lugares-que-atendemos-scaled.jpg",2560,1422,false],"thumbnail":["https:\/\/insuranceprofl.com\/es\/wp-content\/uploads\/sites\/2\/2021\/03\/Lugares-que-atendemos-150x150.jpg",150,150,true],"medium":["https:\/\/insuranceprofl.com\/es\/wp-content\/uploads\/sites\/2\/2021\/03\/Lugares-que-atendemos-300x167.jpg",300,167,true],"medium_large":["https:\/\/insuranceprofl.com\/es\/wp-content\/uploads\/sites\/2\/2021\/03\/Lugares-que-atendemos-768x427.jpg",768,427,true],"large":["https:\/\/insuranceprofl.com\/es\/wp-content\/uploads\/sites\/2\/2021\/03\/Lugares-que-atendemos-1024x569.jpg",1024,569,true],"1536x1536":["https:\/\/insuranceprofl.com\/es\/wp-content\/uploads\/sites\/2\/2021\/03\/Lugares-que-atendemos-1536x853.jpg",1536,853,true],"2048x2048":["https:\/\/insuranceprofl.com\/es\/wp-content\/uploads\/sites\/2\/2021\/03\/Lugares-que-atendemos-2048x1138.jpg",2048,1138,true],"gform-image-choice-sm":["https:\/\/insuranceprofl.com\/es\/wp-content\/uploads\/sites\/2\/2021\/03\/Lugares-que-atendemos-scaled.jpg",300,167,false],"gform-image-choice-md":["https:\/\/insuranceprofl.com\/es\/wp-content\/uploads\/sites\/2\/2021\/03\/Lugares-que-atendemos-scaled.jpg",400,222,false],"gform-image-choice-lg":["https:\/\/insuranceprofl.com\/es\/wp-content\/uploads\/sites\/2\/2021\/03\/Lugares-que-atendemos-scaled.jpg",600,333,false]},"uagb_author_info":{"display_name":"support","author_link":"https:\/\/insuranceprofl.com\/es\/author\/support\/"},"uagb_comment_info":0,"uagb_excerpt":"Brindamos servicios para todos los residentes que viven en el estado de Florida. La mayor\u00eda de nuestros agentes se encuentran en la regi\u00f3n de Florida Central, incluidos los condados de Orange, Osceola, Seminole y Polk. Nuestros clientes provienen de los siguientes condados \/ ciudades, aunque cubrimos todo el estado de Florida. Por favor comun\u00edquese con...&hellip;","_links":{"self":[{"href":"https:\/\/insuranceprofl.com\/es\/wp-json\/wp\/v2\/pages\/546","targetHints":{"allow":["GET"]}}],"collection":[{"href":"https:\/\/insuranceprofl.com\/es\/wp-json\/wp\/v2\/pages"}],"about":[{"href":"https:\/\/insuranceprofl.com\/es\/wp-json\/wp\/v2\/types\/page"}],"author":[{"embeddable":true,"href":"https:\/\/insuranceprofl.com\/es\/wp-json\/wp\/v2\/users\/3"}],"replies":[{"embeddable":true,"href":"https:\/\/insuranceprofl.com\/es\/wp-json\/wp\/v2\/comments?post=546"}],"version-history":[{"count":0,"href":"https:\/\/insuranceprofl.com\/es\/wp-json\/wp\/v2\/pages\/546\/revisions"}],"wp:featuredmedia":[{"embeddable":true,"href":"https:\/\/insuranceprofl.com\/es\/wp-json\/wp\/v2\/media\/547"}],"wp:attachment":[{"href":"https:\/\/insuranceprofl.com\/es\/wp-json\/wp\/v2\/media?parent=546"}],"curies":[{"name":"wp","href":"https:\/\/api.w.org\/{rel}","templated":true}]}}