{"id":585,"date":"2021-05-20T12:48:02","date_gmt":"2021-05-20T17:48:02","guid":{"rendered":"https:\/\/insuranceprofl.com\/es\/?page_id=585"},"modified":"2024-02-07T12:07:50","modified_gmt":"2024-02-07T17:07:50","slug":"comprometidos-con-nuestra-comunidad","status":"publish","type":"page","link":"https:\/\/insuranceprofl.com\/es\/comprometidos-con-nuestra-comunidad\/","title":{"rendered":"Comprometidos con Nuestra Comunidad"},"content":{"rendered":"<div class=\"wp-block-image\">\n<figure class=\"alignright is-resized\"><img decoding=\"async\" src=\"\/es\/wp-content\/uploads\/sites\/2\/2021\/05\/ayudando-a-nuestra-comunidad-1.jpg\" alt=\"insurance pro\" style=\"width:400px\"\/><\/figure><\/div>\n\n\n<h2 class=\"wp-block-heading\">Estamos orgullosos de estar activos y comprometidos con nuestra comunidad<\/h2>\n\n\n\n<p>Llevamos m\u00e1s de 12 a\u00f1os sosteniendo una visi\u00f3n basada en el respeto por nuestros clientes, sus familias, el medioambiente y las sustentabilidad de las futuras generaciones.<\/p>\n\n\n\n<h3 class=\"wp-block-heading\">Programas Comunitarios Incluyen:<\/h3>\n\n\n\n<ul class=\"wp-block-list\">\n<li><a href=\"https:\/\/insuranceprofl.com\/es\/videos\/radio-y-digital\/\" target=\"_blank\" rel=\"noopener\">Programas de Radio Educacionales Semanalmente<\/a>.<\/li>\n\n\n\n<li><a href=\"https:\/\/insuranceprofl.com\/es\/ayudando-cientos-de-familias-en-thanksgiving\/\" target=\"_blank\" rel=\"noopener\">Evento anual de acci\u00f3n de gracias.<\/a> Ayudando a cientos de familias con comida gratuita.<\/li>\n\n\n\n<li>Ofrecemos orientaci\u00f3n sobre ayudas Estatales y Federales como son <a href=\"https:\/\/insuranceprofl.com\/es\/blog\/como-obtener-medicare-y-medicaid-en-kissimmee-florida\/\" target=\"_blank\" rel=\"noopener\">Medicare y Medicaid<\/a>.<\/li>\n\n\n\n<li>Somos un <a href=\"https:\/\/insuranceprofl.com\/es\/access-center\/\" target=\"_blank\" rel=\"noopener\">\u201cAccess Center\u201d<\/a> autorizados por el Departamento de Ni\u00f1os y Familia.<\/li>\n<\/ul>\n\n\n\n<div style=\"clear: both;\">&nbsp;<\/div>\n\n\n\n<div class=\"container-logo-companies bottom three-logos\">\n<figure><img decoding=\"async\" src=\"https:\/\/insuranceprofl.com\/es\/wp-content\/uploads\/sites\/2\/2021\/06\/access-florida-1.png\" alt=\"access-center-white\"><\/figure><p><\/p>\n<figure><img decoding=\"async\" src=\"https:\/\/insuranceprofl.com\/es\/wp-content\/uploads\/sites\/2\/2021\/06\/assurance-wireless-logo-white.png\" alt=\"assurance-wireless-logo-white\"><\/figure><p><\/p>\n<figure><img decoding=\"async\" src=\"https:\/\/insuranceprofl.com\/es\/wp-content\/uploads\/sites\/2\/2021\/06\/florida-department-of-children-and-families-white.png\" alt=\"florida-department-of-children-and-families-white\"><\/figure><p><\/p>\n<\/div>\n\n\n\t<div class=\"featured-video content-row videos-tag\">\n\t\t<div class=\"row\">\t\t\t\t<div class=\"col-12 col-md-8 video-main\">\n\t\t\t\t\t<h3 id=\"title-video\"><a href=\"https:\/\/insuranceprofl.com\/es\/video\/el-dificil-camino-de-cuidar-a-nuestros-padres-de-la-tercera-edad\/\">El Dif\u00edcil Camino de Cuidar a Nuestros Padres de la Tercera Edad: Una Conversaci\u00f3n Sincera<\/a><\/h3>\n\t\t\t\t\t<div class=\"youtube__wrapper\"><div class=\"youtube\" data-id=\"Br1cNIuFZhU\" style=\"background-image: url(https:\/\/insuranceprofl.com\/es\/wp-content\/uploads\/sites\/2\/2023\/09\/Screenshot-2024-01-04-123753.png)\"; >\n\t\t\t<div class=\"play-button\"><\/div>      \n\t\t<\/div><\/div>\t\t\t\t<\/div>\n\t\t\t\t<div class=\"col-12 col-md-4 videos-list\">\t\t\t\t<div class=\"video-item\">\n\t\t\t\t\t\t\t\t\t\t<a href=\"https:\/\/insuranceprofl.com\/es\/video\/en-vivo-con-advance-community-center\/\"><img decoding=\"async\" class=\"img-fluid aligncenter thumb-post-img\" src=\"https:\/\/insuranceprofl.com\/es\/wp-content\/uploads\/sites\/2\/2023\/08\/Screenshot-2023-08-28-105843.png\" alt=\"En Vivo con Advance Community Center: Explorando la Salud y Vida\" \/><\/a>\n\t\t\t\t\t<h4><a href=\"https:\/\/insuranceprofl.com\/es\/video\/en-vivo-con-advance-community-center\/\">En Vivo con Advance Community Center: Explorando la Salud y Vida<\/a><\/h4>\n\t\t\t\t<\/div>\t\t\t\t<div class=\"video-item\">\n\t\t\t\t\t\t\t\t\t\t<a href=\"https:\/\/insuranceprofl.com\/es\/video\/si-tienes-65-anos\/\"><img decoding=\"async\" class=\"img-fluid aligncenter thumb-post-img\" src=\"https:\/\/insuranceprofl.com\/es\/wp-content\/uploads\/sites\/2\/2023\/07\/si-tienes-65-anos.jpg\" alt=\"\u00a1Si tienes 65 a\u00f1os!\" \/><\/a>\n\t\t\t\t\t<h4><a href=\"https:\/\/insuranceprofl.com\/es\/video\/si-tienes-65-anos\/\">\u00a1Si tienes 65 a\u00f1os!<\/a><\/h4>\n\t\t\t\t<\/div>\t<div class=\"video-link-more\"><a href=\"\/es\/videos\/\" class=\"button sky-btn\">See More Videos<\/a><\/div>\n\t<\/div><\/div>\t\n\t<\/div>\n","protected":false},"excerpt":{"rendered":"<p>Estamos orgullosos de estar activos y comprometidos con nuestra comunidad Llevamos m\u00e1s de 12 a\u00f1os sosteniendo una visi\u00f3n basada en el respeto por nuestros clientes, sus familias, el medioambiente y las sustentabilidad de las futuras generaciones. Programas Comunitarios Incluyen: &nbsp;<\/p>\n","protected":false},"author":3,"featured_media":0,"parent":0,"menu_order":0,"comment_status":"closed","ping_status":"closed","template":"","meta":{"_acf_changed":false,"inline_featured_image":false,"_uag_custom_page_level_css":"","_genesis_hide_title":false,"_genesis_hide_breadcrumbs":false,"_genesis_hide_singular_image":false,"_genesis_hide_footer_widgets":false,"_genesis_custom_body_class":"","_genesis_custom_post_class":"","_genesis_layout":"","footnotes":""},"class_list":{"0":"post-585","1":"page","2":"type-page","3":"status-publish","5":"entry","6":"has-post-thumbnail"},"acf":[],"yoast_head":"<!-- This site is optimized with the Yoast SEO plugin v26.0 - https:\/\/yoast.com\/wordpress\/plugins\/seo\/ -->\n<title>Comprometidos con Nuestra Comunidad - Insurance Pro Fl Espa\u00f1ol<\/title>\n<meta name=\"description\" content=\"Estamos orgullosos de estar activos y comprometidos con nuestra comunidad Llevamos m\u00e1s de 12 a\u00f1os sosteniendo una visi\u00f3n basada en el respeto por nuestros\" \/>\n<meta name=\"robots\" content=\"index, follow, max-snippet:-1, max-image-preview:large, max-video-preview:-1\" \/>\n<link rel=\"canonical\" href=\"https:\/\/insuranceprofl.com\/es\/comprometidos-con-nuestra-comunidad\/\" \/>\n<meta property=\"og:locale\" content=\"es_MX\" \/>\n<meta property=\"og:type\" content=\"article\" \/>\n<meta property=\"og:title\" content=\"Comprometidos con Nuestra Comunidad - Insurance Pro Fl Espa\u00f1ol\" \/>\n<meta property=\"og:description\" content=\"Estamos orgullosos de estar activos y comprometidos con nuestra comunidad Llevamos m\u00e1s de 12 a\u00f1os sosteniendo una visi\u00f3n basada en el respeto por nuestros\" \/>\n<meta property=\"og:url\" content=\"https:\/\/insuranceprofl.com\/es\/comprometidos-con-nuestra-comunidad\/\" \/>\n<meta property=\"og:site_name\" content=\"Insurance Pro Fl Espa\u00f1ol\" \/>\n<meta property=\"article:modified_time\" content=\"2024-02-07T17:07:50+00:00\" \/>\n<meta property=\"og:image\" content=\"https:\/\/insuranceprofl.com\/es\/wp-content\/uploads\/sites\/2\/2021\/06\/access-florida-1.png\" \/>\n<meta name=\"twitter:card\" content=\"summary_large_image\" \/>\n<meta name=\"twitter:label1\" content=\"Est. reading time\" \/>\n\t<meta name=\"twitter:data1\" content=\"2 minutes\" \/>\n<script type=\"application\/ld+json\" class=\"yoast-schema-graph\">{\"@context\":\"https:\/\/schema.org\",\"@graph\":[{\"@type\":\"WebPage\",\"@id\":\"https:\/\/insuranceprofl.com\/es\/comprometidos-con-nuestra-comunidad\/\",\"url\":\"https:\/\/insuranceprofl.com\/es\/comprometidos-con-nuestra-comunidad\/\",\"name\":\"Comprometidos con Nuestra Comunidad - Insurance Pro Fl Espa\u00f1ol\",\"isPartOf\":{\"@id\":\"https:\/\/insuranceprofl.com\/es\/#website\"},\"primaryImageOfPage\":{\"@id\":\"https:\/\/insuranceprofl.com\/es\/comprometidos-con-nuestra-comunidad\/#primaryimage\"},\"image\":{\"@id\":\"https:\/\/insuranceprofl.com\/es\/comprometidos-con-nuestra-comunidad\/#primaryimage\"},\"thumbnailUrl\":\"https:\/\/insuranceprofl.com\/es\/wp-content\/uploads\/sites\/2\/2021\/06\/access-florida-1.png\",\"datePublished\":\"2021-05-20T17:48:02+00:00\",\"dateModified\":\"2024-02-07T17:07:50+00:00\",\"description\":\"Estamos orgullosos de estar activos y comprometidos con nuestra comunidad Llevamos m\u00e1s de 12 a\u00f1os sosteniendo una visi\u00f3n basada en el respeto por nuestros\",\"breadcrumb\":{\"@id\":\"https:\/\/insuranceprofl.com\/es\/comprometidos-con-nuestra-comunidad\/#breadcrumb\"},\"inLanguage\":\"es-MX\",\"potentialAction\":[{\"@type\":\"ReadAction\",\"target\":[\"https:\/\/insuranceprofl.com\/es\/comprometidos-con-nuestra-comunidad\/\"]}]},{\"@type\":\"ImageObject\",\"inLanguage\":\"es-MX\",\"@id\":\"https:\/\/insuranceprofl.com\/es\/comprometidos-con-nuestra-comunidad\/#primaryimage\",\"url\":\"https:\/\/insuranceprofl.com\/es\/wp-content\/uploads\/sites\/2\/2021\/06\/access-florida-1.png\",\"contentUrl\":\"https:\/\/insuranceprofl.com\/es\/wp-content\/uploads\/sites\/2\/2021\/06\/access-florida-1.png\",\"width\":575,\"height\":199},{\"@type\":\"BreadcrumbList\",\"@id\":\"https:\/\/insuranceprofl.com\/es\/comprometidos-con-nuestra-comunidad\/#breadcrumb\",\"itemListElement\":[{\"@type\":\"ListItem\",\"position\":1,\"name\":\"Inicio\",\"item\":\"https:\/\/insuranceprofl.com\/es\/\"},{\"@type\":\"ListItem\",\"position\":2,\"name\":\"Comprometidos con Nuestra Comunidad\"}]},{\"@type\":\"WebSite\",\"@id\":\"https:\/\/insuranceprofl.com\/es\/#website\",\"url\":\"https:\/\/insuranceprofl.com\/es\/\",\"name\":\"Insurance Pro Fl Espa\u00f1ol\",\"description\":\"Health &amp; Life Insurance For Central Florida\",\"potentialAction\":[{\"@type\":\"SearchAction\",\"target\":{\"@type\":\"EntryPoint\",\"urlTemplate\":\"https:\/\/insuranceprofl.com\/es\/?s={search_term_string}\"},\"query-input\":{\"@type\":\"PropertyValueSpecification\",\"valueRequired\":true,\"valueName\":\"search_term_string\"}}],\"inLanguage\":\"es-MX\"}]}<\/script>\n<!-- \/ Yoast SEO plugin. -->","yoast_head_json":{"title":"Comprometidos con Nuestra Comunidad - Insurance Pro Fl Espa\u00f1ol","description":"Estamos orgullosos de estar activos y comprometidos con nuestra comunidad Llevamos m\u00e1s de 12 a\u00f1os sosteniendo una visi\u00f3n basada en el respeto por nuestros","robots":{"index":"index","follow":"follow","max-snippet":"max-snippet:-1","max-image-preview":"max-image-preview:large","max-video-preview":"max-video-preview:-1"},"canonical":"https:\/\/insuranceprofl.com\/es\/comprometidos-con-nuestra-comunidad\/","og_locale":"es_MX","og_type":"article","og_title":"Comprometidos con Nuestra Comunidad - Insurance Pro Fl Espa\u00f1ol","og_description":"Estamos orgullosos de estar activos y comprometidos con nuestra comunidad Llevamos m\u00e1s de 12 a\u00f1os sosteniendo una visi\u00f3n basada en el respeto por nuestros","og_url":"https:\/\/insuranceprofl.com\/es\/comprometidos-con-nuestra-comunidad\/","og_site_name":"Insurance Pro Fl Espa\u00f1ol","article_modified_time":"2024-02-07T17:07:50+00:00","og_image":[{"url":"https:\/\/insuranceprofl.com\/es\/wp-content\/uploads\/sites\/2\/2021\/06\/access-florida-1.png","type":"","width":"","height":""}],"twitter_card":"summary_large_image","twitter_misc":{"Est. reading time":"2 minutes"},"schema":{"@context":"https:\/\/schema.org","@graph":[{"@type":"WebPage","@id":"https:\/\/insuranceprofl.com\/es\/comprometidos-con-nuestra-comunidad\/","url":"https:\/\/insuranceprofl.com\/es\/comprometidos-con-nuestra-comunidad\/","name":"Comprometidos con Nuestra Comunidad - Insurance Pro Fl Espa\u00f1ol","isPartOf":{"@id":"https:\/\/insuranceprofl.com\/es\/#website"},"primaryImageOfPage":{"@id":"https:\/\/insuranceprofl.com\/es\/comprometidos-con-nuestra-comunidad\/#primaryimage"},"image":{"@id":"https:\/\/insuranceprofl.com\/es\/comprometidos-con-nuestra-comunidad\/#primaryimage"},"thumbnailUrl":"https:\/\/insuranceprofl.com\/es\/wp-content\/uploads\/sites\/2\/2021\/06\/access-florida-1.png","datePublished":"2021-05-20T17:48:02+00:00","dateModified":"2024-02-07T17:07:50+00:00","description":"Estamos orgullosos de estar activos y comprometidos con nuestra comunidad Llevamos m\u00e1s de 12 a\u00f1os sosteniendo una visi\u00f3n basada en el respeto por nuestros","breadcrumb":{"@id":"https:\/\/insuranceprofl.com\/es\/comprometidos-con-nuestra-comunidad\/#breadcrumb"},"inLanguage":"es-MX","potentialAction":[{"@type":"ReadAction","target":["https:\/\/insuranceprofl.com\/es\/comprometidos-con-nuestra-comunidad\/"]}]},{"@type":"ImageObject","inLanguage":"es-MX","@id":"https:\/\/insuranceprofl.com\/es\/comprometidos-con-nuestra-comunidad\/#primaryimage","url":"https:\/\/insuranceprofl.com\/es\/wp-content\/uploads\/sites\/2\/2021\/06\/access-florida-1.png","contentUrl":"https:\/\/insuranceprofl.com\/es\/wp-content\/uploads\/sites\/2\/2021\/06\/access-florida-1.png","width":575,"height":199},{"@type":"BreadcrumbList","@id":"https:\/\/insuranceprofl.com\/es\/comprometidos-con-nuestra-comunidad\/#breadcrumb","itemListElement":[{"@type":"ListItem","position":1,"name":"Inicio","item":"https:\/\/insuranceprofl.com\/es\/"},{"@type":"ListItem","position":2,"name":"Comprometidos con Nuestra Comunidad"}]},{"@type":"WebSite","@id":"https:\/\/insuranceprofl.com\/es\/#website","url":"https:\/\/insuranceprofl.com\/es\/","name":"Insurance Pro Fl Espa\u00f1ol","description":"Health &amp; Life Insurance For Central Florida","potentialAction":[{"@type":"SearchAction","target":{"@type":"EntryPoint","urlTemplate":"https:\/\/insuranceprofl.com\/es\/?s={search_term_string}"},"query-input":{"@type":"PropertyValueSpecification","valueRequired":true,"valueName":"search_term_string"}}],"inLanguage":"es-MX"}]}},"uagb_featured_image_src":{"full":false,"thumbnail":false,"medium":false,"medium_large":false,"large":false,"1536x1536":false,"2048x2048":false,"gform-image-choice-sm":false,"gform-image-choice-md":false,"gform-image-choice-lg":false},"uagb_author_info":{"display_name":"support","author_link":"https:\/\/insuranceprofl.com\/es\/author\/support\/"},"uagb_comment_info":0,"uagb_excerpt":"Estamos orgullosos de estar activos y comprometidos con nuestra comunidad Llevamos m\u00e1s de 12 a\u00f1os sosteniendo una visi\u00f3n basada en el respeto por nuestros clientes, sus familias, el medioambiente y las sustentabilidad de las futuras generaciones. Programas Comunitarios Incluyen: &nbsp;","_links":{"self":[{"href":"https:\/\/insuranceprofl.com\/es\/wp-json\/wp\/v2\/pages\/585","targetHints":{"allow":["GET"]}}],"collection":[{"href":"https:\/\/insuranceprofl.com\/es\/wp-json\/wp\/v2\/pages"}],"about":[{"href":"https:\/\/insuranceprofl.com\/es\/wp-json\/wp\/v2\/types\/page"}],"author":[{"embeddable":true,"href":"https:\/\/insuranceprofl.com\/es\/wp-json\/wp\/v2\/users\/3"}],"replies":[{"embeddable":true,"href":"https:\/\/insuranceprofl.com\/es\/wp-json\/wp\/v2\/comments?post=585"}],"version-history":[{"count":0,"href":"https:\/\/insuranceprofl.com\/es\/wp-json\/wp\/v2\/pages\/585\/revisions"}],"wp:attachment":[{"href":"https:\/\/insuranceprofl.com\/es\/wp-json\/wp\/v2\/media?parent=585"}],"curies":[{"name":"wp","href":"https:\/\/api.w.org\/{rel}","templated":true}]}}