{"id":606,"date":"2021-06-01T12:08:33","date_gmt":"2021-06-01T17:08:33","guid":{"rendered":"https:\/\/insuranceprofl.com\/es\/?page_id=606"},"modified":"2024-12-23T12:36:12","modified_gmt":"2024-12-23T17:36:12","slug":"access-center","status":"publish","type":"page","link":"https:\/\/insuranceprofl.com\/es\/access-center\/","title":{"rendered":"Insurance Pro Access Center"},"content":{"rendered":"\n<h2 class=\"wp-block-heading\">Somos un \u201cAccess Center\u201d autorizado por el Departamento de Ni\u00f1os y Familia.<\/h2>\n\n\n<div class=\"wp-block-image size-large wp-image-609\">\n<figure class=\"alignright is-resized\"><img decoding=\"async\" width=\"1024\" height=\"569\" src=\"https:\/\/insuranceprofl.com\/es\/wp-content\/uploads\/sites\/2\/2024\/12\/access-center-1024x569.jpg\" alt=\"renovar su plan de Medicaid-1\" class=\"wp-image-1627\" style=\"width:504px;height:auto\" srcset=\"https:\/\/insuranceprofl.com\/es\/wp-content\/uploads\/sites\/2\/2024\/12\/access-center-1024x569.jpg 1024w, https:\/\/insuranceprofl.com\/es\/wp-content\/uploads\/sites\/2\/2024\/12\/access-center-300x167.jpg 300w, https:\/\/insuranceprofl.com\/es\/wp-content\/uploads\/sites\/2\/2024\/12\/access-center-768x427.jpg 768w, https:\/\/insuranceprofl.com\/es\/wp-content\/uploads\/sites\/2\/2024\/12\/access-center-1536x853.jpg 1536w, https:\/\/insuranceprofl.com\/es\/wp-content\/uploads\/sites\/2\/2024\/12\/access-center-2048x1138.jpg 2048w\" sizes=\"(max-width: 1024px) 100vw, 1024px\" \/><figcaption class=\"wp-element-caption\"><i>Somos un &#8220;<a href=\"http:\/\/www.myflorida.com\/accessflorida\/sp\/ebt.html\" target=\"_blank\" rel=\"noopener\">Access Center<\/a>&#8221; del Departamento de Ni\u00f1os y Familia.<\/i><\/figcaption><\/figure><\/div>\n\n\n<p>Los beneficios de Medicaid se deben renovar cada seis, ocho o doce meses (depende de cada caso) ya que sino lo hace en el tiempo establecido puede perderlos.<\/p>\n\n\n\n<p>Para renovar sus beneficios debe primero recibir la carta del Estado indicando que debe renovar su cobertura. Aproximadamente 2 meses antes de la renovaci\u00f3n.<\/p>\n\n\n\n<h3 class=\"wp-block-heading\">Despu\u00e9s de haber recibido la carta usted puede renovar los beneficios siguiendo estos pasos:<\/h3>\n\n\n\n<ul class=\"wp-block-list\">\n<li>Llamar a un agente certificado de Insurance Pro al <strong><a href=\"tel:14078477000\" onclick=\"sendEventToGoogle('Content', '\/es\/wp-json\/wp\/v2\/pages\/606', '+14078477000');\">407.847.7000<\/a><\/strong><\/li>\n\n\n\n<li>Iniciar sesi\u00f3n en su cuenta de <a href=\"http:\/\/www.myflorida.com\/accessflorida\/sp\/ebt.html\" target=\"_blank\" rel=\"noopener\">My Access<\/a>.<\/li>\n\n\n\n<li>Enviar al Access Center la documentaci\u00f3n solicitada en la carta recibida, en coordinaci\u00f3n con el agente certificado de Insurance Pro.<\/li>\n<\/ul>\n\n\n\n<h3 class=\"wp-block-heading\">Recuerde actualizar su informaci\u00f3n<\/h3>\n\n\n\n<p>Si se mud\u00f3 de casa o cambiaron sus datos personales, aseg\u00farese de actualizar al Estado cualquier cambio en su informaci\u00f3n accediendo a su cuenta <a href=\"http:\/\/www.myflorida.com\/accessflorida\/sp\/index.html\" target=\"_blank\" rel=\"noopener\">My Access Florida<\/a>.<\/p>\n\n\n\n<h3 class=\"wp-block-heading\">Asistencia Federal para obtener un tel\u00e9fono.<\/h3>\n\n\n\n<p>Mant\u00e9ngase siempre comunicado a trav\u00e9s de Assurance Wireless que cuenta con un programa de asistencia de Lifeline federal. Lifeline es un programa de beneficios del gobierno apoyado por el Fondo Federal de Servicio Universal.<\/p>\n\n\n\n<p>Usted puede calificar con base en los criterios de elegibilidad que var\u00edan por Estado federal. Sin embargo, puede calificar al estar en programas de asistencia p\u00fablica como Medicaid. Tambi\u00e9n puede calificar sobre la base de su ingreso familiar.<\/p>\n\n\n\n<h3 class=\"wp-block-heading\">Disponibilidad en nuestras oficinas en Kissimmee:<\/h3>\n\n\n\n<p>Estamos disponibles en nuestras oficinas principales en Kissimmee para asesorarle de forma gratuita todos los Martes, Mi\u00e9rcoles y Jueves de 9:30 a 5:00 p.m. No dude en <a href=\"\/es\/contactenos\/\" target=\"_blank\" rel=\"noopener\">contactarnos<\/a> para renovar e incluso obtener beneficios adicionales. Si usted no est\u00e1 en Kissimmee, es probable que tambi\u00e9n le podamos ayudar. Vea el <a href=\"https:\/\/insuranceprofl.com\/es\/ciudades-en-las-que-atendemos\/\" target=\"_blank\" rel=\"noopener\">listado de ciudades en las que atendemos<\/a>.<\/p>\n\n\n<div class=\"youtube__wrapper\"><div class=\"youtube\" data-id=\"IeUOMrqwdAA\" style=\"background-image: url(\/es\/wp-content\/uploads\/sites\/2\/2021\/08\/video-insuranceprofl-access-center.jpg)\"; >\n\t\t\t<div class=\"play-button\"><\/div>      \n\t\t<\/div><\/div>\n\n\n\n<p>Si necesita asesor\u00eda acerca de los <a href=\"https:\/\/insuranceprofl.com\/es\/seguro-de-salud-y-obamacare\/\" target=\"_blank\" rel=\"noopener\">Seguros de Salud<\/a> y <a href=\"https:\/\/insuranceprofl.com\/es\/seguro-de-vida\/\" target=\"_blank\" rel=\"noopener\">P\u00f3lizas de Vida<\/a> podemos ayudarle a obtener el plan que mejor se adapte a sus necesidades.<\/p>\n\n\n\n<p><a class=\"button button_size_3 button_js\" style=\"background-color: #f5b901 !important; color: #fff; border: solid 1px #F5B901;\" href=\"\/es\/contactenos\/\"><span class=\"button_label\">Cont\u00e1ctenos<\/span><\/a><\/p>\n\n\n\n<div style=\"line-height: 1.5;\"><strong>Juan Carlos &#8220;JC&#8221; Doitteau<\/strong><br><i>Presidente<\/i><br><strong><i><a href=\"tel:14078477000\" onclick=\"sendEventToGoogle('Content', '\/es\/wp-json\/wp\/v2\/pages\/606', '+14078477000');\">407.847.7000<\/a><\/i><\/strong><br><strong><i>jcinsuranceprofl@gmail.com<\/i><\/strong><\/div>\n\n\n\t<div class=\"featured-video content-row videos-tag\">\n\t\t<div class=\"row\">\t\t\t\t<div class=\"col-12 col-md-8 video-main\">\n\t\t\t\t\t<h3 id=\"title-video\"><a href=\"https:\/\/insuranceprofl.com\/es\/video\/el-dificil-camino-de-cuidar-a-nuestros-padres-de-la-tercera-edad\/\">El Dif\u00edcil Camino de Cuidar a Nuestros Padres de la Tercera Edad: Una Conversaci\u00f3n Sincera<\/a><\/h3>\n\t\t\t\t\t<div class=\"youtube__wrapper\"><div class=\"youtube\" data-id=\"Br1cNIuFZhU\" style=\"background-image: url(https:\/\/insuranceprofl.com\/es\/wp-content\/uploads\/sites\/2\/2023\/09\/Screenshot-2024-01-04-123753.png)\"; >\n\t\t\t<div class=\"play-button\"><\/div>      \n\t\t<\/div><\/div>\t\t\t\t<\/div>\n\t\t\t\t<div class=\"col-12 col-md-4 videos-list\">\t\t\t\t<div class=\"video-item\">\n\t\t\t\t\t\t\t\t\t\t<a href=\"https:\/\/insuranceprofl.com\/es\/video\/en-vivo-con-advance-community-center\/\"><img decoding=\"async\" class=\"img-fluid aligncenter thumb-post-img\" src=\"https:\/\/insuranceprofl.com\/es\/wp-content\/uploads\/sites\/2\/2023\/08\/Screenshot-2023-08-28-105843.png\" alt=\"En Vivo con Advance Community Center: Explorando la Salud y Vida\" \/><\/a>\n\t\t\t\t\t<h4><a href=\"https:\/\/insuranceprofl.com\/es\/video\/en-vivo-con-advance-community-center\/\">En Vivo con Advance Community Center: Explorando la Salud y Vida<\/a><\/h4>\n\t\t\t\t<\/div>\t\t\t\t<div class=\"video-item\">\n\t\t\t\t\t\t\t\t\t\t<a href=\"https:\/\/insuranceprofl.com\/es\/video\/si-tienes-65-anos\/\"><img decoding=\"async\" class=\"img-fluid aligncenter thumb-post-img\" src=\"https:\/\/insuranceprofl.com\/es\/wp-content\/uploads\/sites\/2\/2023\/07\/si-tienes-65-anos.jpg\" alt=\"\u00a1Si tienes 65 a\u00f1os!\" \/><\/a>\n\t\t\t\t\t<h4><a href=\"https:\/\/insuranceprofl.com\/es\/video\/si-tienes-65-anos\/\">\u00a1Si tienes 65 a\u00f1os!<\/a><\/h4>\n\t\t\t\t<\/div>\t<div class=\"video-link-more\"><a href=\"\/es\/videos\/\" class=\"button sky-btn\">See More Videos<\/a><\/div>\n\t<\/div><\/div>\t\n\t<\/div>\n\n\n\n<div style=\"clear: both;\">&nbsp;<\/div>\n\n\n\n<div class=\"container-logo-companies bottom three-logos\">\n<figure><img decoding=\"async\" src=\"https:\/\/insuranceprofl.com\/es\/wp-content\/uploads\/sites\/2\/2021\/06\/access-florida-1.png\" alt=\"access-center-white\"><\/figure><p><\/p>\n<figure><img decoding=\"async\" src=\"https:\/\/insuranceprofl.com\/es\/wp-content\/uploads\/sites\/2\/2021\/06\/assurance-wireless-logo-white.png\" alt=\"assurance-wireless-logo-white\"><\/figure><p><\/p>\n<figure><img decoding=\"async\" src=\"https:\/\/insuranceprofl.com\/es\/wp-content\/uploads\/sites\/2\/2021\/06\/florida-department-of-children-and-families-white.png\" alt=\"florida-department-of-children-and-families-white\"><\/figure><p><\/p>\n<\/div>\n","protected":false},"excerpt":{"rendered":"<p>Somos un \u201cAccess Center\u201d autorizado por el Departamento de Ni\u00f1os y Familia. Los beneficios de Medicaid se deben renovar cada seis, ocho o doce meses (depende de cada caso) ya que sino lo hace en el tiempo establecido puede perderlos. Para renovar sus beneficios debe primero recibir la carta del Estado indicando que debe renovar&#8230; <a class=\"more-link\" href=\"https:\/\/insuranceprofl.com\/es\/video\/si-tienes-65-anos\/\">[Read More]<\/a><\/p>\n","protected":false},"author":3,"featured_media":0,"parent":0,"menu_order":0,"comment_status":"closed","ping_status":"closed","template":"","meta":{"_acf_changed":false,"inline_featured_image":false,"_uag_custom_page_level_css":"","_genesis_hide_title":false,"_genesis_hide_breadcrumbs":false,"_genesis_hide_singular_image":false,"_genesis_hide_footer_widgets":false,"_genesis_custom_body_class":"","_genesis_custom_post_class":"","_genesis_layout":"","footnotes":""},"class_list":{"0":"post-606","1":"page","2":"type-page","3":"status-publish","5":"entry","6":"has-post-thumbnail"},"acf":[],"yoast_head":"<!-- This site is optimized with the Yoast SEO plugin v26.0 - https:\/\/yoast.com\/wordpress\/plugins\/seo\/ -->\n<title>Insurance Pro Access Center - Insurance Pro Fl Espa\u00f1ol<\/title>\n<meta name=\"description\" content=\"Somos un \u201cAccess Center\u201d autorizado por el Departamento de Ni\u00f1os y Familia. Somos un &quot;Access Center&quot; del Departamento de Ni\u00f1os y Familia. Los beneficios\" \/>\n<meta name=\"robots\" content=\"index, follow, max-snippet:-1, max-image-preview:large, max-video-preview:-1\" \/>\n<link rel=\"canonical\" href=\"https:\/\/insuranceprofl.com\/es\/access-center\/\" \/>\n<meta property=\"og:locale\" content=\"es_MX\" \/>\n<meta property=\"og:type\" content=\"article\" \/>\n<meta property=\"og:title\" content=\"Insurance Pro Access Center - Insurance Pro Fl Espa\u00f1ol\" \/>\n<meta property=\"og:description\" content=\"Somos un \u201cAccess Center\u201d autorizado por el Departamento de Ni\u00f1os y Familia. Somos un &quot;Access Center&quot; del Departamento de Ni\u00f1os y Familia. Los beneficios\" \/>\n<meta property=\"og:url\" content=\"https:\/\/insuranceprofl.com\/es\/access-center\/\" \/>\n<meta property=\"og:site_name\" content=\"Insurance Pro Fl Espa\u00f1ol\" \/>\n<meta property=\"article:modified_time\" content=\"2024-12-23T17:36:12+00:00\" \/>\n<meta property=\"og:image\" content=\"https:\/\/insuranceprofl.com\/es\/wp-content\/uploads\/sites\/2\/2024\/12\/access-center.jpg\" \/>\n\t<meta property=\"og:image:width\" content=\"2160\" \/>\n\t<meta property=\"og:image:height\" content=\"1200\" \/>\n\t<meta property=\"og:image:type\" content=\"image\/jpeg\" \/>\n<meta name=\"twitter:card\" content=\"summary_large_image\" \/>\n<meta name=\"twitter:label1\" content=\"Est. reading time\" \/>\n\t<meta name=\"twitter:data1\" content=\"3 minutes\" \/>\n<script type=\"application\/ld+json\" class=\"yoast-schema-graph\">{\"@context\":\"https:\/\/schema.org\",\"@graph\":[{\"@type\":\"WebPage\",\"@id\":\"https:\/\/insuranceprofl.com\/es\/access-center\/\",\"url\":\"https:\/\/insuranceprofl.com\/es\/access-center\/\",\"name\":\"Insurance Pro Access Center - Insurance Pro Fl Espa\u00f1ol\",\"isPartOf\":{\"@id\":\"https:\/\/insuranceprofl.com\/es\/#website\"},\"primaryImageOfPage\":{\"@id\":\"https:\/\/insuranceprofl.com\/es\/access-center\/#primaryimage\"},\"image\":{\"@id\":\"https:\/\/insuranceprofl.com\/es\/access-center\/#primaryimage\"},\"thumbnailUrl\":\"https:\/\/insuranceprofl.com\/es\/wp-content\/uploads\/sites\/2\/2024\/12\/access-center-1024x569.jpg\",\"datePublished\":\"2021-06-01T17:08:33+00:00\",\"dateModified\":\"2024-12-23T17:36:12+00:00\",\"description\":\"Somos un \u201cAccess Center\u201d autorizado por el Departamento de Ni\u00f1os y Familia. Somos un \\\"Access Center\\\" del Departamento de Ni\u00f1os y Familia. Los beneficios\",\"breadcrumb\":{\"@id\":\"https:\/\/insuranceprofl.com\/es\/access-center\/#breadcrumb\"},\"inLanguage\":\"es-MX\",\"potentialAction\":[{\"@type\":\"ReadAction\",\"target\":[\"https:\/\/insuranceprofl.com\/es\/access-center\/\"]}]},{\"@type\":\"ImageObject\",\"inLanguage\":\"es-MX\",\"@id\":\"https:\/\/insuranceprofl.com\/es\/access-center\/#primaryimage\",\"url\":\"https:\/\/insuranceprofl.com\/es\/wp-content\/uploads\/sites\/2\/2024\/12\/access-center.jpg\",\"contentUrl\":\"https:\/\/insuranceprofl.com\/es\/wp-content\/uploads\/sites\/2\/2024\/12\/access-center.jpg\",\"width\":2160,\"height\":1200,\"caption\":\"renovar su plan de Medicaid-1\"},{\"@type\":\"BreadcrumbList\",\"@id\":\"https:\/\/insuranceprofl.com\/es\/access-center\/#breadcrumb\",\"itemListElement\":[{\"@type\":\"ListItem\",\"position\":1,\"name\":\"Inicio\",\"item\":\"https:\/\/insuranceprofl.com\/es\/\"},{\"@type\":\"ListItem\",\"position\":2,\"name\":\"Insurance Pro Access Center\"}]},{\"@type\":\"WebSite\",\"@id\":\"https:\/\/insuranceprofl.com\/es\/#website\",\"url\":\"https:\/\/insuranceprofl.com\/es\/\",\"name\":\"Insurance Pro Fl Espa\u00f1ol\",\"description\":\"Health &amp; Life Insurance For Central Florida\",\"potentialAction\":[{\"@type\":\"SearchAction\",\"target\":{\"@type\":\"EntryPoint\",\"urlTemplate\":\"https:\/\/insuranceprofl.com\/es\/?s={search_term_string}\"},\"query-input\":{\"@type\":\"PropertyValueSpecification\",\"valueRequired\":true,\"valueName\":\"search_term_string\"}}],\"inLanguage\":\"es-MX\"}]}<\/script>\n<!-- \/ Yoast SEO plugin. -->","yoast_head_json":{"title":"Insurance Pro Access Center - Insurance Pro Fl Espa\u00f1ol","description":"Somos un \u201cAccess Center\u201d autorizado por el Departamento de Ni\u00f1os y Familia. Somos un \"Access Center\" del Departamento de Ni\u00f1os y Familia. Los beneficios","robots":{"index":"index","follow":"follow","max-snippet":"max-snippet:-1","max-image-preview":"max-image-preview:large","max-video-preview":"max-video-preview:-1"},"canonical":"https:\/\/insuranceprofl.com\/es\/access-center\/","og_locale":"es_MX","og_type":"article","og_title":"Insurance Pro Access Center - Insurance Pro Fl Espa\u00f1ol","og_description":"Somos un \u201cAccess Center\u201d autorizado por el Departamento de Ni\u00f1os y Familia. Somos un \"Access Center\" del Departamento de Ni\u00f1os y Familia. Los beneficios","og_url":"https:\/\/insuranceprofl.com\/es\/access-center\/","og_site_name":"Insurance Pro Fl Espa\u00f1ol","article_modified_time":"2024-12-23T17:36:12+00:00","og_image":[{"width":2160,"height":1200,"url":"https:\/\/insuranceprofl.com\/es\/wp-content\/uploads\/sites\/2\/2024\/12\/access-center.jpg","type":"image\/jpeg"}],"twitter_card":"summary_large_image","twitter_misc":{"Est. reading time":"3 minutes"},"schema":{"@context":"https:\/\/schema.org","@graph":[{"@type":"WebPage","@id":"https:\/\/insuranceprofl.com\/es\/access-center\/","url":"https:\/\/insuranceprofl.com\/es\/access-center\/","name":"Insurance Pro Access Center - Insurance Pro Fl Espa\u00f1ol","isPartOf":{"@id":"https:\/\/insuranceprofl.com\/es\/#website"},"primaryImageOfPage":{"@id":"https:\/\/insuranceprofl.com\/es\/access-center\/#primaryimage"},"image":{"@id":"https:\/\/insuranceprofl.com\/es\/access-center\/#primaryimage"},"thumbnailUrl":"https:\/\/insuranceprofl.com\/es\/wp-content\/uploads\/sites\/2\/2024\/12\/access-center-1024x569.jpg","datePublished":"2021-06-01T17:08:33+00:00","dateModified":"2024-12-23T17:36:12+00:00","description":"Somos un \u201cAccess Center\u201d autorizado por el Departamento de Ni\u00f1os y Familia. Somos un \"Access Center\" del Departamento de Ni\u00f1os y Familia. Los beneficios","breadcrumb":{"@id":"https:\/\/insuranceprofl.com\/es\/access-center\/#breadcrumb"},"inLanguage":"es-MX","potentialAction":[{"@type":"ReadAction","target":["https:\/\/insuranceprofl.com\/es\/access-center\/"]}]},{"@type":"ImageObject","inLanguage":"es-MX","@id":"https:\/\/insuranceprofl.com\/es\/access-center\/#primaryimage","url":"https:\/\/insuranceprofl.com\/es\/wp-content\/uploads\/sites\/2\/2024\/12\/access-center.jpg","contentUrl":"https:\/\/insuranceprofl.com\/es\/wp-content\/uploads\/sites\/2\/2024\/12\/access-center.jpg","width":2160,"height":1200,"caption":"renovar su plan de Medicaid-1"},{"@type":"BreadcrumbList","@id":"https:\/\/insuranceprofl.com\/es\/access-center\/#breadcrumb","itemListElement":[{"@type":"ListItem","position":1,"name":"Inicio","item":"https:\/\/insuranceprofl.com\/es\/"},{"@type":"ListItem","position":2,"name":"Insurance Pro Access Center"}]},{"@type":"WebSite","@id":"https:\/\/insuranceprofl.com\/es\/#website","url":"https:\/\/insuranceprofl.com\/es\/","name":"Insurance Pro Fl Espa\u00f1ol","description":"Health &amp; Life Insurance For Central Florida","potentialAction":[{"@type":"SearchAction","target":{"@type":"EntryPoint","urlTemplate":"https:\/\/insuranceprofl.com\/es\/?s={search_term_string}"},"query-input":{"@type":"PropertyValueSpecification","valueRequired":true,"valueName":"search_term_string"}}],"inLanguage":"es-MX"}]}},"uagb_featured_image_src":{"full":false,"thumbnail":false,"medium":false,"medium_large":false,"large":false,"1536x1536":false,"2048x2048":false,"gform-image-choice-sm":false,"gform-image-choice-md":false,"gform-image-choice-lg":false},"uagb_author_info":{"display_name":"support","author_link":"https:\/\/insuranceprofl.com\/es\/author\/support\/"},"uagb_comment_info":0,"uagb_excerpt":"Somos un \u201cAccess Center\u201d autorizado por el Departamento de Ni\u00f1os y Familia. Los beneficios de Medicaid se deben renovar cada seis, ocho o doce meses (depende de cada caso) ya que sino lo hace en el tiempo establecido puede perderlos. Para renovar sus beneficios debe primero recibir la carta del Estado indicando que debe renovar...&hellip;","_links":{"self":[{"href":"https:\/\/insuranceprofl.com\/es\/wp-json\/wp\/v2\/pages\/606","targetHints":{"allow":["GET"]}}],"collection":[{"href":"https:\/\/insuranceprofl.com\/es\/wp-json\/wp\/v2\/pages"}],"about":[{"href":"https:\/\/insuranceprofl.com\/es\/wp-json\/wp\/v2\/types\/page"}],"author":[{"embeddable":true,"href":"https:\/\/insuranceprofl.com\/es\/wp-json\/wp\/v2\/users\/3"}],"replies":[{"embeddable":true,"href":"https:\/\/insuranceprofl.com\/es\/wp-json\/wp\/v2\/comments?post=606"}],"version-history":[{"count":0,"href":"https:\/\/insuranceprofl.com\/es\/wp-json\/wp\/v2\/pages\/606\/revisions"}],"wp:attachment":[{"href":"https:\/\/insuranceprofl.com\/es\/wp-json\/wp\/v2\/media?parent=606"}],"curies":[{"name":"wp","href":"https:\/\/api.w.org\/{rel}","templated":true}]}}