{"id":620,"date":"2021-06-01T12:42:26","date_gmt":"2021-06-01T17:42:26","guid":{"rendered":"https:\/\/insuranceprofl.com\/es\/?page_id=620"},"modified":"2024-02-16T12:25:54","modified_gmt":"2024-02-16T17:25:54","slug":"ayudando-cientos-de-familias-en-thanksgiving","status":"publish","type":"page","link":"https:\/\/insuranceprofl.com\/es\/ayudando-cientos-de-familias-en-thanksgiving\/","title":{"rendered":"Insurance Pro est\u00e1 ayudando a cientos de familias con una comida gratuita de Acci\u00f3n de Gracias"},"content":{"rendered":"<p>El D\u00eda de Acci\u00f3n de Gracias (&#8220;Thanksgiving&#8221;) fue originado de una mezcla de tradiciones europeas y abor\u00edgenes con colonos e indios como protagonistas dando gracias por las cosechas, la caza y la paz, que se festeja el \u00faltimo jueves de cada noviembre. Y si bien muchos lo consideran simplemente como la fiesta previa al Viernes Negro de compras, en realidad es pro sobre todo una fecha ideal para pensar en nuestra comunidad y ayudar a los m\u00e1s necesitados. Por eso, <a href=\"https:\/\/insuranceprofl.com\/es\/comprometidos-con-nuestra-comunidad\/\" rel=\"noopener\" target=\"_blank\">Insurance Pro est\u00e1 comprometido con la comunidad<\/a>, y este es uno de los programas anuales que organizamos para ayudar a nuestras familias.<\/p>\n<h2>La bondad de la gente nos une y nos hace una comunidad m\u00e1s fuerte \u00a1Feliz d\u00eda de acci\u00f3n de gracias!<\/h2>\n<p><center><iframe loading=\"lazy\" src=\"https:\/\/www.facebook.com\/plugins\/post.php?href=https%3A%2F%2Fwww.facebook.com%2FInsuranceprofl%2Fposts%2F1170113553141824&#038;width=700&#038;show_text=true&#038;appId=211070348949547&#038;height=883\" width=\"700\" height=\"883\" style=\"border:none;overflow:hidden\" scrolling=\"no\" frameborder=\"0\" allowfullscreen=\"true\" allow=\"autoplay; clipboard-write; encrypted-media; picture-in-picture; web-share\"><\/iframe><\/center><\/p>\n<div style=\"clear:both;\"><\/div>\n<div class=\"container-logo-companies bottom three-logos\">\n<p><img decoding=\"async\" alt=\"access-center-white\" src=\"https:\/\/insuranceprofl.com\/es\/wp-content\/uploads\/sites\/2\/2021\/06\/access-florida-1.png\"><\/p>\n<p><img decoding=\"async\" alt=\"assurance-wireless-logo-white\" src=\"https:\/\/insuranceprofl.com\/es\/wp-content\/uploads\/sites\/2\/2021\/06\/assurance-wireless-logo-white.png\"><\/p>\n<p><img decoding=\"async\" alt=\"florida-department-of-children-and-families-white\" src=\"https:\/\/insuranceprofl.com\/es\/wp-content\/uploads\/sites\/2\/2021\/06\/florida-department-of-children-and-families-white.png\"><\/p>\n<\/div>\n","protected":false},"excerpt":{"rendered":"<p>El D\u00eda de Acci\u00f3n de Gracias (&#8220;Thanksgiving&#8221;) fue originado de una mezcla de tradiciones europeas y abor\u00edgenes con colonos e indios como protagonistas dando gracias por las cosechas, la caza y la paz, que se festeja el \u00faltimo jueves de cada noviembre. Y si bien muchos lo consideran simplemente como la fiesta previa al Viernes&#8230; <a class=\"more-link\" href=\"https:\/\/insuranceprofl.com\/es\/ayudando-cientos-de-familias-en-thanksgiving\/\">[Read More]<\/a><\/p>\n","protected":false},"author":3,"featured_media":0,"parent":0,"menu_order":0,"comment_status":"closed","ping_status":"closed","template":"","meta":{"_acf_changed":false,"inline_featured_image":false,"_uag_custom_page_level_css":"","_genesis_hide_title":false,"_genesis_hide_breadcrumbs":false,"_genesis_hide_singular_image":false,"_genesis_hide_footer_widgets":false,"_genesis_custom_body_class":"","_genesis_custom_post_class":"","_genesis_layout":"","footnotes":""},"class_list":{"0":"post-620","1":"page","2":"type-page","3":"status-publish","5":"entry"},"acf":[],"yoast_head":"<!-- This site is optimized with the Yoast SEO plugin v27.6 - https:\/\/yoast.com\/product\/yoast-seo-wordpress\/ -->\n<title>La bondad de la gente nos une y nos hace una comunidad m\u00e1s fuerte<\/title>\n<meta name=\"description\" content=\"Insurance Pro est\u00e1 ayudando a cientos de familias con una comida gratuita de Acci\u00f3n de Gracias.\" \/>\n<meta name=\"robots\" content=\"index, follow, max-snippet:-1, max-image-preview:large, max-video-preview:-1\" \/>\n<link rel=\"canonical\" href=\"https:\/\/insuranceprofl.com\/es\/ayudando-cientos-de-familias-en-thanksgiving\/\" \/>\n<meta property=\"og:locale\" content=\"es_MX\" \/>\n<meta property=\"og:type\" content=\"article\" \/>\n<meta property=\"og:title\" content=\"La bondad de la gente nos une y nos hace una comunidad m\u00e1s fuerte\" \/>\n<meta property=\"og:description\" content=\"Insurance Pro est\u00e1 ayudando a cientos de familias con una comida gratuita de Acci\u00f3n de Gracias.\" \/>\n<meta property=\"og:url\" content=\"https:\/\/insuranceprofl.com\/es\/ayudando-cientos-de-familias-en-thanksgiving\/\" \/>\n<meta property=\"og:site_name\" content=\"Insurance Pro Fl Espa\u00f1ol\" \/>\n<meta property=\"article:modified_time\" content=\"2024-02-16T17:25:54+00:00\" \/>\n<meta property=\"og:image\" content=\"https:\/\/insuranceprofl.com\/es\/wp-content\/uploads\/sites\/2\/2021\/06\/access-florida-1.png\" \/>\n<meta name=\"twitter:card\" content=\"summary_large_image\" \/>\n<meta name=\"twitter:label1\" content=\"Est. reading time\" \/>\n\t<meta name=\"twitter:data1\" content=\"2 minutes\" \/>\n<script type=\"application\/ld+json\" class=\"yoast-schema-graph\">{\"@context\":\"https:\\\/\\\/schema.org\",\"@graph\":[{\"@type\":\"WebPage\",\"@id\":\"https:\\\/\\\/insuranceprofl.com\\\/es\\\/ayudando-cientos-de-familias-en-thanksgiving\\\/\",\"url\":\"https:\\\/\\\/insuranceprofl.com\\\/es\\\/ayudando-cientos-de-familias-en-thanksgiving\\\/\",\"name\":\"La bondad de la gente nos une y nos hace una comunidad m\u00e1s fuerte\",\"isPartOf\":{\"@id\":\"https:\\\/\\\/insuranceprofl.com\\\/es\\\/#website\"},\"primaryImageOfPage\":{\"@id\":\"https:\\\/\\\/insuranceprofl.com\\\/es\\\/ayudando-cientos-de-familias-en-thanksgiving\\\/#primaryimage\"},\"image\":{\"@id\":\"https:\\\/\\\/insuranceprofl.com\\\/es\\\/ayudando-cientos-de-familias-en-thanksgiving\\\/#primaryimage\"},\"thumbnailUrl\":\"https:\\\/\\\/insuranceprofl.com\\\/es\\\/wp-content\\\/uploads\\\/sites\\\/2\\\/2021\\\/06\\\/access-florida-1.png\",\"datePublished\":\"2021-06-01T17:42:26+00:00\",\"dateModified\":\"2024-02-16T17:25:54+00:00\",\"description\":\"Insurance Pro est\u00e1 ayudando a cientos de familias con una comida gratuita de Acci\u00f3n de Gracias.\",\"breadcrumb\":{\"@id\":\"https:\\\/\\\/insuranceprofl.com\\\/es\\\/ayudando-cientos-de-familias-en-thanksgiving\\\/#breadcrumb\"},\"inLanguage\":\"es-MX\",\"potentialAction\":[{\"@type\":\"ReadAction\",\"target\":[\"https:\\\/\\\/insuranceprofl.com\\\/es\\\/ayudando-cientos-de-familias-en-thanksgiving\\\/\"]}]},{\"@type\":\"ImageObject\",\"inLanguage\":\"es-MX\",\"@id\":\"https:\\\/\\\/insuranceprofl.com\\\/es\\\/ayudando-cientos-de-familias-en-thanksgiving\\\/#primaryimage\",\"url\":\"https:\\\/\\\/insuranceprofl.com\\\/es\\\/wp-content\\\/uploads\\\/sites\\\/2\\\/2021\\\/06\\\/access-florida-1.png\",\"contentUrl\":\"https:\\\/\\\/insuranceprofl.com\\\/es\\\/wp-content\\\/uploads\\\/sites\\\/2\\\/2021\\\/06\\\/access-florida-1.png\",\"width\":575,\"height\":199},{\"@type\":\"BreadcrumbList\",\"@id\":\"https:\\\/\\\/insuranceprofl.com\\\/es\\\/ayudando-cientos-de-familias-en-thanksgiving\\\/#breadcrumb\",\"itemListElement\":[{\"@type\":\"ListItem\",\"position\":1,\"name\":\"Inicio\",\"item\":\"https:\\\/\\\/insuranceprofl.com\\\/es\\\/\"},{\"@type\":\"ListItem\",\"position\":2,\"name\":\"Comida Gratuita de Acci\u00f3n de Gracias\"}]},{\"@type\":\"WebSite\",\"@id\":\"https:\\\/\\\/insuranceprofl.com\\\/es\\\/#website\",\"url\":\"https:\\\/\\\/insuranceprofl.com\\\/es\\\/\",\"name\":\"Insurance Pro Fl Espa\u00f1ol\",\"description\":\"Health &amp; Life Insurance For Central Florida\",\"potentialAction\":[{\"@type\":\"SearchAction\",\"target\":{\"@type\":\"EntryPoint\",\"urlTemplate\":\"https:\\\/\\\/insuranceprofl.com\\\/es\\\/?s={search_term_string}\"},\"query-input\":{\"@type\":\"PropertyValueSpecification\",\"valueRequired\":true,\"valueName\":\"search_term_string\"}}],\"inLanguage\":\"es-MX\"}]}<\/script>\n<!-- \/ Yoast SEO plugin. -->","yoast_head_json":{"title":"La bondad de la gente nos une y nos hace una comunidad m\u00e1s fuerte","description":"Insurance Pro est\u00e1 ayudando a cientos de familias con una comida gratuita de Acci\u00f3n de Gracias.","robots":{"index":"index","follow":"follow","max-snippet":"max-snippet:-1","max-image-preview":"max-image-preview:large","max-video-preview":"max-video-preview:-1"},"canonical":"https:\/\/insuranceprofl.com\/es\/ayudando-cientos-de-familias-en-thanksgiving\/","og_locale":"es_MX","og_type":"article","og_title":"La bondad de la gente nos une y nos hace una comunidad m\u00e1s fuerte","og_description":"Insurance Pro est\u00e1 ayudando a cientos de familias con una comida gratuita de Acci\u00f3n de Gracias.","og_url":"https:\/\/insuranceprofl.com\/es\/ayudando-cientos-de-familias-en-thanksgiving\/","og_site_name":"Insurance Pro Fl Espa\u00f1ol","article_modified_time":"2024-02-16T17:25:54+00:00","og_image":[{"url":"https:\/\/insuranceprofl.com\/es\/wp-content\/uploads\/sites\/2\/2021\/06\/access-florida-1.png","type":"","width":"","height":""}],"twitter_card":"summary_large_image","twitter_misc":{"Est. reading time":"2 minutes"},"schema":{"@context":"https:\/\/schema.org","@graph":[{"@type":"WebPage","@id":"https:\/\/insuranceprofl.com\/es\/ayudando-cientos-de-familias-en-thanksgiving\/","url":"https:\/\/insuranceprofl.com\/es\/ayudando-cientos-de-familias-en-thanksgiving\/","name":"La bondad de la gente nos une y nos hace una comunidad m\u00e1s fuerte","isPartOf":{"@id":"https:\/\/insuranceprofl.com\/es\/#website"},"primaryImageOfPage":{"@id":"https:\/\/insuranceprofl.com\/es\/ayudando-cientos-de-familias-en-thanksgiving\/#primaryimage"},"image":{"@id":"https:\/\/insuranceprofl.com\/es\/ayudando-cientos-de-familias-en-thanksgiving\/#primaryimage"},"thumbnailUrl":"https:\/\/insuranceprofl.com\/es\/wp-content\/uploads\/sites\/2\/2021\/06\/access-florida-1.png","datePublished":"2021-06-01T17:42:26+00:00","dateModified":"2024-02-16T17:25:54+00:00","description":"Insurance Pro est\u00e1 ayudando a cientos de familias con una comida gratuita de Acci\u00f3n de Gracias.","breadcrumb":{"@id":"https:\/\/insuranceprofl.com\/es\/ayudando-cientos-de-familias-en-thanksgiving\/#breadcrumb"},"inLanguage":"es-MX","potentialAction":[{"@type":"ReadAction","target":["https:\/\/insuranceprofl.com\/es\/ayudando-cientos-de-familias-en-thanksgiving\/"]}]},{"@type":"ImageObject","inLanguage":"es-MX","@id":"https:\/\/insuranceprofl.com\/es\/ayudando-cientos-de-familias-en-thanksgiving\/#primaryimage","url":"https:\/\/insuranceprofl.com\/es\/wp-content\/uploads\/sites\/2\/2021\/06\/access-florida-1.png","contentUrl":"https:\/\/insuranceprofl.com\/es\/wp-content\/uploads\/sites\/2\/2021\/06\/access-florida-1.png","width":575,"height":199},{"@type":"BreadcrumbList","@id":"https:\/\/insuranceprofl.com\/es\/ayudando-cientos-de-familias-en-thanksgiving\/#breadcrumb","itemListElement":[{"@type":"ListItem","position":1,"name":"Inicio","item":"https:\/\/insuranceprofl.com\/es\/"},{"@type":"ListItem","position":2,"name":"Comida Gratuita de Acci\u00f3n de Gracias"}]},{"@type":"WebSite","@id":"https:\/\/insuranceprofl.com\/es\/#website","url":"https:\/\/insuranceprofl.com\/es\/","name":"Insurance Pro Fl Espa\u00f1ol","description":"Health &amp; Life Insurance For Central Florida","potentialAction":[{"@type":"SearchAction","target":{"@type":"EntryPoint","urlTemplate":"https:\/\/insuranceprofl.com\/es\/?s={search_term_string}"},"query-input":{"@type":"PropertyValueSpecification","valueRequired":true,"valueName":"search_term_string"}}],"inLanguage":"es-MX"}]}},"uagb_featured_image_src":{"full":false,"thumbnail":false,"medium":false,"medium_large":false,"large":false,"1536x1536":false,"2048x2048":false,"gform-image-choice-sm":false,"gform-image-choice-md":false,"gform-image-choice-lg":false},"uagb_author_info":{"display_name":"support","author_link":"https:\/\/insuranceprofl.com\/es\/author\/support\/"},"uagb_comment_info":0,"uagb_excerpt":"El D\u00eda de Acci\u00f3n de Gracias (&#8220;Thanksgiving&#8221;) fue originado de una mezcla de tradiciones europeas y abor\u00edgenes con colonos e indios como protagonistas dando gracias por las cosechas, la caza y la paz, que se festeja el \u00faltimo jueves de cada noviembre. Y si bien muchos lo consideran simplemente como la fiesta previa al Viernes...&hellip;","_links":{"self":[{"href":"https:\/\/insuranceprofl.com\/es\/wp-json\/wp\/v2\/pages\/620","targetHints":{"allow":["GET"]}}],"collection":[{"href":"https:\/\/insuranceprofl.com\/es\/wp-json\/wp\/v2\/pages"}],"about":[{"href":"https:\/\/insuranceprofl.com\/es\/wp-json\/wp\/v2\/types\/page"}],"author":[{"embeddable":true,"href":"https:\/\/insuranceprofl.com\/es\/wp-json\/wp\/v2\/users\/3"}],"replies":[{"embeddable":true,"href":"https:\/\/insuranceprofl.com\/es\/wp-json\/wp\/v2\/comments?post=620"}],"version-history":[{"count":0,"href":"https:\/\/insuranceprofl.com\/es\/wp-json\/wp\/v2\/pages\/620\/revisions"}],"wp:attachment":[{"href":"https:\/\/insuranceprofl.com\/es\/wp-json\/wp\/v2\/media?parent=620"}],"curies":[{"name":"wp","href":"https:\/\/api.w.org\/{rel}","templated":true}]}}