{"id":844,"date":"2021-11-30T17:41:01","date_gmt":"2021-11-30T22:41:01","guid":{"rendered":"https:\/\/insuranceprofl.com\/es\/?page_id=844"},"modified":"2022-05-10T12:42:52","modified_gmt":"2022-05-10T17:42:52","slug":"obamacare-lista-de-verificacion-solicitud-de-seguro-de-salud","status":"publish","type":"page","link":"https:\/\/insuranceprofl.com\/es\/obamacare-lista-de-verificacion-solicitud-de-seguro-de-salud\/","title":{"rendered":"Lista de verificaci\u00f3n para la aplicaci\u00f3n del Seguro de Salud del Marketplace"},"content":{"rendered":"<h3>Aqu\u00ed est\u00e1 la lista de informaci\u00f3n \/ documentos que necesitaremos para inscribirlo en un plan Health Insurance Marketplace\u00ae:<\/h3>\n<p><img decoding=\"async\" src=\"https:\/\/insuranceprofl.com\/wp-content\/uploads\/2021\/11\/check-list-insurance.jpg\" alt=\"check list insurance\" width=\"600\" height=\"394\" class=\"alignright size-full wp-image-889\" \/><\/p>\n<ul class=\"checklist\">\n<li>Informaci\u00f3n sobre el tama\u00f1o de su hogar.<\/li>\n<li>Domicilios y \/ o direcciones postales.<\/li>\n<li>N\u00fameros de seguro social y fechas de nacimiento de todas las personas que solicitan la cobertura.<\/li>\n<li>Informaci\u00f3n sobre c\u00f3mo planea presentar sus impuestos en 2022.<\/li>\n<li>Estimaci\u00f3n de los ingresos de su hogar en 2022.<\/li>\n<li>Nombre del empleador y n\u00famero de tel\u00e9fono de cada miembro de su hogar que solicite cobertura.<\/li>\n<\/ul>\n<h2>\u00bfAlguna pregunta sobre ACA &#8211; Obamacare?<\/h2>\n<p><a href=\"\/es\/contactenos\/\" target=\"_blank\" rel=\"noopener noreferrer\">Comun\u00edquese con nosotros<\/a> si tiene preguntas sobre ACA &#8211; Obamacare o Medicare Advantage. Ll\u00e1menos tambi\u00e9n para averiguar si califica para un plan con una p\u00f3liza mensual de $0.<\/p>\n<p><a class=\"button button_size_6 button_js\" style=\"background-color: #f5b901 !important; color: #fff; border: solid 1px #F5B901;\" href=\"\/es\/contactenos\/\"><span class=\"button_label\">Solicitar una Cotizaci\u00f3n<\/span><\/a><\/p>\n","protected":false},"excerpt":{"rendered":"<p>Aqu\u00ed est\u00e1 la lista de informaci\u00f3n \/ documentos que necesitaremos para inscribirlo en un plan Health Insurance Marketplace\u00ae: Informaci\u00f3n sobre el tama\u00f1o de su hogar. Domicilios y \/ o direcciones postales. N\u00fameros de seguro social y fechas de nacimiento de todas las personas que solicitan la cobertura. Informaci\u00f3n sobre c\u00f3mo planea presentar sus impuestos en&#8230; <a class=\"more-link\" href=\"https:\/\/insuranceprofl.com\/es\/obamacare-lista-de-verificacion-solicitud-de-seguro-de-salud\/\">[Read More]<\/a><\/p>\n","protected":false},"author":3,"featured_media":0,"parent":0,"menu_order":0,"comment_status":"closed","ping_status":"closed","template":"","meta":{"_acf_changed":false,"inline_featured_image":false,"_uag_custom_page_level_css":"","_genesis_hide_title":false,"_genesis_hide_breadcrumbs":false,"_genesis_hide_singular_image":false,"_genesis_hide_footer_widgets":false,"_genesis_custom_body_class":"","_genesis_custom_post_class":"","_genesis_layout":"","footnotes":""},"class_list":{"0":"post-844","1":"page","2":"type-page","3":"status-publish","5":"entry"},"acf":[],"yoast_head":"<!-- This site is optimized with the Yoast SEO plugin v26.0 - https:\/\/yoast.com\/wordpress\/plugins\/seo\/ -->\n<title>Lista de verificaci\u00f3n para el Seguro de Salud del Marketplace<\/title>\n<meta name=\"description\" content=\"Aqu\u00ed est\u00e1 la lista de informaci\u00f3n \/ documentos que necesitaremos para inscribirlo en un plan Health Insurance Marketplace\u00ae: Informaci\u00f3n sobre el tama\u00f1o de\" \/>\n<meta name=\"robots\" content=\"index, follow, max-snippet:-1, max-image-preview:large, max-video-preview:-1\" \/>\n<link rel=\"canonical\" href=\"https:\/\/insuranceprofl.com\/es\/obamacare-lista-de-verificacion-solicitud-de-seguro-de-salud\/\" \/>\n<meta property=\"og:locale\" content=\"es_MX\" \/>\n<meta property=\"og:type\" content=\"article\" \/>\n<meta property=\"og:title\" content=\"Lista de verificaci\u00f3n para el Seguro de Salud del Marketplace\" \/>\n<meta property=\"og:description\" content=\"Aqu\u00ed est\u00e1 la lista de informaci\u00f3n \/ documentos que necesitaremos para inscribirlo en un plan Health Insurance Marketplace\u00ae: Informaci\u00f3n sobre el tama\u00f1o de\" \/>\n<meta property=\"og:url\" content=\"https:\/\/insuranceprofl.com\/es\/obamacare-lista-de-verificacion-solicitud-de-seguro-de-salud\/\" \/>\n<meta property=\"og:site_name\" content=\"Insurance Pro Fl Espa\u00f1ol\" \/>\n<meta property=\"article:modified_time\" content=\"2022-05-10T17:42:52+00:00\" \/>\n<meta property=\"og:image\" content=\"https:\/\/insuranceprofl.com\/wp-content\/uploads\/2021\/11\/check-list-insurance.jpg\" \/>\n<meta name=\"twitter:card\" content=\"summary_large_image\" \/>\n<meta name=\"twitter:label1\" content=\"Est. reading time\" \/>\n\t<meta name=\"twitter:data1\" content=\"1 minute\" \/>\n<script type=\"application\/ld+json\" class=\"yoast-schema-graph\">{\"@context\":\"https:\/\/schema.org\",\"@graph\":[{\"@type\":\"WebPage\",\"@id\":\"https:\/\/insuranceprofl.com\/es\/obamacare-lista-de-verificacion-solicitud-de-seguro-de-salud\/\",\"url\":\"https:\/\/insuranceprofl.com\/es\/obamacare-lista-de-verificacion-solicitud-de-seguro-de-salud\/\",\"name\":\"Lista de verificaci\u00f3n para el Seguro de Salud del Marketplace\",\"isPartOf\":{\"@id\":\"https:\/\/insuranceprofl.com\/es\/#website\"},\"primaryImageOfPage\":{\"@id\":\"https:\/\/insuranceprofl.com\/es\/obamacare-lista-de-verificacion-solicitud-de-seguro-de-salud\/#primaryimage\"},\"image\":{\"@id\":\"https:\/\/insuranceprofl.com\/es\/obamacare-lista-de-verificacion-solicitud-de-seguro-de-salud\/#primaryimage\"},\"thumbnailUrl\":\"https:\/\/insuranceprofl.com\/wp-content\/uploads\/2021\/11\/check-list-insurance.jpg\",\"datePublished\":\"2021-11-30T22:41:01+00:00\",\"dateModified\":\"2022-05-10T17:42:52+00:00\",\"description\":\"Aqu\u00ed est\u00e1 la lista de informaci\u00f3n \/ documentos que necesitaremos para inscribirlo en un plan Health Insurance Marketplace\u00ae: Informaci\u00f3n sobre el tama\u00f1o de\",\"breadcrumb\":{\"@id\":\"https:\/\/insuranceprofl.com\/es\/obamacare-lista-de-verificacion-solicitud-de-seguro-de-salud\/#breadcrumb\"},\"inLanguage\":\"es-MX\",\"potentialAction\":[{\"@type\":\"ReadAction\",\"target\":[\"https:\/\/insuranceprofl.com\/es\/obamacare-lista-de-verificacion-solicitud-de-seguro-de-salud\/\"]}]},{\"@type\":\"ImageObject\",\"inLanguage\":\"es-MX\",\"@id\":\"https:\/\/insuranceprofl.com\/es\/obamacare-lista-de-verificacion-solicitud-de-seguro-de-salud\/#primaryimage\",\"url\":\"https:\/\/insuranceprofl.com\/wp-content\/uploads\/2021\/11\/check-list-insurance.jpg\",\"contentUrl\":\"https:\/\/insuranceprofl.com\/wp-content\/uploads\/2021\/11\/check-list-insurance.jpg\"},{\"@type\":\"BreadcrumbList\",\"@id\":\"https:\/\/insuranceprofl.com\/es\/obamacare-lista-de-verificacion-solicitud-de-seguro-de-salud\/#breadcrumb\",\"itemListElement\":[{\"@type\":\"ListItem\",\"position\":1,\"name\":\"Inicio\",\"item\":\"https:\/\/insuranceprofl.com\/es\/\"},{\"@type\":\"ListItem\",\"position\":2,\"name\":\"Lista de verificaci\u00f3n para la aplicaci\u00f3n del Seguro de Salud del Marketplace\"}]},{\"@type\":\"WebSite\",\"@id\":\"https:\/\/insuranceprofl.com\/es\/#website\",\"url\":\"https:\/\/insuranceprofl.com\/es\/\",\"name\":\"Insurance Pro Fl Espa\u00f1ol\",\"description\":\"Health &amp; Life Insurance For Central Florida\",\"potentialAction\":[{\"@type\":\"SearchAction\",\"target\":{\"@type\":\"EntryPoint\",\"urlTemplate\":\"https:\/\/insuranceprofl.com\/es\/?s={search_term_string}\"},\"query-input\":{\"@type\":\"PropertyValueSpecification\",\"valueRequired\":true,\"valueName\":\"search_term_string\"}}],\"inLanguage\":\"es-MX\"}]}<\/script>\n<!-- \/ Yoast SEO plugin. -->","yoast_head_json":{"title":"Lista de verificaci\u00f3n para el Seguro de Salud del Marketplace","description":"Aqu\u00ed est\u00e1 la lista de informaci\u00f3n \/ documentos que necesitaremos para inscribirlo en un plan Health Insurance Marketplace\u00ae: Informaci\u00f3n sobre el tama\u00f1o de","robots":{"index":"index","follow":"follow","max-snippet":"max-snippet:-1","max-image-preview":"max-image-preview:large","max-video-preview":"max-video-preview:-1"},"canonical":"https:\/\/insuranceprofl.com\/es\/obamacare-lista-de-verificacion-solicitud-de-seguro-de-salud\/","og_locale":"es_MX","og_type":"article","og_title":"Lista de verificaci\u00f3n para el Seguro de Salud del Marketplace","og_description":"Aqu\u00ed est\u00e1 la lista de informaci\u00f3n \/ documentos que necesitaremos para inscribirlo en un plan Health Insurance Marketplace\u00ae: Informaci\u00f3n sobre el tama\u00f1o de","og_url":"https:\/\/insuranceprofl.com\/es\/obamacare-lista-de-verificacion-solicitud-de-seguro-de-salud\/","og_site_name":"Insurance Pro Fl Espa\u00f1ol","article_modified_time":"2022-05-10T17:42:52+00:00","og_image":[{"url":"https:\/\/insuranceprofl.com\/wp-content\/uploads\/2021\/11\/check-list-insurance.jpg","type":"","width":"","height":""}],"twitter_card":"summary_large_image","twitter_misc":{"Est. reading time":"1 minute"},"schema":{"@context":"https:\/\/schema.org","@graph":[{"@type":"WebPage","@id":"https:\/\/insuranceprofl.com\/es\/obamacare-lista-de-verificacion-solicitud-de-seguro-de-salud\/","url":"https:\/\/insuranceprofl.com\/es\/obamacare-lista-de-verificacion-solicitud-de-seguro-de-salud\/","name":"Lista de verificaci\u00f3n para el Seguro de Salud del Marketplace","isPartOf":{"@id":"https:\/\/insuranceprofl.com\/es\/#website"},"primaryImageOfPage":{"@id":"https:\/\/insuranceprofl.com\/es\/obamacare-lista-de-verificacion-solicitud-de-seguro-de-salud\/#primaryimage"},"image":{"@id":"https:\/\/insuranceprofl.com\/es\/obamacare-lista-de-verificacion-solicitud-de-seguro-de-salud\/#primaryimage"},"thumbnailUrl":"https:\/\/insuranceprofl.com\/wp-content\/uploads\/2021\/11\/check-list-insurance.jpg","datePublished":"2021-11-30T22:41:01+00:00","dateModified":"2022-05-10T17:42:52+00:00","description":"Aqu\u00ed est\u00e1 la lista de informaci\u00f3n \/ documentos que necesitaremos para inscribirlo en un plan Health Insurance Marketplace\u00ae: Informaci\u00f3n sobre el tama\u00f1o de","breadcrumb":{"@id":"https:\/\/insuranceprofl.com\/es\/obamacare-lista-de-verificacion-solicitud-de-seguro-de-salud\/#breadcrumb"},"inLanguage":"es-MX","potentialAction":[{"@type":"ReadAction","target":["https:\/\/insuranceprofl.com\/es\/obamacare-lista-de-verificacion-solicitud-de-seguro-de-salud\/"]}]},{"@type":"ImageObject","inLanguage":"es-MX","@id":"https:\/\/insuranceprofl.com\/es\/obamacare-lista-de-verificacion-solicitud-de-seguro-de-salud\/#primaryimage","url":"https:\/\/insuranceprofl.com\/wp-content\/uploads\/2021\/11\/check-list-insurance.jpg","contentUrl":"https:\/\/insuranceprofl.com\/wp-content\/uploads\/2021\/11\/check-list-insurance.jpg"},{"@type":"BreadcrumbList","@id":"https:\/\/insuranceprofl.com\/es\/obamacare-lista-de-verificacion-solicitud-de-seguro-de-salud\/#breadcrumb","itemListElement":[{"@type":"ListItem","position":1,"name":"Inicio","item":"https:\/\/insuranceprofl.com\/es\/"},{"@type":"ListItem","position":2,"name":"Lista de verificaci\u00f3n para la aplicaci\u00f3n del Seguro de Salud del Marketplace"}]},{"@type":"WebSite","@id":"https:\/\/insuranceprofl.com\/es\/#website","url":"https:\/\/insuranceprofl.com\/es\/","name":"Insurance Pro Fl Espa\u00f1ol","description":"Health &amp; Life Insurance For Central Florida","potentialAction":[{"@type":"SearchAction","target":{"@type":"EntryPoint","urlTemplate":"https:\/\/insuranceprofl.com\/es\/?s={search_term_string}"},"query-input":{"@type":"PropertyValueSpecification","valueRequired":true,"valueName":"search_term_string"}}],"inLanguage":"es-MX"}]}},"uagb_featured_image_src":{"full":false,"thumbnail":false,"medium":false,"medium_large":false,"large":false,"1536x1536":false,"2048x2048":false,"gform-image-choice-sm":false,"gform-image-choice-md":false,"gform-image-choice-lg":false},"uagb_author_info":{"display_name":"support","author_link":"https:\/\/insuranceprofl.com\/es\/author\/support\/"},"uagb_comment_info":0,"uagb_excerpt":"Aqu\u00ed est\u00e1 la lista de informaci\u00f3n \/ documentos que necesitaremos para inscribirlo en un plan Health Insurance Marketplace\u00ae: Informaci\u00f3n sobre el tama\u00f1o de su hogar. Domicilios y \/ o direcciones postales. N\u00fameros de seguro social y fechas de nacimiento de todas las personas que solicitan la cobertura. Informaci\u00f3n sobre c\u00f3mo planea presentar sus impuestos en...&hellip;","_links":{"self":[{"href":"https:\/\/insuranceprofl.com\/es\/wp-json\/wp\/v2\/pages\/844","targetHints":{"allow":["GET"]}}],"collection":[{"href":"https:\/\/insuranceprofl.com\/es\/wp-json\/wp\/v2\/pages"}],"about":[{"href":"https:\/\/insuranceprofl.com\/es\/wp-json\/wp\/v2\/types\/page"}],"author":[{"embeddable":true,"href":"https:\/\/insuranceprofl.com\/es\/wp-json\/wp\/v2\/users\/3"}],"replies":[{"embeddable":true,"href":"https:\/\/insuranceprofl.com\/es\/wp-json\/wp\/v2\/comments?post=844"}],"version-history":[{"count":0,"href":"https:\/\/insuranceprofl.com\/es\/wp-json\/wp\/v2\/pages\/844\/revisions"}],"wp:attachment":[{"href":"https:\/\/insuranceprofl.com\/es\/wp-json\/wp\/v2\/media?parent=844"}],"curies":[{"name":"wp","href":"https:\/\/api.w.org\/{rel}","templated":true}]}}