{"id":857,"date":"2021-12-30T16:31:17","date_gmt":"2021-12-30T21:31:17","guid":{"rendered":"https:\/\/insuranceprofl.com\/es\/?page_id=857"},"modified":"2024-02-07T11:51:35","modified_gmt":"2024-02-07T16:51:35","slug":"saint-cloud","status":"publish","type":"page","link":"https:\/\/insuranceprofl.com\/es\/ciudades-en-las-que-atendemos\/saint-cloud\/","title":{"rendered":"Insurance Pro atiende a los residentes de Saint Cloud"},"content":{"rendered":"\n<h2 class=\"wp-block-heading\">Nuestros agentes de seguro en Saint Cloud brindan servicios de seguros para todos los residentes que viven en Saint Cloud, Florida.<\/h2>\n\n\n<div class=\"wp-block-image\">\n<figure class=\"alignright is-resized\"><img decoding=\"async\" src=\"https:\/\/insuranceprofl.com\/es\/wp-content\/uploads\/sites\/2\/2021\/03\/Lugares-que-atendemos-scaled.jpg\" alt=\"insurance pro\" style=\"width:600px\"\/><\/figure><\/div>\n\n\n<p>Estamos dedicados a brindarles a nuestros clientes en Florida la mejor cobertura a tarifas competitivas. La mayor\u00eda de los estadounidenses investigando o <a href=\"https:\/\/insuranceprofl.com\/es\/seguro-de-vida\/\" target=\"_blank\" rel=\"noopener\">comprando un seguro de vida<\/a> en l\u00ednea indic\u00f3 que su m\u00e9todo preferido para comprar cobertura es trabajar con un agente independiente u otro experto financiero. Cuando busque agentes de <strong> seguros de vida en Saint Cloud<\/strong>, no busque m\u00e1s all\u00e1 de Insurance Pro. En <a href=\"https:\/\/insuranceprofl.com\/es\/acerca-de-nosotros\/\" target=\"_blank\" rel=\"noopener\">Insurance Pro<\/a>, nos enorgullecemos de tratar a nuestros clientes como una familia con honestidad e integridad, porque somos una agencia de seguros independiente y familiar que ha brindado a los residentes de Florida una cobertura completa y asequible durante d\u00e9cadas..<\/p>\n\n\n\n<p>Insurance Pro ha sido distinguida con el &#8220;<strong> Premio al Mejor Productor 2020 <\/strong>&#8221; de Ambetter Health, Oscar Health, Bright Health y Foresters Financial. Nuestro objetivo es educar y servir a la comunidad de Saint Cloud, Florida y en todo el estado de Florida.<\/p>\n\n\n\n<h3 class=\"wp-block-heading\">Insurance Pro tiene contrato con las principales compa\u00f1\u00edas de seguros del pa\u00eds.<\/h3>\n\n\n\n<p>Nuestras \u00e1reas de especializaci\u00f3n incluyen:<\/p>\n\n\n\n<ul class=\"wp-block-list\">\n<li><a href=\"https:\/\/insuranceprofl.com\/es\/medicare\/\" target=\"_blank\" rel=\"noopener\">Medicare \u2013 Planes Advantage y Suplementarios<\/a><\/li>\n\n\n\n<li><a href=\"https:\/\/insuranceprofl.com\/es\/seguro-de-salud-y-obamacare\/\" target=\"_blank\" rel=\"noopener\">Obamare \u2013 (ACA) Reforma de Salud<\/a><\/li>\n\n\n\n<li><a href=\"https:\/\/insuranceprofl.com\/es\/seguro-de-vida\/\" target=\"_blank\" rel=\"noopener\">Seguro de vida<\/a><\/li>\n\n\n\n<li><a href=\"https:\/\/insuranceprofl.com\/es\/gastos-funebres\/\" target=\"_blank\" rel=\"noopener\">Gastos finales<\/a><\/li>\n\n\n\n<li><a href=\"https:\/\/insuranceprofl.com\/es\/seguro-de-salud-y-obamacare\/\" target=\"_blank\" rel=\"noopener\">Seguro de salud<\/a><\/li>\n\n\n\n<li><a href=\"https:\/\/insuranceprofl.com\/es\/planes-de-seguro-dental\/\" target=\"_blank\" rel=\"noopener\">Seguro dental<\/a><\/li>\n<\/ul>\n\n\n\n<p>Prometemos brindarle una opini\u00f3n imparcial sobre sus alternativas de seguro. Lea tambi\u00e9n: <a href=\"https:\/\/insuranceprofl.com\/es\/blog\/las-razones-mas-comunes-para-comprar-un-seguro-de-vida-en-orlando-fl\/\" target=\"_blank\" rel=\"noopener\"> Razones m\u00e1s comunes para comprar un seguro de vida en Orlando, FL <\/a><\/p>\n\n\n\n<h2 class=\"wp-block-heading\">Otros condados y ciudades que cubrimos en la regi\u00f3n de Florida central:<\/h2>\n\n\n\n<div class=\"container\">\n<div class=\"row\">\n<div class=\"col-lg-6 col-md-6 colsm-12 col-xs-12\">\n<h3>Osceola County<\/h3>\n<ul class=\"featured-list-circle col-1\">\n<li><a href=\"https:\/\/insuranceprofl.com\/es\/ciudades-en-las-que-atendemos\/celebration\/\" target=\"_blank\" rel=\"noopener\">Celebration<\/a><\/li>\n<li>Intercession City<\/li>\n<li>Kenansville<\/li>\n<li><a href=\"https:\/\/insuranceprofl.com\/es\/ciudades-en-las-que-atendemos\/kissimmee\/\" target=\"_blank\" rel=\"noopener\">Kissimmee<\/a><\/li>\n<li><a href=\"https:\/\/insuranceprofl.com\/es\/ciudades-en-las-que-atendemos\/poinciana\/\" target=\"_blank\" rel=\"noopener\">Poinciana<\/a><\/li>\n<li>Saint Cloud<\/li>\n<\/ul>\n<h3>Orange County<\/h3>\n<ul class=\"featured-list-circle col-1\">\n<li>Apopka<\/li>\n<li>Christmas<\/li>\n<li>Clarcona<\/li>\n<li>Gotha<\/li>\n<li>Killarney<\/li>\n<li>Maitland<\/li>\n<li>Oakland<\/li>\n<li>Ocoee<\/li>\n<li><a href=\"https:\/\/insuranceprofl.com\/es\/ciudades-en-las-que-atendemos\/orlando\/\" target=\"_blank\" rel=\"noopener\">Orlando<\/a><\/li>\n<li>Plymouth<\/li>\n<li>Tangerine<\/li>\n<li>Windermere<\/li>\n<li>Winter Garden<\/li>\n<li><a href=\"https:\/\/insuranceprofl.com\/es\/ciudades-en-las-que-atendemos\/winter-park\/\" target=\"_blank\" rel=\"noopener\">Winter Park<\/a><\/li>\n<li>Zellwood<\/li>\n<\/ul>\n<\/div>\n<div class=\"col-lg-6 col-md-6 colsm-12 col-xs-12\">\n<h3>Seminole County<\/h3>\n<ul class=\"featured-list-circle col-1\">\n<li>Altamonte Springs<\/li>\n<li>Casselberry<\/li>\n<li>Geneva<\/li>\n<li>Goldenrod<\/li>\n<li>Lake Mary<\/li>\n<li>Lake Monroe<\/li>\n<li>Longwood<\/li>\n<li>Oviedo<\/li>\n<li>Sanford<\/li>\n<li>Winter Springs<\/li>\n<\/ul>\n<h3>Polk County<\/h3>\n<ul class=\"featured-list-circle col-1\">\n<li>City of Auburndale<\/li>\n<li>City of Bartow<\/li>\n<li>City of Davenport<\/li>\n<li>Town of Dundee<\/li>\n<li>City of Eagle Lake<\/li>\n<li>City of Fort Meade<\/li>\n<li>City of Frostproof<\/li>\n<li>City of Haines City<\/li>\n<li>Village of Highland Park<\/li>\n<li>Town of Hillcrest Heights<\/li>\n<li>City of Lake Alfred<\/li>\n<li>Town of Lake Hamilton<\/li>\n<li>City of Lakeland<\/li>\n<li>City of Lake Wales<\/li>\n<li>City of Mulberry<\/li>\n<li>City of Polk City<\/li>\n<li>City of Winter Haven<\/li>\n<\/ul>\n<\/div>\n<\/div>\n<\/div>\n\n\n\n<h4 class=\"wp-block-heading\">Deje que los expertos en seguros le ayuden.<\/h4>\n\n\n\n<p><a class=\"button\" href=\"https:\/\/insuranceprofl.com\/es\/contactenos\/\">Cont\u00e1ctenos<\/a><\/p>\n\n\n\n<p><style>\n\th3{<br \/>\n\t\tcolor: #005cc5;<br \/>\n\t}<br \/>\n<\/style><\/p>\n\n\n\n<h2 class=\"wp-block-heading\">La oficina principal de Insurance Pro se encuentra en:<\/h2>\n\n\n\n<p>1112 N. John Young Pkwy<br>Kissimmee, FL<br>34741<br>(<a href=\"https:\/\/goo.gl\/maps\/tWFUDAjTVkpnrUA1A\" target=\"_blank\" rel=\"noopener\">View map<\/a>)<\/p>\n\n\n\n<p><iframe loading=\"lazy\" style=\"border: 0;\" src=\"https:\/\/www.google.com\/maps\/embed?pb=!1m18!1m12!1m3!1d3512.8564079278135!2d-81.4195328844764!3d28.302673582549104!2m3!1f0!2f0!3f0!3m2!1i1024!2i768!4f13.1!3m3!1m2!1s0x88dd8583ff856477%3A0x83a18129dcb9e487!2sInsurance%20Pro!5e0!3m2!1sen!2sus!4v1622561816236!5m2!1sen!2sus\" width=\"800\" height=\"600\" allowfullscreen=\"allowfullscreen\"><\/iframe><\/p>\n","protected":false},"excerpt":{"rendered":"<p>Nuestros agentes de seguro en Saint Cloud brindan servicios de seguros para todos los residentes que viven en Saint Cloud, Florida. Estamos dedicados a brindarles a nuestros clientes en Florida la mejor cobertura a tarifas competitivas. La mayor\u00eda de los estadounidenses investigando o comprando un seguro de vida en l\u00ednea indic\u00f3 que su m\u00e9todo preferido&#8230; <a class=\"more-link\" href=\"https:\/\/insuranceprofl.com\/es\/ciudades-en-las-que-atendemos\/saint-cloud\/\">[Read More]<\/a><\/p>\n","protected":false},"author":3,"featured_media":0,"parent":546,"menu_order":0,"comment_status":"closed","ping_status":"closed","template":"","meta":{"_acf_changed":false,"inline_featured_image":false,"_uag_custom_page_level_css":"","_genesis_hide_title":false,"_genesis_hide_breadcrumbs":false,"_genesis_hide_singular_image":false,"_genesis_hide_footer_widgets":false,"_genesis_custom_body_class":"","_genesis_custom_post_class":"","_genesis_layout":"","footnotes":""},"class_list":{"0":"post-857","1":"page","2":"type-page","3":"status-publish","5":"entry"},"acf":[],"yoast_head":"<!-- This site is optimized with the Yoast SEO plugin v26.0 - https:\/\/yoast.com\/wordpress\/plugins\/seo\/ -->\n<title>Servicios de Seguros para todos los residentes de Saint Cloud<\/title>\n<meta name=\"description\" content=\"Nuestros agentes de seguro en Saint Cloud brindan servicios de seguros para todos los residentes que viven en Saint Cloud, Florida.\" \/>\n<meta name=\"robots\" content=\"index, follow, max-snippet:-1, max-image-preview:large, max-video-preview:-1\" \/>\n<link rel=\"canonical\" href=\"https:\/\/insuranceprofl.com\/es\/ciudades-en-las-que-atendemos\/saint-cloud\/\" \/>\n<meta property=\"og:locale\" content=\"es_MX\" \/>\n<meta property=\"og:type\" content=\"article\" \/>\n<meta property=\"og:title\" content=\"Servicios de Seguros para todos los residentes de Saint Cloud\" \/>\n<meta property=\"og:description\" content=\"Nuestros agentes de seguro en Saint Cloud brindan servicios de seguros para todos los residentes que viven en Saint Cloud, Florida.\" \/>\n<meta property=\"og:url\" content=\"https:\/\/insuranceprofl.com\/es\/ciudades-en-las-que-atendemos\/saint-cloud\/\" \/>\n<meta property=\"og:site_name\" content=\"Insurance Pro Fl Espa\u00f1ol\" \/>\n<meta property=\"article:modified_time\" content=\"2024-02-07T16:51:35+00:00\" \/>\n<meta property=\"og:image\" content=\"https:\/\/insuranceprofl.com\/es\/wp-content\/uploads\/sites\/2\/2021\/03\/Lugares-que-atendemos-scaled.jpg\" \/>\n<meta name=\"twitter:card\" content=\"summary_large_image\" \/>\n<meta name=\"twitter:label1\" content=\"Est. reading time\" \/>\n\t<meta name=\"twitter:data1\" content=\"2 minutes\" \/>\n<script type=\"application\/ld+json\" class=\"yoast-schema-graph\">{\"@context\":\"https:\/\/schema.org\",\"@graph\":[{\"@type\":\"WebPage\",\"@id\":\"https:\/\/insuranceprofl.com\/es\/ciudades-en-las-que-atendemos\/saint-cloud\/\",\"url\":\"https:\/\/insuranceprofl.com\/es\/ciudades-en-las-que-atendemos\/saint-cloud\/\",\"name\":\"Servicios de Seguros para todos los residentes de Saint Cloud\",\"isPartOf\":{\"@id\":\"https:\/\/insuranceprofl.com\/es\/#website\"},\"primaryImageOfPage\":{\"@id\":\"https:\/\/insuranceprofl.com\/es\/ciudades-en-las-que-atendemos\/saint-cloud\/#primaryimage\"},\"image\":{\"@id\":\"https:\/\/insuranceprofl.com\/es\/ciudades-en-las-que-atendemos\/saint-cloud\/#primaryimage\"},\"thumbnailUrl\":\"https:\/\/insuranceprofl.com\/es\/wp-content\/uploads\/sites\/2\/2021\/03\/Lugares-que-atendemos-scaled.jpg\",\"datePublished\":\"2021-12-30T21:31:17+00:00\",\"dateModified\":\"2024-02-07T16:51:35+00:00\",\"description\":\"Nuestros agentes de seguro en Saint Cloud brindan servicios de seguros para todos los residentes que viven en Saint Cloud, Florida.\",\"breadcrumb\":{\"@id\":\"https:\/\/insuranceprofl.com\/es\/ciudades-en-las-que-atendemos\/saint-cloud\/#breadcrumb\"},\"inLanguage\":\"es-MX\",\"potentialAction\":[{\"@type\":\"ReadAction\",\"target\":[\"https:\/\/insuranceprofl.com\/es\/ciudades-en-las-que-atendemos\/saint-cloud\/\"]}]},{\"@type\":\"ImageObject\",\"inLanguage\":\"es-MX\",\"@id\":\"https:\/\/insuranceprofl.com\/es\/ciudades-en-las-que-atendemos\/saint-cloud\/#primaryimage\",\"url\":\"https:\/\/insuranceprofl.com\/es\/wp-content\/uploads\/sites\/2\/2021\/03\/Lugares-que-atendemos-scaled.jpg\",\"contentUrl\":\"https:\/\/insuranceprofl.com\/es\/wp-content\/uploads\/sites\/2\/2021\/03\/Lugares-que-atendemos-scaled.jpg\",\"width\":2560,\"height\":1422},{\"@type\":\"BreadcrumbList\",\"@id\":\"https:\/\/insuranceprofl.com\/es\/ciudades-en-las-que-atendemos\/saint-cloud\/#breadcrumb\",\"itemListElement\":[{\"@type\":\"ListItem\",\"position\":1,\"name\":\"Inicio\",\"item\":\"https:\/\/insuranceprofl.com\/es\/\"},{\"@type\":\"ListItem\",\"position\":2,\"name\":\"Ciudades en las que atendemos\",\"item\":\"https:\/\/insuranceprofl.com\/es\/ciudades-en-las-que-atendemos\/\"},{\"@type\":\"ListItem\",\"position\":3,\"name\":\"Saint Cloud\"}]},{\"@type\":\"WebSite\",\"@id\":\"https:\/\/insuranceprofl.com\/es\/#website\",\"url\":\"https:\/\/insuranceprofl.com\/es\/\",\"name\":\"Insurance Pro Fl Espa\u00f1ol\",\"description\":\"Health &amp; Life Insurance For Central Florida\",\"potentialAction\":[{\"@type\":\"SearchAction\",\"target\":{\"@type\":\"EntryPoint\",\"urlTemplate\":\"https:\/\/insuranceprofl.com\/es\/?s={search_term_string}\"},\"query-input\":{\"@type\":\"PropertyValueSpecification\",\"valueRequired\":true,\"valueName\":\"search_term_string\"}}],\"inLanguage\":\"es-MX\"}]}<\/script>\n<!-- \/ Yoast SEO plugin. -->","yoast_head_json":{"title":"Servicios de Seguros para todos los residentes de Saint Cloud","description":"Nuestros agentes de seguro en Saint Cloud brindan servicios de seguros para todos los residentes que viven en Saint Cloud, Florida.","robots":{"index":"index","follow":"follow","max-snippet":"max-snippet:-1","max-image-preview":"max-image-preview:large","max-video-preview":"max-video-preview:-1"},"canonical":"https:\/\/insuranceprofl.com\/es\/ciudades-en-las-que-atendemos\/saint-cloud\/","og_locale":"es_MX","og_type":"article","og_title":"Servicios de Seguros para todos los residentes de Saint Cloud","og_description":"Nuestros agentes de seguro en Saint Cloud brindan servicios de seguros para todos los residentes que viven en Saint Cloud, Florida.","og_url":"https:\/\/insuranceprofl.com\/es\/ciudades-en-las-que-atendemos\/saint-cloud\/","og_site_name":"Insurance Pro Fl Espa\u00f1ol","article_modified_time":"2024-02-07T16:51:35+00:00","og_image":[{"url":"https:\/\/insuranceprofl.com\/es\/wp-content\/uploads\/sites\/2\/2021\/03\/Lugares-que-atendemos-scaled.jpg","type":"","width":"","height":""}],"twitter_card":"summary_large_image","twitter_misc":{"Est. reading time":"2 minutes"},"schema":{"@context":"https:\/\/schema.org","@graph":[{"@type":"WebPage","@id":"https:\/\/insuranceprofl.com\/es\/ciudades-en-las-que-atendemos\/saint-cloud\/","url":"https:\/\/insuranceprofl.com\/es\/ciudades-en-las-que-atendemos\/saint-cloud\/","name":"Servicios de Seguros para todos los residentes de Saint Cloud","isPartOf":{"@id":"https:\/\/insuranceprofl.com\/es\/#website"},"primaryImageOfPage":{"@id":"https:\/\/insuranceprofl.com\/es\/ciudades-en-las-que-atendemos\/saint-cloud\/#primaryimage"},"image":{"@id":"https:\/\/insuranceprofl.com\/es\/ciudades-en-las-que-atendemos\/saint-cloud\/#primaryimage"},"thumbnailUrl":"https:\/\/insuranceprofl.com\/es\/wp-content\/uploads\/sites\/2\/2021\/03\/Lugares-que-atendemos-scaled.jpg","datePublished":"2021-12-30T21:31:17+00:00","dateModified":"2024-02-07T16:51:35+00:00","description":"Nuestros agentes de seguro en Saint Cloud brindan servicios de seguros para todos los residentes que viven en Saint Cloud, Florida.","breadcrumb":{"@id":"https:\/\/insuranceprofl.com\/es\/ciudades-en-las-que-atendemos\/saint-cloud\/#breadcrumb"},"inLanguage":"es-MX","potentialAction":[{"@type":"ReadAction","target":["https:\/\/insuranceprofl.com\/es\/ciudades-en-las-que-atendemos\/saint-cloud\/"]}]},{"@type":"ImageObject","inLanguage":"es-MX","@id":"https:\/\/insuranceprofl.com\/es\/ciudades-en-las-que-atendemos\/saint-cloud\/#primaryimage","url":"https:\/\/insuranceprofl.com\/es\/wp-content\/uploads\/sites\/2\/2021\/03\/Lugares-que-atendemos-scaled.jpg","contentUrl":"https:\/\/insuranceprofl.com\/es\/wp-content\/uploads\/sites\/2\/2021\/03\/Lugares-que-atendemos-scaled.jpg","width":2560,"height":1422},{"@type":"BreadcrumbList","@id":"https:\/\/insuranceprofl.com\/es\/ciudades-en-las-que-atendemos\/saint-cloud\/#breadcrumb","itemListElement":[{"@type":"ListItem","position":1,"name":"Inicio","item":"https:\/\/insuranceprofl.com\/es\/"},{"@type":"ListItem","position":2,"name":"Ciudades en las que atendemos","item":"https:\/\/insuranceprofl.com\/es\/ciudades-en-las-que-atendemos\/"},{"@type":"ListItem","position":3,"name":"Saint Cloud"}]},{"@type":"WebSite","@id":"https:\/\/insuranceprofl.com\/es\/#website","url":"https:\/\/insuranceprofl.com\/es\/","name":"Insurance Pro Fl Espa\u00f1ol","description":"Health &amp; Life Insurance For Central Florida","potentialAction":[{"@type":"SearchAction","target":{"@type":"EntryPoint","urlTemplate":"https:\/\/insuranceprofl.com\/es\/?s={search_term_string}"},"query-input":{"@type":"PropertyValueSpecification","valueRequired":true,"valueName":"search_term_string"}}],"inLanguage":"es-MX"}]}},"uagb_featured_image_src":{"full":false,"thumbnail":false,"medium":false,"medium_large":false,"large":false,"1536x1536":false,"2048x2048":false,"gform-image-choice-sm":false,"gform-image-choice-md":false,"gform-image-choice-lg":false},"uagb_author_info":{"display_name":"support","author_link":"https:\/\/insuranceprofl.com\/es\/author\/support\/"},"uagb_comment_info":0,"uagb_excerpt":"Nuestros agentes de seguro en Saint Cloud brindan servicios de seguros para todos los residentes que viven en Saint Cloud, Florida. Estamos dedicados a brindarles a nuestros clientes en Florida la mejor cobertura a tarifas competitivas. La mayor\u00eda de los estadounidenses investigando o comprando un seguro de vida en l\u00ednea indic\u00f3 que su m\u00e9todo preferido...&hellip;","_links":{"self":[{"href":"https:\/\/insuranceprofl.com\/es\/wp-json\/wp\/v2\/pages\/857","targetHints":{"allow":["GET"]}}],"collection":[{"href":"https:\/\/insuranceprofl.com\/es\/wp-json\/wp\/v2\/pages"}],"about":[{"href":"https:\/\/insuranceprofl.com\/es\/wp-json\/wp\/v2\/types\/page"}],"author":[{"embeddable":true,"href":"https:\/\/insuranceprofl.com\/es\/wp-json\/wp\/v2\/users\/3"}],"replies":[{"embeddable":true,"href":"https:\/\/insuranceprofl.com\/es\/wp-json\/wp\/v2\/comments?post=857"}],"version-history":[{"count":0,"href":"https:\/\/insuranceprofl.com\/es\/wp-json\/wp\/v2\/pages\/857\/revisions"}],"up":[{"embeddable":true,"href":"https:\/\/insuranceprofl.com\/es\/wp-json\/wp\/v2\/pages\/546"}],"wp:attachment":[{"href":"https:\/\/insuranceprofl.com\/es\/wp-json\/wp\/v2\/media?parent=857"}],"curies":[{"name":"wp","href":"https:\/\/api.w.org\/{rel}","templated":true}]}}