{"id":868,"date":"2022-02-14T15:17:22","date_gmt":"2022-02-14T20:17:22","guid":{"rendered":"https:\/\/insuranceprofl.com\/es\/?page_id=868"},"modified":"2024-02-07T11:57:10","modified_gmt":"2024-02-07T16:57:10","slug":"winter-park","status":"publish","type":"page","link":"https:\/\/insuranceprofl.com\/es\/ciudades-en-las-que-atendemos\/winter-park\/","title":{"rendered":"Insurance Pro atiende a los residentes de Winter Park"},"content":{"rendered":"<h2>Nuestros agentes de seguro en Winter Park brindan servicios de seguros para todos los residentes que viven en Winter Park, Florida.<\/h2>\n<p><img decoding=\"async\" class=\"alignright size-medium featured-image-50\" src=\"https:\/\/insuranceprofl.com\/es\/wp-content\/uploads\/sites\/2\/2021\/03\/Lugares-que-atendemos-scaled.jpg\" alt=\"insurance pro\" width=\"600\">Cuando busque agentes de <strong> seguros de vida en Winter Park<\/strong>, no busque m\u00e1s all\u00e1 de Insurance Pro. En <a href=\"https:\/\/insuranceprofl.com\/es\/acerca-de-nosotros\/\" rel=\"noopener\" target=\"_blank\">Insurance Pro<\/a>, nos enorgullecemos de tratar a nuestros clientes como una familia con honestidad e integridad, porque somos una agencia de seguros independiente y familiar que ha brindado a los residentes de Florida una cobertura completa y asequible durante d\u00e9cadas..<\/p>\n<p>Insurance Pro ha sido distinguida con el &#8220;<strong> Premio al Mejor Productor 2020 <\/strong>&#8221; de Ambetter Health, Oscar Health, Bright Health y Foresters Financial. Nuestro objetivo es educar y servir a la comunidad de Winter Park, Florida y en todo el estado de Florida. Nuestro objetivo es educar y servir a la comunidad de Winter Park, Florida y en todo el estado de Florida. Para obtener m\u00e1s informaci\u00f3n sobre nuestros servicios de seguros de Winter Park, ll\u00e1menos hoy al <a href=\"tel:14078477000\" onclick=\"sendEventToGoogle('Content', '\/es\/wp-json\/wp\/v2\/pages\/868', '+14078477000');\">407.847.7000<\/a>.<\/p>\n<h3>Insurance Pro tiene contrato con las principales compa\u00f1\u00edas de seguros del pa\u00eds.<\/h3>\n<p>Nuestras \u00e1reas de especializaci\u00f3n incluyen:<\/p>\n<ul>\n<li><a href=\"https:\/\/insuranceprofl.com\/es\/medicare\/\" rel=\"noopener\" target=\"_blank\">Medicare \u2013 Planes Advantage y Suplementarios<\/a> <\/li>\n<li><a href=\"https:\/\/insuranceprofl.com\/es\/seguro-de-salud-y-obamacare\/\" rel=\"noopener\" target=\"_blank\">Obamare \u2013 (ACA) Reforma de Salud<\/a><\/li>\n<li><a href=\"https:\/\/insuranceprofl.com\/es\/seguro-de-vida\/\" rel=\"noopener\" target=\"_blank\">Seguro de vida<\/a><\/li>\n<li><a href=\"https:\/\/insuranceprofl.com\/es\/gastos-funebres\/\" rel=\"noopener\" target=\"_blank\">Gastos finales<\/a><\/li>\n<li><a href=\"https:\/\/insuranceprofl.com\/es\/seguro-de-salud-y-obamacare\/\" rel=\"noopener\" target=\"_blank\">Seguro de salud<\/a><\/li>\n<li><a href=\"https:\/\/insuranceprofl.com\/es\/planes-de-seguro-dental\/\" rel=\"noopener\" target=\"_blank\">Seguro dental<\/a><\/li>\n<\/ul>\n<p>Prometemos brindarle una opini\u00f3n imparcial sobre sus alternativas de seguro. Lea tambi\u00e9n: <a href=\"https:\/\/insuranceprofl.com\/es\/blog\/las-razones-mas-comunes-para-comprar-un-seguro-de-vida-en-orlando-fl\/\" rel=\"noopener\" target=\"_blank\"> Razones m\u00e1s comunes para comprar un seguro de vida en Orlando, FL <\/a><\/p>\n<h2>Otros condados y ciudades que cubrimos en la regi\u00f3n de Florida central:<\/h2>\n<div class=\"container\">\n<div class=\"row\">\n<div class=\"col-lg-6 col-md-6 colsm-12 col-xs-12\">\n<h3>Osceola County<\/h3>\n<ul class=\"featured-list-circle col-1\">\n<li><a href=\"https:\/\/insuranceprofl.com\/es\/ciudades-en-las-que-atendemos\/celebration\/\" rel=\"noopener\" target=\"_blank\">Celebration<\/a><\/li>\n<li>Intercession City<\/li>\n<li>Kenansville<\/li>\n<li><a href=\"https:\/\/insuranceprofl.com\/es\/ciudades-en-las-que-atendemos\/kissimmee\/\" rel=\"noopener\" target=\"_blank\">Kissimmee<\/a><\/li>\n<li><a href=\"https:\/\/insuranceprofl.com\/es\/ciudades-en-las-que-atendemos\/poinciana\/\" rel=\"noopener\" target=\"_blank\">Poinciana<\/a><\/li>\n<li><a href=\"https:\/\/insuranceprofl.com\/es\/ciudades-en-las-que-atendemos\/saint-cloud\/\" rel=\"noopener\" target=\"_blank\">Saint Cloud<\/a><\/li>\n<\/ul>\n<h3>Orange County<\/h3>\n<ul class=\"featured-list-circle col-1\">\n<li>Apopka<\/li>\n<li>Christmas<\/li>\n<li>Clarcona<\/li>\n<li>Gotha<\/li>\n<li>Killarney<\/li>\n<li>Maitland<\/li>\n<li>Oakland<\/li>\n<li>Ocoee<\/li>\n<li><a href=\"https:\/\/insuranceprofl.com\/es\/ciudades-en-las-que-atendemos\/orlando\/\" rel=\"noopener\" target=\"_blank\">Orlando<\/a><\/li>\n<li>Plymouth<\/li>\n<li>Tangerine<\/li>\n<li>Windermere<\/li>\n<li>Winter Garden<\/li>\n<li>Winter Park<\/li>\n<li>Zellwood<\/li>\n<\/ul><\/div>\n<div class=\"col-lg-6 col-md-6 colsm-12 col-xs-12\">\n<h3>Seminole County<\/h3>\n<ul class=\"featured-list-circle col-1\">\n<li>Altamonte Springs<\/li>\n<li>Casselberry<\/li>\n<li>Geneva<\/li>\n<li>Goldenrod<\/li>\n<li>Lake Mary<\/li>\n<li>Lake Monroe<\/li>\n<li>Longwood<\/li>\n<li>Oviedo<\/li>\n<li>Sanford<\/li>\n<li>Winter Springs<\/li>\n<\/ul>\n<h3>Polk County<\/h3>\n<ul class=\"featured-list-circle col-1\">\n<li>City of Auburndale<\/li>\n<li>City of Bartow<\/li>\n<li>City of Davenport<\/li>\n<li>Town of Dundee<\/li>\n<li>City of Eagle Lake<\/li>\n<li>City of Fort Meade<\/li>\n<li>City of Frostproof<\/li>\n<li>City of Haines City<\/li>\n<li>Village of Highland Park<\/li>\n<li>Town of Hillcrest Heights<\/li>\n<li>City of Lake Alfred<\/li>\n<li>Town of Lake Hamilton<\/li>\n<li>City of Lakeland<\/li>\n<li>City of Lake Wales<\/li>\n<li>City of Mulberry<\/li>\n<li>City of Polk City<\/li>\n<li>City of Winter Haven<\/li>\n<\/ul><\/div>\n<\/p><\/div>\n<\/div>\n<h4>Deje que los expertos en seguros le ayuden.<\/h4>\n<p><a href=\"https:\/\/insuranceprofl.com\/es\/contactenos\/\" class=\"button\">Cont\u00e1ctenos<\/a><\/p>\n<style>    \n\th3{\n\t\tcolor: #005cc5;\n\t}\n<\/style>\n<h2>La oficina principal de Insurance Pro se encuentra en:<\/h2>\n<p>1112 N. John Young Pkwy<br \/>\nKissimmee, FL<br \/>\n34741<br \/>\n(<a href=\"https:\/\/goo.gl\/maps\/tWFUDAjTVkpnrUA1A\" rel=\"noopener\" target=\"_blank\">View map<\/a>)<\/p>\n<p><iframe src=\"https:\/\/www.google.com\/maps\/embed?pb=!1m18!1m12!1m3!1d3512.8564079278135!2d-81.4195328844764!3d28.302673582549104!2m3!1f0!2f0!3f0!3m2!1i1024!2i768!4f13.1!3m3!1m2!1s0x88dd8583ff856477%3A0x83a18129dcb9e487!2sInsurance%20Pro!5e0!3m2!1sen!2sus!4v1622561816236!5m2!1sen!2sus\" width=\"800\" height=\"600\" style=\"border:0;\" allowfullscreen=\"\" loading=\"lazy\"><\/iframe><\/p>\n","protected":false},"excerpt":{"rendered":"<p>Nuestros agentes de seguro en Winter Park brindan servicios de seguros para todos los residentes que viven en Winter Park, Florida. Cuando busque agentes de seguros de vida en Winter Park, no busque m\u00e1s all\u00e1 de Insurance Pro. En Insurance Pro, nos enorgullecemos de tratar a nuestros clientes como una familia con honestidad e integridad,&#8230; <a class=\"more-link\" href=\"https:\/\/insuranceprofl.com\/es\/ciudades-en-las-que-atendemos\/winter-park\/\">[Read More]<\/a><\/p>\n","protected":false},"author":3,"featured_media":0,"parent":546,"menu_order":0,"comment_status":"closed","ping_status":"closed","template":"","meta":{"_acf_changed":false,"inline_featured_image":false,"_uag_custom_page_level_css":"","_genesis_hide_title":false,"_genesis_hide_breadcrumbs":false,"_genesis_hide_singular_image":false,"_genesis_hide_footer_widgets":false,"_genesis_custom_body_class":"","_genesis_custom_post_class":"","_genesis_layout":"","footnotes":""},"class_list":{"0":"post-868","1":"page","2":"type-page","3":"status-publish","5":"entry"},"acf":[],"yoast_head":"<!-- This site is optimized with the Yoast SEO plugin v27.6 - https:\/\/yoast.com\/product\/yoast-seo-wordpress\/ -->\n<title>Insurance Pro atiende a los residentes de Winter Park - Insurance Pro Fl Espa\u00f1ol<\/title>\n<meta name=\"description\" content=\"Nuestros agentes de seguro en Winter Park brindan servicios de seguros para todos los residentes que viven en Winter Park, Florida. Cuando busque agentes\" \/>\n<meta name=\"robots\" content=\"index, follow, max-snippet:-1, max-image-preview:large, max-video-preview:-1\" \/>\n<link rel=\"canonical\" href=\"https:\/\/insuranceprofl.com\/es\/ciudades-en-las-que-atendemos\/winter-park\/\" \/>\n<meta property=\"og:locale\" content=\"es_MX\" \/>\n<meta property=\"og:type\" content=\"article\" \/>\n<meta property=\"og:title\" content=\"Insurance Pro atiende a los residentes de Winter Park - Insurance Pro Fl Espa\u00f1ol\" \/>\n<meta property=\"og:description\" content=\"Nuestros agentes de seguro en Winter Park brindan servicios de seguros para todos los residentes que viven en Winter Park, Florida. Cuando busque agentes\" \/>\n<meta property=\"og:url\" content=\"https:\/\/insuranceprofl.com\/es\/ciudades-en-las-que-atendemos\/winter-park\/\" \/>\n<meta property=\"og:site_name\" content=\"Insurance Pro Fl Espa\u00f1ol\" \/>\n<meta property=\"article:modified_time\" content=\"2024-02-07T16:57:10+00:00\" \/>\n<meta property=\"og:image\" content=\"https:\/\/insuranceprofl.com\/es\/wp-content\/uploads\/sites\/2\/2021\/03\/Lugares-que-atendemos-scaled.jpg\" \/>\n<meta name=\"twitter:card\" content=\"summary_large_image\" \/>\n<meta name=\"twitter:label1\" content=\"Est. reading time\" \/>\n\t<meta name=\"twitter:data1\" content=\"2 minutes\" \/>\n<script type=\"application\/ld+json\" class=\"yoast-schema-graph\">{\"@context\":\"https:\\\/\\\/schema.org\",\"@graph\":[{\"@type\":\"WebPage\",\"@id\":\"https:\\\/\\\/insuranceprofl.com\\\/es\\\/ciudades-en-las-que-atendemos\\\/winter-park\\\/\",\"url\":\"https:\\\/\\\/insuranceprofl.com\\\/es\\\/ciudades-en-las-que-atendemos\\\/winter-park\\\/\",\"name\":\"Insurance Pro atiende a los residentes de Winter Park - Insurance Pro Fl Espa\u00f1ol\",\"isPartOf\":{\"@id\":\"https:\\\/\\\/insuranceprofl.com\\\/es\\\/#website\"},\"primaryImageOfPage\":{\"@id\":\"https:\\\/\\\/insuranceprofl.com\\\/es\\\/ciudades-en-las-que-atendemos\\\/winter-park\\\/#primaryimage\"},\"image\":{\"@id\":\"https:\\\/\\\/insuranceprofl.com\\\/es\\\/ciudades-en-las-que-atendemos\\\/winter-park\\\/#primaryimage\"},\"thumbnailUrl\":\"https:\\\/\\\/insuranceprofl.com\\\/es\\\/wp-content\\\/uploads\\\/sites\\\/2\\\/2021\\\/03\\\/Lugares-que-atendemos-scaled.jpg\",\"datePublished\":\"2022-02-14T20:17:22+00:00\",\"dateModified\":\"2024-02-07T16:57:10+00:00\",\"description\":\"Nuestros agentes de seguro en Winter Park brindan servicios de seguros para todos los residentes que viven en Winter Park, Florida. Cuando busque agentes\",\"breadcrumb\":{\"@id\":\"https:\\\/\\\/insuranceprofl.com\\\/es\\\/ciudades-en-las-que-atendemos\\\/winter-park\\\/#breadcrumb\"},\"inLanguage\":\"es-MX\",\"potentialAction\":[{\"@type\":\"ReadAction\",\"target\":[\"https:\\\/\\\/insuranceprofl.com\\\/es\\\/ciudades-en-las-que-atendemos\\\/winter-park\\\/\"]}]},{\"@type\":\"ImageObject\",\"inLanguage\":\"es-MX\",\"@id\":\"https:\\\/\\\/insuranceprofl.com\\\/es\\\/ciudades-en-las-que-atendemos\\\/winter-park\\\/#primaryimage\",\"url\":\"https:\\\/\\\/insuranceprofl.com\\\/es\\\/wp-content\\\/uploads\\\/sites\\\/2\\\/2021\\\/03\\\/Lugares-que-atendemos-scaled.jpg\",\"contentUrl\":\"https:\\\/\\\/insuranceprofl.com\\\/es\\\/wp-content\\\/uploads\\\/sites\\\/2\\\/2021\\\/03\\\/Lugares-que-atendemos-scaled.jpg\",\"width\":2560,\"height\":1422},{\"@type\":\"BreadcrumbList\",\"@id\":\"https:\\\/\\\/insuranceprofl.com\\\/es\\\/ciudades-en-las-que-atendemos\\\/winter-park\\\/#breadcrumb\",\"itemListElement\":[{\"@type\":\"ListItem\",\"position\":1,\"name\":\"Inicio\",\"item\":\"https:\\\/\\\/insuranceprofl.com\\\/es\\\/\"},{\"@type\":\"ListItem\",\"position\":2,\"name\":\"Ciudades en las que atendemos\",\"item\":\"https:\\\/\\\/insuranceprofl.com\\\/es\\\/ciudades-en-las-que-atendemos\\\/\"},{\"@type\":\"ListItem\",\"position\":3,\"name\":\"Insurance Pro atiende a los residentes de Winter Park\"}]},{\"@type\":\"WebSite\",\"@id\":\"https:\\\/\\\/insuranceprofl.com\\\/es\\\/#website\",\"url\":\"https:\\\/\\\/insuranceprofl.com\\\/es\\\/\",\"name\":\"Insurance Pro Fl Espa\u00f1ol\",\"description\":\"Health &amp; Life Insurance For Central Florida\",\"potentialAction\":[{\"@type\":\"SearchAction\",\"target\":{\"@type\":\"EntryPoint\",\"urlTemplate\":\"https:\\\/\\\/insuranceprofl.com\\\/es\\\/?s={search_term_string}\"},\"query-input\":{\"@type\":\"PropertyValueSpecification\",\"valueRequired\":true,\"valueName\":\"search_term_string\"}}],\"inLanguage\":\"es-MX\"}]}<\/script>\n<!-- \/ Yoast SEO plugin. -->","yoast_head_json":{"title":"Insurance Pro atiende a los residentes de Winter Park - Insurance Pro Fl Espa\u00f1ol","description":"Nuestros agentes de seguro en Winter Park brindan servicios de seguros para todos los residentes que viven en Winter Park, Florida. Cuando busque agentes","robots":{"index":"index","follow":"follow","max-snippet":"max-snippet:-1","max-image-preview":"max-image-preview:large","max-video-preview":"max-video-preview:-1"},"canonical":"https:\/\/insuranceprofl.com\/es\/ciudades-en-las-que-atendemos\/winter-park\/","og_locale":"es_MX","og_type":"article","og_title":"Insurance Pro atiende a los residentes de Winter Park - Insurance Pro Fl Espa\u00f1ol","og_description":"Nuestros agentes de seguro en Winter Park brindan servicios de seguros para todos los residentes que viven en Winter Park, Florida. Cuando busque agentes","og_url":"https:\/\/insuranceprofl.com\/es\/ciudades-en-las-que-atendemos\/winter-park\/","og_site_name":"Insurance Pro Fl Espa\u00f1ol","article_modified_time":"2024-02-07T16:57:10+00:00","og_image":[{"url":"https:\/\/insuranceprofl.com\/es\/wp-content\/uploads\/sites\/2\/2021\/03\/Lugares-que-atendemos-scaled.jpg","type":"","width":"","height":""}],"twitter_card":"summary_large_image","twitter_misc":{"Est. reading time":"2 minutes"},"schema":{"@context":"https:\/\/schema.org","@graph":[{"@type":"WebPage","@id":"https:\/\/insuranceprofl.com\/es\/ciudades-en-las-que-atendemos\/winter-park\/","url":"https:\/\/insuranceprofl.com\/es\/ciudades-en-las-que-atendemos\/winter-park\/","name":"Insurance Pro atiende a los residentes de Winter Park - Insurance Pro Fl Espa\u00f1ol","isPartOf":{"@id":"https:\/\/insuranceprofl.com\/es\/#website"},"primaryImageOfPage":{"@id":"https:\/\/insuranceprofl.com\/es\/ciudades-en-las-que-atendemos\/winter-park\/#primaryimage"},"image":{"@id":"https:\/\/insuranceprofl.com\/es\/ciudades-en-las-que-atendemos\/winter-park\/#primaryimage"},"thumbnailUrl":"https:\/\/insuranceprofl.com\/es\/wp-content\/uploads\/sites\/2\/2021\/03\/Lugares-que-atendemos-scaled.jpg","datePublished":"2022-02-14T20:17:22+00:00","dateModified":"2024-02-07T16:57:10+00:00","description":"Nuestros agentes de seguro en Winter Park brindan servicios de seguros para todos los residentes que viven en Winter Park, Florida. Cuando busque agentes","breadcrumb":{"@id":"https:\/\/insuranceprofl.com\/es\/ciudades-en-las-que-atendemos\/winter-park\/#breadcrumb"},"inLanguage":"es-MX","potentialAction":[{"@type":"ReadAction","target":["https:\/\/insuranceprofl.com\/es\/ciudades-en-las-que-atendemos\/winter-park\/"]}]},{"@type":"ImageObject","inLanguage":"es-MX","@id":"https:\/\/insuranceprofl.com\/es\/ciudades-en-las-que-atendemos\/winter-park\/#primaryimage","url":"https:\/\/insuranceprofl.com\/es\/wp-content\/uploads\/sites\/2\/2021\/03\/Lugares-que-atendemos-scaled.jpg","contentUrl":"https:\/\/insuranceprofl.com\/es\/wp-content\/uploads\/sites\/2\/2021\/03\/Lugares-que-atendemos-scaled.jpg","width":2560,"height":1422},{"@type":"BreadcrumbList","@id":"https:\/\/insuranceprofl.com\/es\/ciudades-en-las-que-atendemos\/winter-park\/#breadcrumb","itemListElement":[{"@type":"ListItem","position":1,"name":"Inicio","item":"https:\/\/insuranceprofl.com\/es\/"},{"@type":"ListItem","position":2,"name":"Ciudades en las que atendemos","item":"https:\/\/insuranceprofl.com\/es\/ciudades-en-las-que-atendemos\/"},{"@type":"ListItem","position":3,"name":"Insurance Pro atiende a los residentes de Winter Park"}]},{"@type":"WebSite","@id":"https:\/\/insuranceprofl.com\/es\/#website","url":"https:\/\/insuranceprofl.com\/es\/","name":"Insurance Pro Fl Espa\u00f1ol","description":"Health &amp; Life Insurance For Central Florida","potentialAction":[{"@type":"SearchAction","target":{"@type":"EntryPoint","urlTemplate":"https:\/\/insuranceprofl.com\/es\/?s={search_term_string}"},"query-input":{"@type":"PropertyValueSpecification","valueRequired":true,"valueName":"search_term_string"}}],"inLanguage":"es-MX"}]}},"uagb_featured_image_src":{"full":false,"thumbnail":false,"medium":false,"medium_large":false,"large":false,"1536x1536":false,"2048x2048":false,"gform-image-choice-sm":false,"gform-image-choice-md":false,"gform-image-choice-lg":false},"uagb_author_info":{"display_name":"support","author_link":"https:\/\/insuranceprofl.com\/es\/author\/support\/"},"uagb_comment_info":0,"uagb_excerpt":"Nuestros agentes de seguro en Winter Park brindan servicios de seguros para todos los residentes que viven en Winter Park, Florida. Cuando busque agentes de seguros de vida en Winter Park, no busque m\u00e1s all\u00e1 de Insurance Pro. En Insurance Pro, nos enorgullecemos de tratar a nuestros clientes como una familia con honestidad e integridad,...&hellip;","_links":{"self":[{"href":"https:\/\/insuranceprofl.com\/es\/wp-json\/wp\/v2\/pages\/868","targetHints":{"allow":["GET"]}}],"collection":[{"href":"https:\/\/insuranceprofl.com\/es\/wp-json\/wp\/v2\/pages"}],"about":[{"href":"https:\/\/insuranceprofl.com\/es\/wp-json\/wp\/v2\/types\/page"}],"author":[{"embeddable":true,"href":"https:\/\/insuranceprofl.com\/es\/wp-json\/wp\/v2\/users\/3"}],"replies":[{"embeddable":true,"href":"https:\/\/insuranceprofl.com\/es\/wp-json\/wp\/v2\/comments?post=868"}],"version-history":[{"count":0,"href":"https:\/\/insuranceprofl.com\/es\/wp-json\/wp\/v2\/pages\/868\/revisions"}],"up":[{"embeddable":true,"href":"https:\/\/insuranceprofl.com\/es\/wp-json\/wp\/v2\/pages\/546"}],"wp:attachment":[{"href":"https:\/\/insuranceprofl.com\/es\/wp-json\/wp\/v2\/media?parent=868"}],"curies":[{"name":"wp","href":"https:\/\/api.w.org\/{rel}","templated":true}]}}