{"id":874,"date":"2022-04-12T09:41:05","date_gmt":"2022-04-12T14:41:05","guid":{"rendered":"https:\/\/insuranceprofl.com\/es\/?page_id=874"},"modified":"2024-02-07T11:35:36","modified_gmt":"2024-02-07T16:35:36","slug":"apopka","status":"publish","type":"page","link":"https:\/\/insuranceprofl.com\/es\/ciudades-en-las-que-atendemos\/apopka\/","title":{"rendered":"Insurance Pro atiende a los residentes de Apopka"},"content":{"rendered":"\n<h2 class=\"wp-block-heading\">Insurance Pro no es la t\u00edpica agencia de seguros independiente en Apopka, FL<\/h2>\n\n\n\n<p>Nuestros especialistas en seguros en Apopka, FL brindan servicios de seguros para todos los residentes de Apopka.<\/p>\n\n\n<div class=\"wp-block-image\">\n<figure class=\"alignright is-resized\"><img decoding=\"async\" src=\"\/es\/wp-content\/uploads\/sites\/2\/2022\/04\/Locations_we_serve_2.png\" alt=\"insurance pro\" style=\"width:580px\"\/><\/figure>\n<\/div>\n\n\n<p>Cuando busque agentes de <strong>seguros de vida en Apopka<\/strong>, no busque m\u00e1s all\u00e1 de Insurance Pro.<\/p>\n\n\n\n<p>En <a href=\"\/es\/acerca-de-nosotros\/\" target=\"_blank\" rel=\"noopener\">Insurance Pro<\/a>, sabemos m\u00e1s que solo seguros. Sabemos de familia, honestidad e integridad.<\/p>\n\n\n\n<p>Insurance Pro ha sido distinguido con el \u201c<strong>Premio al Mejor Productor 2020<\/strong>\u201d por Ambetter Health, Oscar Health, Bright Health y Foresters Financial. Nuestro objetivo es educar y servir a la comunidad de Winter Park, Florida y en todo el estado de Florida. Para obtener m\u00e1s informaci\u00f3n sobre nuestros servicios de seguros de Apopka, ll\u00e1menos hoy al <a href=\"tel:14078477000\" onclick=\"sendEventToGoogle('Content', '\/es\/wp-json\/wp\/v2\/pages\/874', '+14078477000');\">407.847.7000<\/a>.<\/p>\n\n\n\n<p>Somos una compa\u00f1\u00eda de seguros independiente de propiedad familiar que ha brindado a los floridanos centrales una cobertura integral asequible durante d\u00e9cadas.<\/p>\n\n\n\n<p>Lea tambi\u00e9n: <a href=\"https:\/\/insuranceprofl.com\/blog\/what-percentage-of-american-adults-have-life-insurance\/\" target=\"_blank\" rel=\"noopener\">\u00bfQu\u00e9 porcentaje de adultos estadounidenses tienen seguro de vida?<\/a><\/p>\n\n\n\n<h3 class=\"wp-block-heading\">Insurance Pro tiene contrato con las principales compa\u00f1\u00edas de seguros del pa\u00eds.<\/h3>\n\n\n\n<p>Nuestras \u00e1reas de especializaci\u00f3n incluyen:<\/p>\n\n\n\n<ul class=\"wp-block-list\">\n<li><a href=\"https:\/\/insuranceprofl.com\/es\/medicare\/\" target=\"_blank\" rel=\"noopener\">Ventaja y suplementos de Medicare<\/a><\/li>\n\n\n\n<li><a href=\"https:\/\/insuranceprofl.com\/es\/seguro-de-salud-y-obamacare\/\" target=\"_blank\" rel=\"noopener\">Obamacare \u2013 Ley del Cuidado de Salud a Bajo Precio (ACA)<\/a><\/li>\n\n\n\n<li><a href=\"https:\/\/insuranceprofl.com\/es\/seguro-de-vida\/\" target=\"_blank\" rel=\"noopener\">Seguro de vida<\/a><\/li>\n\n\n\n<li><a href=\"https:\/\/insuranceprofl.com\/es\/gastos-funebres\/\" target=\"_blank\" rel=\"noopener\">Gastos Finales<\/a><\/li>\n\n\n\n<li><a href=\"https:\/\/insuranceprofl.com\/health-insurance\/\" target=\"_blank\" rel=\"noopener\">Seguro de salud<\/a><\/li>\n\n\n\n<li><a href=\"https:\/\/insuranceprofl.com\/es\/seguro-de-vida\/\" target=\"_blank\" rel=\"noopener\">Seguro de vida<\/a><\/li>\n\n\n\n<li><a href=\"https:\/\/insuranceprofl.com\/es\/planes-de-seguro-dental\/\" target=\"_blank\" rel=\"noopener\">Seguro dental<\/a><\/li>\n<\/ul>\n\n\n\n<p>Prometemos brindarle una opini\u00f3n imparcial de sus alternativas de seguro. Lea tambi\u00e9n: <a href=\"https:\/\/insuranceprofl.com\/es\/blog\/las-razones-mas-comunes-para-comprar-un-seguro-de-vida-en-orlando-fl\/\" target=\"_blank\" rel=\"noopener\">Razones m\u00e1s comunes para comprar un seguro de vida en Orlando, FL<\/a><\/p>\n\n\n\n<h2 class=\"wp-block-heading\">Otros condados y ciudades que cubrimos en la regi\u00f3n de Florida Central:<\/h2>\n\n\n\n<div class=\"container\">\n<div class=\"row\">\n<div class=\"col-lg-6 col-md-6 colsm-12 col-xs-12\">\n<h3>Osceola County<\/h3>\n<ul class=\"featured-list-circle col-1\">\n<li><a href=\"https:\/\/insuranceprofl.com\/es\/ciudades-en-las-que-atendemos\/celebration\/\" target=\"_blank\" rel=\"noopener\">Celebration<\/a><\/li>\n<li>Intercession City<\/li>\n<li>Kenansville<\/li>\n<li><a href=\"https:\/\/insuranceprofl.com\/es\/ciudades-en-las-que-atendemos\/kissimmee\/\" target=\"_blank\" rel=\"noopener\">Kissimmee<\/a><\/li>\n<li><a href=\"https:\/\/insuranceprofl.com\/es\/ciudades-en-las-que-atendemos\/poinciana\/\" target=\"_blank\" rel=\"noopener\">Poinciana<\/a><\/li>\n<li><a href=\"https:\/\/insuranceprofl.com\/areas-we-serve-in-florida\/saint-cloud\/\" target=\"_blank\" rel=\"noopener\">Saint Cloud<\/a><\/li>\n<\/ul>\n<h3>Orange County<\/h3>\n<ul class=\"featured-list-circle col-1\">\n<li>Apopka<\/li>\n<li>Christmas<\/li>\n<li>Clarcona<\/li>\n<li>Gotha<\/li>\n<li>Killarney<\/li>\n<li>Maitland<\/li>\n<li>Oakland<\/li>\n<li>Ocoee<\/li>\n<li><a href=\"https:\/\/insuranceprofl.com\/es\/ciudades-en-las-que-atendemos\/orlando\/\" target=\"_blank\" rel=\"noopener\">Orlando<\/a><\/li>\n<li>Plymouth<\/li>\n<li>Tangerine<\/li>\n<li>Windermere<\/li>\n<li>Winter Garden<\/li>\n<li><a href=\"https:\/\/insuranceprofl.com\/es\/ciudades-en-las-que-atendemos\/winter-park\/\" target=\"_blank\" rel=\"noopener\">Winter Park<\/a><\/li>\n<li>Zellwood<\/li>\n<\/ul>\n<\/div>\n<div class=\"col-lg-6 col-md-6 colsm-12 col-xs-12\">\n<h3>Seminole County<\/h3>\n<ul class=\"featured-list-circle col-1\">\n<li>Altamonte Springs<\/li>\n<li>Casselberry<\/li>\n<li>Geneva<\/li>\n<li>Goldenrod<\/li>\n<li>Lake Mary<\/li>\n<li>Lake Monroe<\/li>\n<li>Longwood<\/li>\n<li>Oviedo<\/li>\n<li>Sanford<\/li>\n<li>Winter Springs<\/li>\n<\/ul>\n<h3>Polk County<\/h3>\n<ul class=\"featured-list-circle col-1\">\n<li>City of Auburndale<\/li>\n<li>City of Bartow<\/li>\n<li>City of Davenport<\/li>\n<li>Town of Dundee<\/li>\n<li>City of Eagle Lake<\/li>\n<li>City of Fort Meade<\/li>\n<li>City of Frostproof<\/li>\n<li>City of Haines City<\/li>\n<li>Village of Highland Park<\/li>\n<li>Town of Hillcrest Heights<\/li>\n<li>City of Lake Alfred<\/li>\n<li>Town of Lake Hamilton<\/li>\n<li>City of Lakeland<\/li>\n<li>City of Lake Wales<\/li>\n<li>City of Mulberry<\/li>\n<li>City of Polk City<\/li>\n<li>City of Winter Haven<\/li>\n<\/ul>\n<\/div>\n<\/div>\n<\/div>\n\n\n\n<h4 class=\"wp-block-heading\">Deje que los expertos en seguros profesionales lo ayuden.<\/h4>\n\n\n\n<p><a class=\"button\" href=\"\/es\/contactenos\/\">Contacta con nosotros<\/a><\/p>\n\n\n\n<p><style>\n\th3{<br \/>\n\t\tcolor: #005cc5;<br \/>\n\t}<br \/>\n<\/style><\/p>\n\n\n\n<h2 class=\"wp-block-heading\">La sede de Insurance Pro est\u00e1 ubicada en:<\/h2>\n\n\n\n<p>1112 N. John Young Pkwy<br>Kissimmee, FL<br>34741<br>(<a href=\"https:\/\/goo.gl\/maps\/tWFUDAjTVkpnrUA1A\" target=\"_blank\" rel=\"noopener\">Ver el mapa<\/a>)<\/p>\n\n\n\n<p><iframe loading=\"lazy\" style=\"border: 0;\" src=\"https:\/\/www.google.com\/maps\/embed?pb=!1m18!1m12!1m3!1d3512.8564079278135!2d-81.4195328844764!3d28.302673582549104!2m3!1f0!2f0!3f0!3m2!1i1024!2i768!4f13.1!3m3!1m2!1s0x88dd8583ff856477%3A0x83a18129dcb9e487!2sInsurance%20Pro!5e0!3m2!1sen!2sus!4v1622561816236!5m2!1sen!2sus\" width=\"800\" height=\"600\" allowfullscreen=\"allowfullscreen\"><\/iframe><\/p>\n","protected":false},"excerpt":{"rendered":"<p>Insurance Pro no es la t\u00edpica agencia de seguros independiente en Apopka, FL Nuestros especialistas en seguros en Apopka, FL brindan servicios de seguros para todos los residentes de Apopka. Cuando busque agentes de seguros de vida en Apopka, no busque m\u00e1s all\u00e1 de Insurance Pro. En Insurance Pro, sabemos m\u00e1s que solo seguros. Sabemos&#8230; <a class=\"more-link\" href=\"https:\/\/insuranceprofl.com\/es\/ciudades-en-las-que-atendemos\/apopka\/\">[Read More]<\/a><\/p>\n","protected":false},"author":3,"featured_media":0,"parent":546,"menu_order":0,"comment_status":"closed","ping_status":"closed","template":"","meta":{"_acf_changed":false,"inline_featured_image":false,"_uag_custom_page_level_css":"","_genesis_hide_title":false,"_genesis_hide_breadcrumbs":false,"_genesis_hide_singular_image":false,"_genesis_hide_footer_widgets":false,"_genesis_custom_body_class":"","_genesis_custom_post_class":"","_genesis_layout":"","footnotes":""},"class_list":{"0":"post-874","1":"page","2":"type-page","3":"status-publish","5":"entry","6":"has-post-thumbnail"},"acf":[],"yoast_head":"<!-- This site is optimized with the Yoast SEO plugin v27.5 - https:\/\/yoast.com\/product\/yoast-seo-wordpress\/ -->\n<title>Insurance Pro atiende a los residentes de Apopka - Insurance Pro Florida<\/title>\n<meta name=\"description\" content=\"Insurance Pro no es la t\u00edpica agencia de seguros independiente en Apopka, FL. Nuestros especialistas en seguros en Apopka, FL brindan seguros...\" \/>\n<meta name=\"robots\" content=\"index, follow, max-snippet:-1, max-image-preview:large, max-video-preview:-1\" \/>\n<link rel=\"canonical\" href=\"https:\/\/insuranceprofl.com\/es\/ciudades-en-las-que-atendemos\/apopka\/\" \/>\n<meta property=\"og:locale\" content=\"es_MX\" \/>\n<meta property=\"og:type\" content=\"article\" \/>\n<meta property=\"og:title\" content=\"Insurance Pro atiende a los residentes de Apopka - Insurance Pro Florida\" \/>\n<meta property=\"og:description\" content=\"Insurance Pro no es la t\u00edpica agencia de seguros independiente en Apopka, FL. Nuestros especialistas en seguros en Apopka, FL brindan seguros...\" \/>\n<meta property=\"og:url\" content=\"https:\/\/insuranceprofl.com\/es\/ciudades-en-las-que-atendemos\/apopka\/\" \/>\n<meta property=\"og:site_name\" content=\"Insurance Pro Fl Espa\u00f1ol\" \/>\n<meta property=\"article:modified_time\" content=\"2024-02-07T16:35:36+00:00\" \/>\n<meta name=\"twitter:card\" content=\"summary_large_image\" \/>\n<meta name=\"twitter:label1\" content=\"Est. reading time\" \/>\n\t<meta name=\"twitter:data1\" content=\"2 minutes\" \/>\n<script type=\"application\/ld+json\" class=\"yoast-schema-graph\">{\"@context\":\"https:\\\/\\\/schema.org\",\"@graph\":[{\"@type\":\"WebPage\",\"@id\":\"https:\\\/\\\/insuranceprofl.com\\\/es\\\/ciudades-en-las-que-atendemos\\\/apopka\\\/\",\"url\":\"https:\\\/\\\/insuranceprofl.com\\\/es\\\/ciudades-en-las-que-atendemos\\\/apopka\\\/\",\"name\":\"Insurance Pro atiende a los residentes de Apopka - Insurance Pro Florida\",\"isPartOf\":{\"@id\":\"https:\\\/\\\/insuranceprofl.com\\\/es\\\/#website\"},\"datePublished\":\"2022-04-12T14:41:05+00:00\",\"dateModified\":\"2024-02-07T16:35:36+00:00\",\"description\":\"Insurance Pro no es la t\u00edpica agencia de seguros independiente en Apopka, FL. Nuestros especialistas en seguros en Apopka, FL brindan seguros...\",\"breadcrumb\":{\"@id\":\"https:\\\/\\\/insuranceprofl.com\\\/es\\\/ciudades-en-las-que-atendemos\\\/apopka\\\/#breadcrumb\"},\"inLanguage\":\"es-MX\",\"potentialAction\":[{\"@type\":\"ReadAction\",\"target\":[\"https:\\\/\\\/insuranceprofl.com\\\/es\\\/ciudades-en-las-que-atendemos\\\/apopka\\\/\"]}]},{\"@type\":\"BreadcrumbList\",\"@id\":\"https:\\\/\\\/insuranceprofl.com\\\/es\\\/ciudades-en-las-que-atendemos\\\/apopka\\\/#breadcrumb\",\"itemListElement\":[{\"@type\":\"ListItem\",\"position\":1,\"name\":\"Inicio\",\"item\":\"https:\\\/\\\/insuranceprofl.com\\\/es\\\/\"},{\"@type\":\"ListItem\",\"position\":2,\"name\":\"Ciudades en las que atendemos\",\"item\":\"https:\\\/\\\/insuranceprofl.com\\\/es\\\/ciudades-en-las-que-atendemos\\\/\"},{\"@type\":\"ListItem\",\"position\":3,\"name\":\"Insurance Pro atiende a los residentes de Apopka\"}]},{\"@type\":\"WebSite\",\"@id\":\"https:\\\/\\\/insuranceprofl.com\\\/es\\\/#website\",\"url\":\"https:\\\/\\\/insuranceprofl.com\\\/es\\\/\",\"name\":\"Insurance Pro Fl Espa\u00f1ol\",\"description\":\"Health &amp; Life Insurance For Central Florida\",\"potentialAction\":[{\"@type\":\"SearchAction\",\"target\":{\"@type\":\"EntryPoint\",\"urlTemplate\":\"https:\\\/\\\/insuranceprofl.com\\\/es\\\/?s={search_term_string}\"},\"query-input\":{\"@type\":\"PropertyValueSpecification\",\"valueRequired\":true,\"valueName\":\"search_term_string\"}}],\"inLanguage\":\"es-MX\"}]}<\/script>\n<!-- \/ Yoast SEO plugin. -->","yoast_head_json":{"title":"Insurance Pro atiende a los residentes de Apopka - Insurance Pro Florida","description":"Insurance Pro no es la t\u00edpica agencia de seguros independiente en Apopka, FL. Nuestros especialistas en seguros en Apopka, FL brindan seguros...","robots":{"index":"index","follow":"follow","max-snippet":"max-snippet:-1","max-image-preview":"max-image-preview:large","max-video-preview":"max-video-preview:-1"},"canonical":"https:\/\/insuranceprofl.com\/es\/ciudades-en-las-que-atendemos\/apopka\/","og_locale":"es_MX","og_type":"article","og_title":"Insurance Pro atiende a los residentes de Apopka - Insurance Pro Florida","og_description":"Insurance Pro no es la t\u00edpica agencia de seguros independiente en Apopka, FL. Nuestros especialistas en seguros en Apopka, FL brindan seguros...","og_url":"https:\/\/insuranceprofl.com\/es\/ciudades-en-las-que-atendemos\/apopka\/","og_site_name":"Insurance Pro Fl Espa\u00f1ol","article_modified_time":"2024-02-07T16:35:36+00:00","twitter_card":"summary_large_image","twitter_misc":{"Est. reading time":"2 minutes"},"schema":{"@context":"https:\/\/schema.org","@graph":[{"@type":"WebPage","@id":"https:\/\/insuranceprofl.com\/es\/ciudades-en-las-que-atendemos\/apopka\/","url":"https:\/\/insuranceprofl.com\/es\/ciudades-en-las-que-atendemos\/apopka\/","name":"Insurance Pro atiende a los residentes de Apopka - Insurance Pro Florida","isPartOf":{"@id":"https:\/\/insuranceprofl.com\/es\/#website"},"datePublished":"2022-04-12T14:41:05+00:00","dateModified":"2024-02-07T16:35:36+00:00","description":"Insurance Pro no es la t\u00edpica agencia de seguros independiente en Apopka, FL. Nuestros especialistas en seguros en Apopka, FL brindan seguros...","breadcrumb":{"@id":"https:\/\/insuranceprofl.com\/es\/ciudades-en-las-que-atendemos\/apopka\/#breadcrumb"},"inLanguage":"es-MX","potentialAction":[{"@type":"ReadAction","target":["https:\/\/insuranceprofl.com\/es\/ciudades-en-las-que-atendemos\/apopka\/"]}]},{"@type":"BreadcrumbList","@id":"https:\/\/insuranceprofl.com\/es\/ciudades-en-las-que-atendemos\/apopka\/#breadcrumb","itemListElement":[{"@type":"ListItem","position":1,"name":"Inicio","item":"https:\/\/insuranceprofl.com\/es\/"},{"@type":"ListItem","position":2,"name":"Ciudades en las que atendemos","item":"https:\/\/insuranceprofl.com\/es\/ciudades-en-las-que-atendemos\/"},{"@type":"ListItem","position":3,"name":"Insurance Pro atiende a los residentes de Apopka"}]},{"@type":"WebSite","@id":"https:\/\/insuranceprofl.com\/es\/#website","url":"https:\/\/insuranceprofl.com\/es\/","name":"Insurance Pro Fl Espa\u00f1ol","description":"Health &amp; Life Insurance For Central Florida","potentialAction":[{"@type":"SearchAction","target":{"@type":"EntryPoint","urlTemplate":"https:\/\/insuranceprofl.com\/es\/?s={search_term_string}"},"query-input":{"@type":"PropertyValueSpecification","valueRequired":true,"valueName":"search_term_string"}}],"inLanguage":"es-MX"}]}},"uagb_featured_image_src":{"full":false,"thumbnail":false,"medium":false,"medium_large":false,"large":false,"1536x1536":false,"2048x2048":false,"gform-image-choice-sm":false,"gform-image-choice-md":false,"gform-image-choice-lg":false},"uagb_author_info":{"display_name":"support","author_link":"https:\/\/insuranceprofl.com\/es\/author\/support\/"},"uagb_comment_info":0,"uagb_excerpt":"Insurance Pro no es la t\u00edpica agencia de seguros independiente en Apopka, FL Nuestros especialistas en seguros en Apopka, FL brindan servicios de seguros para todos los residentes de Apopka. Cuando busque agentes de seguros de vida en Apopka, no busque m\u00e1s all\u00e1 de Insurance Pro. En Insurance Pro, sabemos m\u00e1s que solo seguros. Sabemos...&hellip;","_links":{"self":[{"href":"https:\/\/insuranceprofl.com\/es\/wp-json\/wp\/v2\/pages\/874","targetHints":{"allow":["GET"]}}],"collection":[{"href":"https:\/\/insuranceprofl.com\/es\/wp-json\/wp\/v2\/pages"}],"about":[{"href":"https:\/\/insuranceprofl.com\/es\/wp-json\/wp\/v2\/types\/page"}],"author":[{"embeddable":true,"href":"https:\/\/insuranceprofl.com\/es\/wp-json\/wp\/v2\/users\/3"}],"replies":[{"embeddable":true,"href":"https:\/\/insuranceprofl.com\/es\/wp-json\/wp\/v2\/comments?post=874"}],"version-history":[{"count":0,"href":"https:\/\/insuranceprofl.com\/es\/wp-json\/wp\/v2\/pages\/874\/revisions"}],"up":[{"embeddable":true,"href":"https:\/\/insuranceprofl.com\/es\/wp-json\/wp\/v2\/pages\/546"}],"wp:attachment":[{"href":"https:\/\/insuranceprofl.com\/es\/wp-json\/wp\/v2\/media?parent=874"}],"curies":[{"name":"wp","href":"https:\/\/api.w.org\/{rel}","templated":true}]}}